{"id":12788,"date":"2023-04-02T20:57:51","date_gmt":"2023-04-02T18:57:51","guid":{"rendered":"https:\/\/www.welandstal.se\/gelaendere-2\/"},"modified":"2025-02-24T10:40:47","modified_gmt":"2025-02-24T09:40:47","slug":"gelaendere","status":"publish","type":"page","link":"https:\/\/www.welandstal.se\/da\/produkter\/gelaendere\/","title":{"rendered":"Gel\u00e6ndere"},"content":{"rendered":"<!DOCTYPE html>\n<html><meta http-equiv=\"Content-Type\" content=\"text\/html; charset=utf-8\"><div id=\"module-0\" class=\"braavos-module braavos-module-weland_breadcrumbs braavos-module-0 module-spacing-none\"><div class=\"braavos-module-inner\">\n<div class=\"braavos-breadcrumbs\">\n\t<nav aria-label=\"breadcrumbs\" class=\"rank-math-breadcrumb\"><p id=\"breadcrumbs\"><span class=\"last\">Hjem<\/span><\/p><\/nav><\/div>\n\n<\/div><\/div><div id=\"module-1\" class=\"braavos-module braavos-module-hero braavos-module-1 module-theme-light module-width-full content-position-left module-spacing-default\"><div class=\"braavos-module-inner\">\n\n<div class=\"braavos-background\">\n\n\t<img loading=\"lazy\" decoding=\"async\" width=\"1024\" height=\"485\" src=\"https:\/\/www.welandstal.se\/content\/uploads\/2023\/04\/be00004377_small-1024x485.jpg\" class=\"braavos-background__image braavos-image wide responsive\" alt=\"\" style=\"object-position:50% 50%\" sizes=\"auto, (min-width: px) 100vw, 100vw\" srcset=\"https:\/\/www.welandstal.se\/content\/uploads\/2023\/04\/be00004377_small-1024x485.jpg 1024w, https:\/\/www.welandstal.se\/content\/uploads\/2023\/04\/be00004377_small-300x142.jpg 300w, https:\/\/www.welandstal.se\/content\/uploads\/2023\/04\/be00004377_small-768x364.jpg 768w, https:\/\/www.welandstal.se\/content\/uploads\/2023\/04\/be00004377_small-1536x728.jpg 1536w, https:\/\/www.welandstal.se\/content\/uploads\/2023\/04\/be00004377_small-600x284.jpg 600w, https:\/\/www.welandstal.se\/content\/uploads\/2023\/04\/be00004377_small.jpg 2000w\">\n<\/div>\n\n\n\n<div class=\"braavos-foreground\">\n\n\t<div class=\"braavos-foreground__content\"><h1 class=\"h3 braavos-heading braavos-hero_heading\">Gel\u00e6ndere<\/h1><div class=\"braavos-hero_body-text\"><p>Vi designer og udvikler vores gel\u00e6ndere med tydeligt fokus p\u00e5 markedets krav, behov og \u00f8nsker, og vi g\u00e5r aldrig p\u00e5 kompromis med vores h\u00f8je kvalitetst\u00e6nkning. Vores gel\u00e6ndere kan placeres i mange forskellige omgivelser, fra industri til offentlige milj\u00f8er og det meste derimellem.<\/p>\n<\/div><\/div>\n<\/div>\n\n<\/div><\/div><div id=\"module-2\" class=\"braavos-module braavos-module-columns braavos-module-2 module-layout-grid item-layout-card columns-3 module-spacing-none\"><div class=\"braavos-module-inner\">\n\n<div class=\"braavos-posts\">\n\n\t\n\t\t\t\t\t\n\t\t\t\n\t\t\t\t\t\t<article class=\"braavos-post\">\n\n\t\t\t\t\t<a href=\"https:\/\/www.welandstal.se\/da\/produkter\/gelaendere\/universalgelaender-industri\/\" title=\"L\u00e6s mere\" target=\"\"><img loading=\"lazy\" decoding=\"async\" width=\"1024\" height=\"682\" src=\"https:\/\/www.welandstal.se\/content\/uploads\/2023\/05\/be00003397-1-1024x682.jpg\" class=\"braavos-image braavos-post__image\" alt=\"\" style=\"object-position:50% 50%\" sizes=\"auto, (min-width: 768px) 33.333333333333vw, (min-width: px) 0px, 50vw\" srcset=\"https:\/\/www.welandstal.se\/content\/uploads\/2023\/05\/be00003397-1-1024x682.jpg 1024w, https:\/\/www.welandstal.se\/content\/uploads\/2023\/05\/be00003397-1-300x200.jpg 300w, https:\/\/www.welandstal.se\/content\/uploads\/2023\/05\/be00003397-1-768x512.jpg 768w, https:\/\/www.welandstal.se\/content\/uploads\/2023\/05\/be00003397-1-1536x1024.jpg 1536w, https:\/\/www.welandstal.se\/content\/uploads\/2023\/05\/be00003397-1-600x400.jpg 600w, https:\/\/www.welandstal.se\/content\/uploads\/2023\/05\/be00003397-1.jpg 2000w\"><\/a><h3 class=\"braavos-post__title\">Universalgel\u00e6nder industri<\/h3><a href=\"https:\/\/www.welandstal.se\/da\/produkter\/gelaendere\/universalgelaender-industri\/\" class=\"braavos-post__link\" title=\"L\u00e6s mere\" target=\"\">L\u00e6s mere<\/a>\n\t\t\t<\/article>\n\n\t\t\t\n\t\t\t\t\t\n\t\t\t\n\t\t\t\t\t\t<article class=\"braavos-post\">\n\n\t\t\t\t\t<a href=\"https:\/\/www.welandstal.se\/da\/produkter\/gelaendere\/universalgelaender-tremme\/\" title=\"L\u00e6s mere\" target=\"\"><img loading=\"lazy\" decoding=\"async\" width=\"1024\" height=\"768\" src=\"https:\/\/www.welandstal.se\/content\/uploads\/2023\/05\/aw00002256-1024x768.jpg\" class=\"braavos-image braavos-post__image\" alt=\"\" style=\"object-position:50% 50%\" sizes=\"auto, (min-width: 768px) 33.333333333333vw, (min-width: px) 0px, 50vw\" srcset=\"https:\/\/www.welandstal.se\/content\/uploads\/2023\/05\/aw00002256-1024x768.jpg 1024w, https:\/\/www.welandstal.se\/content\/uploads\/2023\/05\/aw00002256-300x225.jpg 300w, https:\/\/www.welandstal.se\/content\/uploads\/2023\/05\/aw00002256-768x576.jpg 768w, https:\/\/www.welandstal.se\/content\/uploads\/2023\/05\/aw00002256-1536x1152.jpg 1536w, https:\/\/www.welandstal.se\/content\/uploads\/2023\/05\/aw00002256-600x450.jpg 600w, https:\/\/www.welandstal.se\/content\/uploads\/2023\/05\/aw00002256.jpg 2000w\"><\/a><h3 class=\"braavos-post__title\">Universalgel\u00e6nder tremme<\/h3><a href=\"https:\/\/www.welandstal.se\/da\/produkter\/gelaendere\/universalgelaender-tremme\/\" class=\"braavos-post__link\" title=\"L\u00e6s mere\" target=\"\">L\u00e6s mere<\/a>\n\t\t\t<\/article>\n\n\t\t\t\n\t\t\t\t\t\n\t\t\t\n\t\t\t\t\t\t<article class=\"braavos-post\">\n\n\t\t\t\t\t<a href=\"https:\/\/www.welandstal.se\/da\/produkter\/gelaendere\/weflex\/\" title=\"L\u00e6s mere\" target=\"\"><img loading=\"lazy\" decoding=\"async\" width=\"1024\" height=\"682\" src=\"https:\/\/www.welandstal.se\/content\/uploads\/2023\/05\/be00003289-1024x682.jpg\" class=\"braavos-image braavos-post__image\" alt=\"\" style=\"object-position:50% 50%\" sizes=\"auto, (min-width: 768px) 33.333333333333vw, (min-width: px) 0px, 50vw\" srcset=\"https:\/\/www.welandstal.se\/content\/uploads\/2023\/05\/be00003289-1024x682.jpg 1024w, https:\/\/www.welandstal.se\/content\/uploads\/2023\/05\/be00003289-300x200.jpg 300w, https:\/\/www.welandstal.se\/content\/uploads\/2023\/05\/be00003289-768x512.jpg 768w, https:\/\/www.welandstal.se\/content\/uploads\/2023\/05\/be00003289-1536x1024.jpg 1536w, https:\/\/www.welandstal.se\/content\/uploads\/2023\/05\/be00003289-600x400.jpg 600w, https:\/\/www.welandstal.se\/content\/uploads\/2023\/05\/be00003289.jpg 2000w\"><\/a><h3 class=\"braavos-post__title\">Weflex-gel\u00e6nder<\/h3><a href=\"https:\/\/www.welandstal.se\/da\/produkter\/gelaendere\/weflex\/\" class=\"braavos-post__link\" title=\"L\u00e6s mere\" target=\"\">L\u00e6s mere<\/a>\n\t\t\t<\/article>\n\n\t\t\t\n\t\t\n\t\n<\/div>\n\n<\/div><\/div><div id=\"module-3\" class=\"braavos-module braavos-module-wysiwyg braavos-module-3 module-theme-none module-spacing-none\"><div class=\"braavos-module-inner\">\n<div class=\"braavos-content\">\n\t<p>P\u00e5 Weland St\u00e5l lagerf\u00f8rer vi to forskellige typer af gel\u00e6ndere. Vores Universalgel\u00e6nder er et modulgel\u00e6nder, som giver dig store muligheder for fleksibilitet. Det fremstilles i seks forskellige lagerf\u00f8rte standardl\u00e6ngder, som med 100 mm interval kan kombineres med valgfrie l\u00e6ngder. Det betyder mange kombinationsmuligheder og desuden hurtig levering til dig.<\/p>\n<p>V\u00e6lger du i stedet vores Weflex-gel\u00e6nder f\u00e5r du et gel\u00e6nder, som passer perfekt til tydelig afsk\u00e6rmning mellem forskellige omr\u00e5der eller niveauer inden for blandt andet industrien. Forskellen fra Universalgel\u00e6nderet er, at Weflex danner et kontinuerligt, uafbrudt gel\u00e6nder i den l\u00e6ngde og den udf\u00f8relse, som du \u00f8nsker. Weflex-gel\u00e6nderet leveres i l\u00f8se dele, s\u00e5 du kan bygge dit gel\u00e6nder p\u00e5 stedet. Alle dele er p\u00e5 lager, s\u00e5 du hurtigt og nemt kan f\u00e5 dem leveret til dig.<\/p>\n<p>Vores EU-gel\u00e6nder fungerer perfekt for dig, som vil forhindre fald langs en tagkant, flugtveje eller en arbejdsetage. Vi har ogs\u00e5 lavere beskyttelsesgel\u00e6ndere, som mindsker risici for gennemtr\u00e6dning rundt om tagluger, vinduer, brandventilation og ovenlysvinduer. Du finder disse under produkter og tagsikkerhed.<\/p>\n<\/div>\n<\/div><\/div><\/html>\n","protected":false},"excerpt":{"rendered":"<p>Hjem Gel\u00e6ndereVi designer og udvikler vores gel\u00e6ndere med tydeligt fokus p\u00e5 markedets krav, behov og \u00f8nsker, og vi g\u00e5r aldrig [&hellip;]<\/p>\n","protected":false},"author":3,"featured_media":16895,"parent":12806,"menu_order":0,"comment_status":"closed","ping_status":"closed","template":"modules-page.php","meta":{"_acf_changed":false,"footnotes":""},"class_list":["post-12788","page","type-page","status-publish","has-post-thumbnail","hentry"],"acf":[],"_links":{"self":[{"href":"https:\/\/www.welandstal.se\/da\/wp-json\/wp\/v2\/pages\/12788","targetHints":{"allow":["GET"]}}],"collection":[{"href":"https:\/\/www.welandstal.se\/da\/wp-json\/wp\/v2\/pages"}],"about":[{"href":"https:\/\/www.welandstal.se\/da\/wp-json\/wp\/v2\/types\/page"}],"author":[{"embeddable":true,"href":"https:\/\/www.welandstal.se\/da\/wp-json\/wp\/v2\/users\/3"}],"replies":[{"embeddable":true,"href":"https:\/\/www.welandstal.se\/da\/wp-json\/wp\/v2\/comments?post=12788"}],"version-history":[{"count":7,"href":"https:\/\/www.welandstal.se\/da\/wp-json\/wp\/v2\/pages\/12788\/revisions"}],"predecessor-version":[{"id":21123,"href":"https:\/\/www.welandstal.se\/da\/wp-json\/wp\/v2\/pages\/12788\/revisions\/21123"}],"up":[{"embeddable":true,"href":"https:\/\/www.welandstal.se\/da\/wp-json\/wp\/v2\/pages\/12806"}],"wp:featuredmedia":[{"embeddable":true,"href":"https:\/\/www.welandstal.se\/da\/wp-json\/wp\/v2\/media\/16895"}],"wp:attachment":[{"href":"https:\/\/www.welandstal.se\/da\/wp-json\/wp\/v2\/media?parent=12788"}],"curies":[{"name":"wp","href":"https:\/\/api.w.org\/{rel}","templated":true}]}}