{"id":12790,"date":"2023-04-02T20:55:24","date_gmt":"2023-04-02T18:55:24","guid":{"rendered":"https:\/\/www.welandstal.se\/tagsikkerhed\/"},"modified":"2024-08-13T12:02:33","modified_gmt":"2024-08-13T10:02:33","slug":"tagsikkerhed","status":"publish","type":"page","link":"https:\/\/www.welandstal.se\/da\/produkter\/tagsikkerhed\/","title":{"rendered":"Tagsikkerhed"},"content":{"rendered":"<!DOCTYPE html>\n<html><meta http-equiv=\"Content-Type\" content=\"text\/html; charset=utf-8\"><div id=\"module-0\" class=\"braavos-module braavos-module-weland_breadcrumbs braavos-module-0 module-spacing-none\"><div class=\"braavos-module-inner\">\n<div class=\"braavos-breadcrumbs\">\n\t<nav aria-label=\"breadcrumbs\" class=\"rank-math-breadcrumb\"><p id=\"breadcrumbs\"><span class=\"last\">Hjem<\/span><\/p><\/nav><\/div>\n\n<\/div><\/div><div id=\"module-1\" class=\"braavos-module braavos-module-hero braavos-module-1 module-theme-light module-width-full content-position-left module-spacing-default\"><div class=\"braavos-module-inner\">\n\n<div class=\"braavos-background\">\n\n\t<img loading=\"lazy\" decoding=\"async\" width=\"1024\" height=\"480\" src=\"https:\/\/www.welandstal.se\/content\/uploads\/2023\/04\/be00003335-wide-1-1024x480.jpg\" class=\"braavos-background__image braavos-image wide responsive\" alt=\"\" style=\"object-position:50% 50%\" sizes=\"auto, (min-width: px) 100vw, 100vw\" srcset=\"https:\/\/www.welandstal.se\/content\/uploads\/2023\/04\/be00003335-wide-1-1024x480.jpg 1024w, https:\/\/www.welandstal.se\/content\/uploads\/2023\/04\/be00003335-wide-1-300x141.jpg 300w, https:\/\/www.welandstal.se\/content\/uploads\/2023\/04\/be00003335-wide-1-768x360.jpg 768w, https:\/\/www.welandstal.se\/content\/uploads\/2023\/04\/be00003335-wide-1-1536x720.jpg 1536w, https:\/\/www.welandstal.se\/content\/uploads\/2023\/04\/be00003335-wide-1-2048x960.jpg 2048w, https:\/\/www.welandstal.se\/content\/uploads\/2023\/04\/be00003335-wide-1-600x281.jpg 600w\">\n<\/div>\n\n\n\n<div class=\"braavos-foreground\">\n\n\t<div class=\"braavos-foreground__content\"><h1 class=\"h3 braavos-heading braavos-hero_heading\">Tagsikkerhed<\/h1><div class=\"braavos-hero_body-text\"><p>Weland St\u00e5l er en af Sveriges st\u00f8rste leverand\u00f8rer af tagsikkerhedsprodukter. Vi har garanteret en l\u00f8sning, som passer til dine behov.<\/p>\n<\/div><\/div>\n<\/div>\n\n<\/div><\/div><div id=\"module-2\" class=\"braavos-module braavos-module-posts_page braavos-module-2 module-layout-grid item-layout-banner columns-4 module-spacing-default\"><div class=\"braavos-module-inner\">\n\n\t\t<div class=\"braavos-posts\">\n\n\t\t\n\t\t\t\t\t\t\t\n\t\t\t\t\n\t\t\t\t\t\t\t\t\n\t\t\t\t<article class=\"braavos-post post-4468\">\t\t\t\t\n\t\t\t\t<a href=\"https:\/\/www.welandstal.se\/produkter\/taksakerhet\/snorasskydd\/\" title=\"Sn\u00f6rasskydd\"><img loading=\"lazy\" decoding=\"async\" width=\"1024\" height=\"410\" src=\"https:\/\/www.welandstal.se\/content\/uploads\/2024\/10\/snorasskydd-2000x800-be00002253-1024x410.jpg\" class=\"braavos-image braavos-post__image\" alt=\"\" sizes=\"auto, (min-width: 768px) 100vw, (min-width: px) 0px, 50vw\" srcset=\"https:\/\/www.welandstal.se\/content\/uploads\/2024\/10\/snorasskydd-2000x800-be00002253-1024x410.jpg 1024w, https:\/\/www.welandstal.se\/content\/uploads\/2024\/10\/snorasskydd-2000x800-be00002253-300x120.jpg 300w, https:\/\/www.welandstal.se\/content\/uploads\/2024\/10\/snorasskydd-2000x800-be00002253-768x307.jpg 768w, https:\/\/www.welandstal.se\/content\/uploads\/2024\/10\/snorasskydd-2000x800-be00002253-1536x614.jpg 1536w, https:\/\/www.welandstal.se\/content\/uploads\/2024\/10\/snorasskydd-2000x800-be00002253-600x240.jpg 600w, https:\/\/www.welandstal.se\/content\/uploads\/2024\/10\/snorasskydd-2000x800-be00002253.jpg 2000w\"><h3 class=\"braavos-post__title\">Sn\u00f6rasskydd<\/h3><\/a>\t\t\t\t\n\t\t\t\t<\/article>\n\t\t\t\t\n\t\t\t\t\t\t\t\n\t\t\t\t\n\t\t\t\t\t\t\t\t\n\t\t\t\t<article class=\"braavos-post post-12784\">\t\t\t\t\n\t\t\t\t<a href=\"https:\/\/www.welandstal.se\/da\/produkter\/tagsikkerhed\/facadestiger-2\/\" title=\"Facadestiger\"><img loading=\"lazy\" decoding=\"async\" width=\"1024\" height=\"682\" src=\"https:\/\/www.welandstal.se\/content\/uploads\/2023\/04\/Fasadstege_beskuren_be00004225-small-1024x682.jpg\" class=\"braavos-image braavos-post__image\" alt=\"\" sizes=\"auto, (min-width: 768px) 100vw, (min-width: px) 0px, 50vw\" srcset=\"https:\/\/www.welandstal.se\/content\/uploads\/2023\/04\/Fasadstege_beskuren_be00004225-small-1024x682.jpg 1024w, https:\/\/www.welandstal.se\/content\/uploads\/2023\/04\/Fasadstege_beskuren_be00004225-small-300x200.jpg 300w, https:\/\/www.welandstal.se\/content\/uploads\/2023\/04\/Fasadstege_beskuren_be00004225-small-768x512.jpg 768w, https:\/\/www.welandstal.se\/content\/uploads\/2023\/04\/Fasadstege_beskuren_be00004225-small-1536x1024.jpg 1536w, https:\/\/www.welandstal.se\/content\/uploads\/2023\/04\/Fasadstege_beskuren_be00004225-small-600x400.jpg 600w, https:\/\/www.welandstal.se\/content\/uploads\/2023\/04\/Fasadstege_beskuren_be00004225-small.jpg 2000w\"><h3 class=\"braavos-post__title\">Facadestiger<\/h3><\/a>\t\t\t\t\n\t\t\t\t<\/article>\n\t\t\t\t\n\t\t\t\t\t\t\t\n\t\t\t\t\n\t\t\t\t\t\t\t\t\n\t\t\t\t<article class=\"braavos-post post-4470\">\t\t\t\t\n\t\t\t\t<a href=\"https:\/\/www.welandstal.se\/produkter\/taksakerhet\/takbryggor\/\" title=\"Takbryggor\"><img loading=\"lazy\" decoding=\"async\" width=\"1024\" height=\"480\" src=\"https:\/\/www.welandstal.se\/content\/uploads\/2023\/04\/be00003335-wide-1-1024x480.jpg\" class=\"braavos-image braavos-post__image\" alt=\"\" sizes=\"auto, (min-width: 768px) 100vw, (min-width: px) 0px, 50vw\" srcset=\"https:\/\/www.welandstal.se\/content\/uploads\/2023\/04\/be00003335-wide-1-1024x480.jpg 1024w, https:\/\/www.welandstal.se\/content\/uploads\/2023\/04\/be00003335-wide-1-300x141.jpg 300w, https:\/\/www.welandstal.se\/content\/uploads\/2023\/04\/be00003335-wide-1-768x360.jpg 768w, https:\/\/www.welandstal.se\/content\/uploads\/2023\/04\/be00003335-wide-1-1536x720.jpg 1536w, https:\/\/www.welandstal.se\/content\/uploads\/2023\/04\/be00003335-wide-1-2048x960.jpg 2048w, https:\/\/www.welandstal.se\/content\/uploads\/2023\/04\/be00003335-wide-1-600x281.jpg 600w\"><h3 class=\"braavos-post__title\">Takbryggor<\/h3><\/a>\t\t\t\t\n\t\t\t\t<\/article>\n\t\t\t\t\n\t\t\t\t\t\t\t\n\t\t\t\t\n\t\t\t\t\t\t\t\t\n\t\t\t\t<article class=\"braavos-post post-4472\">\t\t\t\t\n\t\t\t\t<a href=\"https:\/\/www.welandstal.se\/produkter\/taksakerhet\/nockracke-och-livlinefaste\/\" title=\"Nockr\u00e4cke och Livlinef\u00e4ste\"><img loading=\"lazy\" decoding=\"async\" width=\"1024\" height=\"682\" src=\"https:\/\/www.welandstal.se\/content\/uploads\/2023\/04\/Nockracke-livlinefaste_be00001827_ret-1024x682.jpg\" class=\"braavos-image braavos-post__image\" alt=\"\" sizes=\"auto, (min-width: 768px) 100vw, (min-width: px) 0px, 50vw\" srcset=\"https:\/\/www.welandstal.se\/content\/uploads\/2023\/04\/Nockracke-livlinefaste_be00001827_ret-1024x682.jpg 1024w, https:\/\/www.welandstal.se\/content\/uploads\/2023\/04\/Nockracke-livlinefaste_be00001827_ret-300x200.jpg 300w, https:\/\/www.welandstal.se\/content\/uploads\/2023\/04\/Nockracke-livlinefaste_be00001827_ret-768x512.jpg 768w, https:\/\/www.welandstal.se\/content\/uploads\/2023\/04\/Nockracke-livlinefaste_be00001827_ret-1536x1024.jpg 1536w, https:\/\/www.welandstal.se\/content\/uploads\/2023\/04\/Nockracke-livlinefaste_be00001827_ret-600x400.jpg 600w, https:\/\/www.welandstal.se\/content\/uploads\/2023\/04\/Nockracke-livlinefaste_be00001827_ret.jpg 2000w\"><h3 class=\"braavos-post__title\">Nockr\u00e4cke och Livlinef\u00e4ste<\/h3><\/a>\t\t\t\t\n\t\t\t\t<\/article>\n\t\t\t\t\n\t\t\t\t\t\t\t\n\t\t\t\t\n\t\t\t\t\t\t\t\t\n\t\t\t\t<article class=\"braavos-post post-4474\">\t\t\t\t\n\t\t\t\t<a href=\"https:\/\/www.welandstal.se\/?page_id=4474\" title=\"Fallskydd Weline\"><img loading=\"lazy\" decoding=\"async\" width=\"1024\" height=\"682\" src=\"https:\/\/www.welandstal.se\/content\/uploads\/2023\/04\/be00004297-small-1024x682.jpg\" class=\"braavos-image braavos-post__image\" alt=\"Fallskydd Weline terminerad wire\" sizes=\"auto, (min-width: 768px) 100vw, (min-width: px) 0px, 50vw\" srcset=\"https:\/\/www.welandstal.se\/content\/uploads\/2023\/04\/be00004297-small-1024x682.jpg 1024w, https:\/\/www.welandstal.se\/content\/uploads\/2023\/04\/be00004297-small-300x200.jpg 300w, https:\/\/www.welandstal.se\/content\/uploads\/2023\/04\/be00004297-small-768x512.jpg 768w, https:\/\/www.welandstal.se\/content\/uploads\/2023\/04\/be00004297-small-1536x1024.jpg 1536w, https:\/\/www.welandstal.se\/content\/uploads\/2023\/04\/be00004297-small-600x400.jpg 600w, https:\/\/www.welandstal.se\/content\/uploads\/2023\/04\/be00004297-small.jpg 2000w\"><h3 class=\"braavos-post__title\">Fallskydd Weline<\/h3><\/a>\t\t\t\t\n\t\t\t\t<\/article>\n\t\t\t\t\n\t\t\t\t\t\t\t\n\t\t\t\t\n\t\t\t\t\t\t\t\t\n\t\t\t\t<article class=\"braavos-post post-4476\">\t\t\t\t\n\t\t\t\t<a href=\"https:\/\/www.welandstal.se\/produkter\/taksakerhet\/skorstensprodukter\/\" title=\"Skorstensprodukter\"><img loading=\"lazy\" decoding=\"async\" width=\"1024\" height=\"682\" src=\"https:\/\/www.welandstal.se\/content\/uploads\/2023\/04\/be00003929-1024x682.jpg\" class=\"braavos-image braavos-post__image\" alt=\"\" sizes=\"auto, (min-width: 768px) 100vw, (min-width: px) 0px, 50vw\" srcset=\"https:\/\/www.welandstal.se\/content\/uploads\/2023\/04\/be00003929-1024x682.jpg 1024w, https:\/\/www.welandstal.se\/content\/uploads\/2023\/04\/be00003929-300x200.jpg 300w, https:\/\/www.welandstal.se\/content\/uploads\/2023\/04\/be00003929-768x512.jpg 768w, https:\/\/www.welandstal.se\/content\/uploads\/2023\/04\/be00003929-1536x1024.jpg 1536w, https:\/\/www.welandstal.se\/content\/uploads\/2023\/04\/be00003929-600x400.jpg 600w, https:\/\/www.welandstal.se\/content\/uploads\/2023\/04\/be00003929.jpg 2000w\"><h3 class=\"braavos-post__title\">Skorstensprodukter<\/h3><\/a>\t\t\t\t\n\t\t\t\t<\/article>\n\t\t\t\t\n\t\t\t\t\t\t\t\n\t\t\t\t\n\t\t\t\t\t\t\t\t\n\t\t\t\t<article class=\"braavos-post post-4480\">\t\t\t\t\n\t\t\t\t<a href=\"https:\/\/www.welandstal.se\/produkter\/taksakerhet\/skyddsracken-for-tak\/\" title=\"Skyddsr\u00e4cken f\u00f6r tak\"><img loading=\"lazy\" decoding=\"async\" width=\"1024\" height=\"682\" src=\"https:\/\/www.welandstal.se\/content\/uploads\/2023\/05\/be00003829-small-1024x682.jpg\" class=\"braavos-image braavos-post__image\" alt=\"\" sizes=\"auto, (min-width: 768px) 100vw, (min-width: px) 0px, 50vw\" srcset=\"https:\/\/www.welandstal.se\/content\/uploads\/2023\/05\/be00003829-small-1024x682.jpg 1024w, https:\/\/www.welandstal.se\/content\/uploads\/2023\/05\/be00003829-small-300x200.jpg 300w, https:\/\/www.welandstal.se\/content\/uploads\/2023\/05\/be00003829-small-768x512.jpg 768w, https:\/\/www.welandstal.se\/content\/uploads\/2023\/05\/be00003829-small-1536x1024.jpg 1536w, https:\/\/www.welandstal.se\/content\/uploads\/2023\/05\/be00003829-small-600x400.jpg 600w, https:\/\/www.welandstal.se\/content\/uploads\/2023\/05\/be00003829-small.jpg 2000w\"><h3 class=\"braavos-post__title\">Skyddsr\u00e4cken f\u00f6r tak<\/h3><\/a>\t\t\t\t\n\t\t\t\t<\/article>\n\t\t\t\t\n\t\t\t\t\t\t\t\n\t\t\t\t\n\t\t\t\t\t\t\t\t\n\t\t\t\t<article class=\"braavos-post post-4482\">\t\t\t\t\n\t\t\t\t<a href=\"https:\/\/www.welandstal.se\/produkter\/taksakerhet\/takstegar-taksteg-glidskydd\/\" title=\"Takstegar, Taksteg och Glidskydd\"><img loading=\"lazy\" decoding=\"async\" width=\"1024\" height=\"682\" src=\"https:\/\/www.welandstal.se\/content\/uploads\/2023\/05\/be00003244-small2-1024x682.jpg\" class=\"braavos-image braavos-post__image\" alt=\"\" sizes=\"auto, (min-width: 768px) 100vw, (min-width: px) 0px, 50vw\" srcset=\"https:\/\/www.welandstal.se\/content\/uploads\/2023\/05\/be00003244-small2-1024x682.jpg 1024w, https:\/\/www.welandstal.se\/content\/uploads\/2023\/05\/be00003244-small2-300x200.jpg 300w, https:\/\/www.welandstal.se\/content\/uploads\/2023\/05\/be00003244-small2-768x512.jpg 768w, https:\/\/www.welandstal.se\/content\/uploads\/2023\/05\/be00003244-small2-1536x1024.jpg 1536w, https:\/\/www.welandstal.se\/content\/uploads\/2023\/05\/be00003244-small2-600x400.jpg 600w, https:\/\/www.welandstal.se\/content\/uploads\/2023\/05\/be00003244-small2.jpg 2000w\"><h3 class=\"braavos-post__title\">Takstegar, Taksteg och Glidskydd<\/h3><\/a>\t\t\t\t\n\t\t\t\t<\/article>\n\t\t\t\t\n\t\t\t\t\t\t\t\n\t\t\t\t\n\t\t\t\t\t\t\t\t\n\t\t\t\t<article class=\"braavos-post post-9322\">\t\t\t\t\n\t\t\t\t<a href=\"https:\/\/www.welandstal.se\/produkter\/taksakerhet\/ovrigt\/\" title=\"\u00d6vrigt\"><img loading=\"lazy\" decoding=\"async\" width=\"1024\" height=\"683\" src=\"https:\/\/www.welandstal.se\/content\/uploads\/2024\/05\/be00003613-1024x683.jpg\" class=\"braavos-image braavos-post__image\" alt=\"\" sizes=\"auto, (min-width: 768px) 100vw, (min-width: px) 0px, 50vw\" srcset=\"https:\/\/www.welandstal.se\/content\/uploads\/2024\/05\/be00003613-1024x683.jpg 1024w, https:\/\/www.welandstal.se\/content\/uploads\/2024\/05\/be00003613-300x200.jpg 300w, https:\/\/www.welandstal.se\/content\/uploads\/2024\/05\/be00003613-768x512.jpg 768w, https:\/\/www.welandstal.se\/content\/uploads\/2024\/05\/be00003613-600x400.jpg 600w, https:\/\/www.welandstal.se\/content\/uploads\/2024\/05\/be00003613.jpg 1200w\"><h3 class=\"braavos-post__title\">\u00d6vrigt<\/h3><\/a>\t\t\t\t\n\t\t\t\t<\/article>\n\t\t\t\t\n\t\t\t\n\t\t\n\t<\/div>\n\n<\/div><\/div><div id=\"module-3\" class=\"braavos-module braavos-module-wysiwyg braavos-module-3 module-theme-light module-spacing-none\"><div class=\"braavos-module-inner\">\n<div class=\"braavos-content\">\n\t<p>Uanset om du har en erhvervsbygning eller en privat bolig, kan du finde de rette tagstiger, tagbroer, livliner eller sneskredsbeskyttelser hos Weland St\u00e5l. Alle vores l\u00f8sninger udvikles og fremstilles af os, s\u00e5 vi kan garantere deres kvalitet og holdbarhed. Desuden er de lette at h\u00e5ndtere for mont\u00f8ren.<\/p>\n<p>Naturligvis overholder vores produkter de strenge krav, der er for tagsikkerhed. I vores faktabank kan du l\u00e6se om alle de regler, der g\u00e6lder for arbejde p\u00e5 tag. Her f\u00e5r du ogs\u00e5 adgang til vores r\u00e5d og information om, hvem der har ansvaret i forskellige situationer.<\/p>\n<p>Weland St\u00e5ls sikkerhedsl\u00f8sninger kan anvendes til mange forskellige typer af tag. Vi tilbyder smarte og effektive fastg\u00f8relsesl\u00f8sninger, som passer til de fleste underlag.<\/p>\n<\/div>\n<\/div><\/div><\/html>\n","protected":false},"excerpt":{"rendered":"<p>Hjem TagsikkerhedWeland St\u00e5l er en af Sveriges st\u00f8rste leverand\u00f8rer af tagsikkerhedsprodukter. Vi har garanteret en l\u00f8sning, som passer til dine [&hellip;]<\/p>\n","protected":false},"author":3,"featured_media":14027,"parent":12806,"menu_order":0,"comment_status":"closed","ping_status":"closed","template":"modules-page.php","meta":{"_acf_changed":false,"footnotes":""},"class_list":["post-12790","page","type-page","status-publish","has-post-thumbnail","hentry"],"acf":[],"_links":{"self":[{"href":"https:\/\/www.welandstal.se\/da\/wp-json\/wp\/v2\/pages\/12790","targetHints":{"allow":["GET"]}}],"collection":[{"href":"https:\/\/www.welandstal.se\/da\/wp-json\/wp\/v2\/pages"}],"about":[{"href":"https:\/\/www.welandstal.se\/da\/wp-json\/wp\/v2\/types\/page"}],"author":[{"embeddable":true,"href":"https:\/\/www.welandstal.se\/da\/wp-json\/wp\/v2\/users\/3"}],"replies":[{"embeddable":true,"href":"https:\/\/www.welandstal.se\/da\/wp-json\/wp\/v2\/comments?post=12790"}],"version-history":[{"count":3,"href":"https:\/\/www.welandstal.se\/da\/wp-json\/wp\/v2\/pages\/12790\/revisions"}],"predecessor-version":[{"id":13177,"href":"https:\/\/www.welandstal.se\/da\/wp-json\/wp\/v2\/pages\/12790\/revisions\/13177"}],"up":[{"embeddable":true,"href":"https:\/\/www.welandstal.se\/da\/wp-json\/wp\/v2\/pages\/12806"}],"wp:featuredmedia":[{"embeddable":true,"href":"https:\/\/www.welandstal.se\/da\/wp-json\/wp\/v2\/media\/14027"}],"wp:attachment":[{"href":"https:\/\/www.welandstal.se\/da\/wp-json\/wp\/v2\/media?parent=12790"}],"curies":[{"name":"wp","href":"https:\/\/api.w.org\/{rel}","templated":true}]}}