{"id":12805,"date":"2023-04-02T20:56:07","date_gmt":"2023-04-02T18:56:07","guid":{"rendered":"https:\/\/www.welandstal.se\/evakuering\/"},"modified":"2025-02-21T15:35:21","modified_gmt":"2025-02-21T14:35:21","slug":"servicevej","status":"publish","type":"page","link":"https:\/\/www.welandstal.se\/da\/produkter\/servicevej\/","title":{"rendered":"Servicevej"},"content":{"rendered":"<!DOCTYPE html>\n<html><meta http-equiv=\"Content-Type\" content=\"text\/html; charset=utf-8\"><div id=\"module-0\" class=\"braavos-module braavos-module-weland_breadcrumbs braavos-module-0 module-spacing-none\"><div class=\"braavos-module-inner\">\n<div class=\"braavos-breadcrumbs\">\n\t<nav aria-label=\"breadcrumbs\" class=\"rank-math-breadcrumb\"><p id=\"breadcrumbs\"><span class=\"last\">Hjem<\/span><\/p><\/nav><\/div>\n\n<\/div><\/div><div id=\"module-1\" class=\"braavos-module braavos-module-hero braavos-module-1 module-theme-light module-width-full content-position-left module-spacing-default\"><div class=\"braavos-module-inner\">\n\n<div class=\"braavos-background\">\n\n\t<img loading=\"lazy\" decoding=\"async\" width=\"1024\" height=\"410\" src=\"https:\/\/www.welandstal.se\/content\/uploads\/2024\/10\/utrymning-2000x800-be00002567-1024x410.jpg\" class=\"braavos-background__image braavos-image wide responsive\" alt=\"\" style=\"object-position:50% 50%\" sizes=\"auto, (min-width: px) 100vw, 100vw\" srcset=\"https:\/\/www.welandstal.se\/content\/uploads\/2024\/10\/utrymning-2000x800-be00002567-1024x410.jpg 1024w, https:\/\/www.welandstal.se\/content\/uploads\/2024\/10\/utrymning-2000x800-be00002567-300x120.jpg 300w, https:\/\/www.welandstal.se\/content\/uploads\/2024\/10\/utrymning-2000x800-be00002567-768x307.jpg 768w, https:\/\/www.welandstal.se\/content\/uploads\/2024\/10\/utrymning-2000x800-be00002567-1536x614.jpg 1536w, https:\/\/www.welandstal.se\/content\/uploads\/2024\/10\/utrymning-2000x800-be00002567-600x240.jpg 600w, https:\/\/www.welandstal.se\/content\/uploads\/2024\/10\/utrymning-2000x800-be00002567.jpg 2000w\">\n<\/div>\n\n\n\n<div class=\"braavos-foreground\">\n\n\t<div class=\"braavos-foreground__content\"><h1 class=\"h3 braavos-heading braavos-hero_heading\">Servicevej<\/h1><div class=\"braavos-hero_body-text\"><p>N\u00e5r det drejer sig om flugtveje, er det vigtigt, at man kan stole p\u00e5 produkter og l\u00f8sninger. Hos Weland St\u00e5l udvikler vi produkter, som laver deres arbejde, n\u00e5r det virkelig g\u00e6lder. Vores stiger, platforme og rygb\u00f8jler kan klare b\u00e5de strenge sikkerhedskrav og det barske nordiske klima. <\/p>\n<p>Vores sortiment best\u00e5r for en stor del af standardkomponenter, som nemt kan kombineres og tilpasses efter dine krav og \u00f8nsker.<\/p>\n<\/div><\/div>\n<\/div>\n\n<\/div><\/div><div id=\"module-2\" class=\"braavos-module braavos-module-columns braavos-module-2 module-layout-grid item-layout-card columns-2 module-spacing-none\"><div class=\"braavos-module-inner\">\n\n<div class=\"braavos-posts\">\n\n\t\n\t\t\t\t\t\n\t\t\t\n\t\t\t\t\t\t<article class=\"braavos-post\">\n\n\t\t\t\t\t<a href=\"https:\/\/www.welandstal.se\/da\/produkter\/servicevej\/facadestiger\/\" title=\"L\u00e6s mere\" target=\"\"><img loading=\"lazy\" decoding=\"async\" width=\"682\" height=\"1024\" src=\"https:\/\/www.welandstal.se\/content\/uploads\/2024\/09\/be00003879-682x1024.jpg\" class=\"braavos-image braavos-post__image\" alt=\"\" style=\"object-position:63% 19.33%\" sizes=\"auto, (min-width: 768px) 50vw, (min-width: px) 0px, 50vw\" srcset=\"https:\/\/www.welandstal.se\/content\/uploads\/2024\/09\/be00003879-682x1024.jpg 682w, https:\/\/www.welandstal.se\/content\/uploads\/2024\/09\/be00003879-200x300.jpg 200w, https:\/\/www.welandstal.se\/content\/uploads\/2024\/09\/be00003879-768x1152.jpg 768w, https:\/\/www.welandstal.se\/content\/uploads\/2024\/09\/be00003879-1024x1536.jpg 1024w, https:\/\/www.welandstal.se\/content\/uploads\/2024\/09\/be00003879-600x900.jpg 600w, https:\/\/www.welandstal.se\/content\/uploads\/2024\/09\/be00003879.jpg 1075w\"><\/a><h3 class=\"braavos-post__title\">Facadestiger<\/h3><a href=\"https:\/\/www.welandstal.se\/da\/produkter\/servicevej\/facadestiger\/\" class=\"braavos-post__link\" title=\"L\u00e6s mere\" target=\"\">L\u00e6s mere<\/a>\n\t\t\t<\/article>\n\n\t\t\t\n\t\t\t\t\t\n\t\t\t\n\t\t\t\t\t\t<article class=\"braavos-post\">\n\n\t\t\t\t\t<a href=\"https:\/\/www.welandstal.se\/da\/produkter\/servicevej\/platform\/\" title=\"L\u00e6s mere\" target=\"\"><img loading=\"lazy\" decoding=\"async\" width=\"682\" height=\"1024\" src=\"https:\/\/www.welandstal.se\/content\/uploads\/2024\/09\/be00003802-682x1024.jpg\" class=\"braavos-image braavos-post__image\" alt=\"\" style=\"object-position:59.5% 18.67%\" sizes=\"auto, (min-width: 768px) 50vw, (min-width: px) 0px, 50vw\" srcset=\"https:\/\/www.welandstal.se\/content\/uploads\/2024\/09\/be00003802-682x1024.jpg 682w, https:\/\/www.welandstal.se\/content\/uploads\/2024\/09\/be00003802-200x300.jpg 200w, https:\/\/www.welandstal.se\/content\/uploads\/2024\/09\/be00003802-768x1152.jpg 768w, https:\/\/www.welandstal.se\/content\/uploads\/2024\/09\/be00003802-1024x1536.jpg 1024w, https:\/\/www.welandstal.se\/content\/uploads\/2024\/09\/be00003802-600x900.jpg 600w, https:\/\/www.welandstal.se\/content\/uploads\/2024\/09\/be00003802.jpg 1075w\"><\/a><h3 class=\"braavos-post__title\">Platform<\/h3><a href=\"https:\/\/www.welandstal.se\/da\/produkter\/servicevej\/platform\/\" class=\"braavos-post__link\" title=\"L\u00e6s mere\" target=\"\">L\u00e6s mere<\/a>\n\t\t\t<\/article>\n\n\t\t\t\n\t\t\n\t\n<\/div>\n\n<\/div><\/div><div id=\"module-3\" class=\"braavos-module braavos-module-wysiwyg braavos-module-3 module-theme-none module-spacing-none\"><div class=\"braavos-module-inner\">\n<div class=\"braavos-content\">\n\t<p style=\"text-align: center;\">Vort sortiment best\u00e5r af en stor m\u00e6ngde standardkomponenter, der enkelt kan kombineres og tilpasses efter dine krav og \u00f8nsker.<\/p>\n<\/div>\n<\/div><\/div><\/html>\n","protected":false},"excerpt":{"rendered":"<p>Hjem ServicevejN\u00e5r det drejer sig om flugtveje, er det vigtigt, at man kan stole p\u00e5 produkter og l\u00f8sninger. Hos Weland [&hellip;]<\/p>\n","protected":false},"author":3,"featured_media":13365,"parent":12806,"menu_order":0,"comment_status":"closed","ping_status":"closed","template":"modules-page.php","meta":{"_acf_changed":false,"footnotes":""},"class_list":["post-12805","page","type-page","status-publish","has-post-thumbnail","hentry"],"acf":[],"_links":{"self":[{"href":"https:\/\/www.welandstal.se\/da\/wp-json\/wp\/v2\/pages\/12805","targetHints":{"allow":["GET"]}}],"collection":[{"href":"https:\/\/www.welandstal.se\/da\/wp-json\/wp\/v2\/pages"}],"about":[{"href":"https:\/\/www.welandstal.se\/da\/wp-json\/wp\/v2\/types\/page"}],"author":[{"embeddable":true,"href":"https:\/\/www.welandstal.se\/da\/wp-json\/wp\/v2\/users\/3"}],"replies":[{"embeddable":true,"href":"https:\/\/www.welandstal.se\/da\/wp-json\/wp\/v2\/comments?post=12805"}],"version-history":[{"count":13,"href":"https:\/\/www.welandstal.se\/da\/wp-json\/wp\/v2\/pages\/12805\/revisions"}],"predecessor-version":[{"id":21094,"href":"https:\/\/www.welandstal.se\/da\/wp-json\/wp\/v2\/pages\/12805\/revisions\/21094"}],"up":[{"embeddable":true,"href":"https:\/\/www.welandstal.se\/da\/wp-json\/wp\/v2\/pages\/12806"}],"wp:featuredmedia":[{"embeddable":true,"href":"https:\/\/www.welandstal.se\/da\/wp-json\/wp\/v2\/media\/13365"}],"wp:attachment":[{"href":"https:\/\/www.welandstal.se\/da\/wp-json\/wp\/v2\/media?parent=12805"}],"curies":[{"name":"wp","href":"https:\/\/api.w.org\/{rel}","templated":true}]}}