{"id":12806,"date":"2022-10-20T11:01:04","date_gmt":"2022-10-20T09:01:04","guid":{"rendered":"https:\/\/www.welandstal.se\/produkter-2\/"},"modified":"2025-03-17T13:47:18","modified_gmt":"2025-03-17T12:47:18","slug":"produkter","status":"publish","type":"page","link":"https:\/\/www.welandstal.se\/da\/produkter\/","title":{"rendered":"Produkter"},"content":{"rendered":"<!DOCTYPE html>\n<html><meta http-equiv=\"Content-Type\" content=\"text\/html; charset=utf-8\"><div id=\"module-0\" class=\"braavos-module braavos-module-hero braavos-module-0 module-theme-light module-width-full content-position-left module-spacing-default\"><div class=\"braavos-module-inner\">\n\n<div class=\"braavos-background\">\n\n\t<img loading=\"lazy\" decoding=\"async\" width=\"1024\" height=\"682\" src=\"https:\/\/www.welandstal.se\/content\/uploads\/2023\/04\/be00004293-taksakerhet-1024x682.jpg\" class=\"braavos-background__image braavos-image wide responsive\" alt=\"\" style=\"object-position:50% 50%\" sizes=\"auto, (min-width: px) 100vw, 100vw\" srcset=\"https:\/\/www.welandstal.se\/content\/uploads\/2023\/04\/be00004293-taksakerhet-1024x682.jpg 1024w, https:\/\/www.welandstal.se\/content\/uploads\/2023\/04\/be00004293-taksakerhet-300x200.jpg 300w, https:\/\/www.welandstal.se\/content\/uploads\/2023\/04\/be00004293-taksakerhet-768x512.jpg 768w, https:\/\/www.welandstal.se\/content\/uploads\/2023\/04\/be00004293-taksakerhet-1536x1024.jpg 1536w, https:\/\/www.welandstal.se\/content\/uploads\/2023\/04\/be00004293-taksakerhet-600x400.jpg 600w, https:\/\/www.welandstal.se\/content\/uploads\/2023\/04\/be00004293-taksakerhet.jpg 2000w\">\n<\/div>\n\n\n\n<div class=\"braavos-foreground\">\n\n\t<div class=\"braavos-foreground__content\"><h1 class=\"h3 braavos-heading braavos-hero_heading\">Produkter<\/h1><div class=\"braavos-hero_body-text\"><p>Produkterne hos Weland er tilpasset vejr og vind under nordiske forhold. I t\u00e6t samarbejde med installat\u00f8rer og brugere har vi udviklet produkter, der er fleksible, p\u00e5lidelige og nemme at samle.<\/p>\n<\/div><\/div>\n<\/div>\n\n<\/div><\/div><div id=\"module-1\" class=\"braavos-module braavos-module-posts_page braavos-module-1 module-layout-grid item-layout-card columns-2 module-spacing-none\"><div class=\"braavos-module-inner\">\n\n\t\t<div class=\"braavos-posts\">\n\n\t\t\n\t\t\t\t\t\t\t\n\t\t\t\t\n\t\t\t\t\t\t\t\t\n\t\t\t\t<article class=\"braavos-post post-12805\">\t\t\t\t\n\t\t\t\t<a href=\"https:\/\/www.welandstal.se\/da\/produkter\/servicevej\/\" title=\"Servicevej\"><img loading=\"lazy\" decoding=\"async\" width=\"930\" height=\"902\" src=\"https:\/\/www.welandstal.se\/content\/uploads\/2024\/09\/be000034828.jpg\" class=\"braavos-image braavos-post__image\" alt=\"\" sizes=\"auto, (min-width: 768px) 100vw, (min-width: px) 0px, 50vw\" srcset=\"https:\/\/www.welandstal.se\/content\/uploads\/2024\/09\/be000034828.jpg 930w, https:\/\/www.welandstal.se\/content\/uploads\/2024\/09\/be000034828-300x291.jpg 300w, https:\/\/www.welandstal.se\/content\/uploads\/2024\/09\/be000034828-768x745.jpg 768w, https:\/\/www.welandstal.se\/content\/uploads\/2024\/09\/be000034828-600x582.jpg 600w\"><\/a><h3 class=\"braavos-post__title\">Servicevej<\/h3><p class=\"braavos-post__excerpt\"><\/p><a href=\"https:\/\/www.welandstal.se\/da\/produkter\/servicevej\/\" class=\"braavos-post__link\" title=\"L\u00e6s mere\">L\u00e6s mere<\/a>\t\t\t\t\n\t\t\t\t<\/article>\n\t\t\t\t\n\t\t\t\t\t\t\t\n\t\t\t\t\n\t\t\t\t\t\t\t\t\n\t\t\t\t<article class=\"braavos-post post-12788\">\t\t\t\t\n\t\t\t\t<a href=\"https:\/\/www.welandstal.se\/da\/produkter\/gelaendere\/\" title=\"Gel\u00e6ndere\"><img loading=\"lazy\" decoding=\"async\" width=\"1024\" height=\"485\" src=\"https:\/\/www.welandstal.se\/content\/uploads\/2023\/04\/be00004377_small-1024x485.jpg\" class=\"braavos-image braavos-post__image\" alt=\"\" sizes=\"auto, (min-width: 768px) 100vw, (min-width: px) 0px, 50vw\" srcset=\"https:\/\/www.welandstal.se\/content\/uploads\/2023\/04\/be00004377_small-1024x485.jpg 1024w, https:\/\/www.welandstal.se\/content\/uploads\/2023\/04\/be00004377_small-300x142.jpg 300w, https:\/\/www.welandstal.se\/content\/uploads\/2023\/04\/be00004377_small-768x364.jpg 768w, https:\/\/www.welandstal.se\/content\/uploads\/2023\/04\/be00004377_small-1536x728.jpg 1536w, https:\/\/www.welandstal.se\/content\/uploads\/2023\/04\/be00004377_small-600x284.jpg 600w, https:\/\/www.welandstal.se\/content\/uploads\/2023\/04\/be00004377_small.jpg 2000w\"><\/a><h3 class=\"braavos-post__title\">Gel\u00e6ndere<\/h3><p class=\"braavos-post__excerpt\"><\/p><a href=\"https:\/\/www.welandstal.se\/da\/produkter\/gelaendere\/\" class=\"braavos-post__link\" title=\"L\u00e6s mere\">L\u00e6s mere<\/a>\t\t\t\t\n\t\t\t\t<\/article>\n\t\t\t\t\n\t\t\t\n\t\t\n\t<\/div>\n\n<\/div><\/div><div id=\"module-2\" class=\"braavos-module braavos-module-wysiwyg braavos-module-2 module-theme-none module-spacing-none\"><div class=\"braavos-module-inner\">\n<div class=\"braavos-content\">\n\t<p>Som kunde kan du stole p\u00e5 vores produkters holdbarhed, b\u00e5de hvad ang\u00e5r kvalitet og levetid. Vores m\u00e5l er, at det, vi producerer, skal v\u00e6re pr\u00e6get af h\u00f8j kvalitet og efterlade et s\u00e5 lavt milj\u00f8aftryk som muligt i produktionsperioden.<\/p>\n<\/div>\n<\/div><\/div><div id=\"module-3\" class=\"braavos-module braavos-module-weland_gallery braavos-module-3 module-layout-slider module-width-full module-spacing-none\"><div class=\"braavos-module-inner\"><div class=\"weland-gallery-slider\"><div class=\"weland-gallery items-5 swiper-wrapper\"><figure class=\"weland-gallery_item swiper-slide\"><a href=\"https:\/\/www.welandstal.se\/content\/uploads\/2023\/09\/be00003136.jpg\" target=\"\" title=\"\" class=\"lightbox\"><img loading=\"lazy\" decoding=\"async\" width=\"2000\" height=\"1333\" src=\"https:\/\/www.welandstal.se\/content\/uploads\/2023\/09\/be00003136.jpg\" class=\"weland-gallery_image braavos-image\" alt=\"\" style=\"object-position:45.67% 55.5%\" sizes=\"auto, (min-width: px) 100vw, 100vw\" srcset=\"https:\/\/www.welandstal.se\/content\/uploads\/2023\/09\/be00003136.jpg 2000w, https:\/\/www.welandstal.se\/content\/uploads\/2023\/09\/be00003136-300x200.jpg 300w, https:\/\/www.welandstal.se\/content\/uploads\/2023\/09\/be00003136-1024x682.jpg 1024w, https:\/\/www.welandstal.se\/content\/uploads\/2023\/09\/be00003136-768x512.jpg 768w, https:\/\/www.welandstal.se\/content\/uploads\/2023\/09\/be00003136-1536x1024.jpg 1536w, https:\/\/www.welandstal.se\/content\/uploads\/2023\/09\/be00003136-600x400.jpg 600w\"><\/a><\/figure><figure class=\"weland-gallery_item swiper-slide\"><a href=\"https:\/\/www.welandstal.se\/content\/uploads\/2023\/06\/be00004287.jpg\" target=\"\" title=\"\" class=\"lightbox\"><img loading=\"lazy\" decoding=\"async\" width=\"2000\" height=\"1333\" src=\"https:\/\/www.welandstal.se\/content\/uploads\/2023\/06\/be00004287.jpg\" class=\"weland-gallery_image braavos-image\" alt=\"\" style=\"object-position:50% 50%\" sizes=\"auto, (min-width: px) 100vw, 100vw\" srcset=\"https:\/\/www.welandstal.se\/content\/uploads\/2023\/06\/be00004287.jpg 2000w, https:\/\/www.welandstal.se\/content\/uploads\/2023\/06\/be00004287-300x200.jpg 300w, https:\/\/www.welandstal.se\/content\/uploads\/2023\/06\/be00004287-1024x682.jpg 1024w, https:\/\/www.welandstal.se\/content\/uploads\/2023\/06\/be00004287-768x512.jpg 768w, https:\/\/www.welandstal.se\/content\/uploads\/2023\/06\/be00004287-1536x1024.jpg 1536w, https:\/\/www.welandstal.se\/content\/uploads\/2023\/06\/be00004287-600x400.jpg 600w\"><\/a><\/figure><figure class=\"weland-gallery_item swiper-slide\"><a href=\"https:\/\/www.welandstal.se\/content\/uploads\/2023\/01\/73A7012-kopiera.jpg\" target=\"\" title=\"\" class=\"lightbox\"><img loading=\"lazy\" decoding=\"async\" width=\"2500\" height=\"1667\" src=\"https:\/\/www.welandstal.se\/content\/uploads\/2023\/01\/73A7012-kopiera.jpg\" class=\"weland-gallery_image braavos-image\" alt=\"\" style=\"object-position:42% 42%\" sizes=\"auto, (min-width: px) 100vw, 100vw\" srcset=\"https:\/\/www.welandstal.se\/content\/uploads\/2023\/01\/73A7012-kopiera.jpg 2500w, https:\/\/www.welandstal.se\/content\/uploads\/2023\/01\/73A7012-kopiera-300x200.jpg 300w, https:\/\/www.welandstal.se\/content\/uploads\/2023\/01\/73A7012-kopiera-1024x683.jpg 1024w, https:\/\/www.welandstal.se\/content\/uploads\/2023\/01\/73A7012-kopiera-768x512.jpg 768w, https:\/\/www.welandstal.se\/content\/uploads\/2023\/01\/73A7012-kopiera-1536x1024.jpg 1536w, https:\/\/www.welandstal.se\/content\/uploads\/2023\/01\/73A7012-kopiera-2048x1366.jpg 2048w\"><\/a><\/figure><figure class=\"weland-gallery_item swiper-slide\"><a href=\"https:\/\/www.welandstal.se\/content\/uploads\/2023\/06\/be00003273.jpg\" target=\"\" title=\"\" class=\"lightbox\"><img loading=\"lazy\" decoding=\"async\" width=\"2000\" height=\"1333\" src=\"https:\/\/www.welandstal.se\/content\/uploads\/2023\/06\/be00003273.jpg\" class=\"weland-gallery_image braavos-image\" alt=\"\" style=\"object-position:35% 49%\" sizes=\"auto, (min-width: px) 100vw, 100vw\" srcset=\"https:\/\/www.welandstal.se\/content\/uploads\/2023\/06\/be00003273.jpg 2000w, https:\/\/www.welandstal.se\/content\/uploads\/2023\/06\/be00003273-300x200.jpg 300w, https:\/\/www.welandstal.se\/content\/uploads\/2023\/06\/be00003273-1024x682.jpg 1024w, https:\/\/www.welandstal.se\/content\/uploads\/2023\/06\/be00003273-768x512.jpg 768w, https:\/\/www.welandstal.se\/content\/uploads\/2023\/06\/be00003273-1536x1024.jpg 1536w, https:\/\/www.welandstal.se\/content\/uploads\/2023\/06\/be00003273-600x400.jpg 600w\"><\/a><\/figure><figure class=\"weland-gallery_item swiper-slide\"><a href=\"https:\/\/www.welandstal.se\/content\/uploads\/2023\/04\/be00001875.jpeg\" target=\"\" title=\"\" class=\"lightbox\"><img loading=\"lazy\" decoding=\"async\" width=\"900\" height=\"600\" src=\"https:\/\/www.welandstal.se\/content\/uploads\/2023\/04\/be00001875.jpeg\" class=\"weland-gallery_image braavos-image\" alt=\"\" style=\"object-position:48.33% 57%\" sizes=\"auto, (min-width: px) 100vw, 100vw\" srcset=\"https:\/\/www.welandstal.se\/content\/uploads\/2023\/04\/be00001875.jpeg 900w, https:\/\/www.welandstal.se\/content\/uploads\/2023\/04\/be00001875-300x200.jpeg 300w, https:\/\/www.welandstal.se\/content\/uploads\/2023\/04\/be00001875-768x512.jpeg 768w, https:\/\/www.welandstal.se\/content\/uploads\/2023\/04\/be00001875-600x400.jpeg 600w\"><\/a><\/figure><\/div><div class=\"swiper-pagination\"><\/div><div class=\"swiper-navigation\"><div class=\"braavos-prev\"><i class=\"fa-regular fa-arrow-left\"><\/i><\/div><div class=\"braavos-next\"><i class=\"fa-regular fa-arrow-right\"><\/i><\/div><\/div><\/div><\/div><\/div><\/html>\n","protected":false},"excerpt":{"rendered":"<p>ProdukterProdukterne hos Weland er tilpasset vejr og vind under nordiske forhold. I t\u00e6t samarbejde med installat\u00f8rer og brugere har vi [&hellip;]<\/p>\n","protected":false},"author":1,"featured_media":0,"parent":0,"menu_order":0,"comment_status":"closed","ping_status":"closed","template":"modules-page.php","meta":{"_acf_changed":false,"footnotes":""},"class_list":["post-12806","page","type-page","status-publish","hentry"],"acf":[],"_links":{"self":[{"href":"https:\/\/www.welandstal.se\/da\/wp-json\/wp\/v2\/pages\/12806","targetHints":{"allow":["GET"]}}],"collection":[{"href":"https:\/\/www.welandstal.se\/da\/wp-json\/wp\/v2\/pages"}],"about":[{"href":"https:\/\/www.welandstal.se\/da\/wp-json\/wp\/v2\/types\/page"}],"author":[{"embeddable":true,"href":"https:\/\/www.welandstal.se\/da\/wp-json\/wp\/v2\/users\/1"}],"replies":[{"embeddable":true,"href":"https:\/\/www.welandstal.se\/da\/wp-json\/wp\/v2\/comments?post=12806"}],"version-history":[{"count":7,"href":"https:\/\/www.welandstal.se\/da\/wp-json\/wp\/v2\/pages\/12806\/revisions"}],"predecessor-version":[{"id":21484,"href":"https:\/\/www.welandstal.se\/da\/wp-json\/wp\/v2\/pages\/12806\/revisions\/21484"}],"wp:attachment":[{"href":"https:\/\/www.welandstal.se\/da\/wp-json\/wp\/v2\/media?parent=12806"}],"curies":[{"name":"wp","href":"https:\/\/api.w.org\/{rel}","templated":true}]}}