{"id":13167,"date":"2022-12-08T12:28:45","date_gmt":"2022-12-08T11:28:45","guid":{"rendered":"https:\/\/www.welandstal.se\/startsida\/"},"modified":"2025-04-24T08:23:05","modified_gmt":"2025-04-24T06:23:05","slug":"startsida","status":"publish","type":"page","link":"https:\/\/www.welandstal.se\/da\/","title":{"rendered":"Startsida"},"content":{"rendered":"<!DOCTYPE html>\n<html><meta http-equiv=\"Content-Type\" content=\"text\/html; charset=utf-8\"><div id=\"module-0\" class=\"braavos-module braavos-module-hero braavos-module-0 module-theme-light module-width-full content-position-left module-spacing-default\"><div class=\"braavos-module-inner\">\n\n<div class=\"braavos-background\">\n\n\t<img loading=\"lazy\" decoding=\"async\" width=\"1024\" height=\"410\" src=\"https:\/\/www.welandstal.se\/content\/uploads\/2025\/02\/fasadstege-2000x800-be00003888-1024x410.jpg\" class=\"braavos-background__image braavos-image wide responsive\" alt=\"\" style=\"object-position:69.38% 51.87%\" sizes=\"auto, (min-width: px) 100vw, 100vw\" srcset=\"https:\/\/www.welandstal.se\/content\/uploads\/2025\/02\/fasadstege-2000x800-be00003888-1024x410.jpg 1024w, https:\/\/www.welandstal.se\/content\/uploads\/2025\/02\/fasadstege-2000x800-be00003888-300x120.jpg 300w, https:\/\/www.welandstal.se\/content\/uploads\/2025\/02\/fasadstege-2000x800-be00003888-768x307.jpg 768w, https:\/\/www.welandstal.se\/content\/uploads\/2025\/02\/fasadstege-2000x800-be00003888-1536x614.jpg 1536w, https:\/\/www.welandstal.se\/content\/uploads\/2025\/02\/fasadstege-2000x800-be00003888-600x240.jpg 600w, https:\/\/www.welandstal.se\/content\/uploads\/2025\/02\/fasadstege-2000x800-be00003888.jpg 2000w\">\n<\/div>\n\n\n\n<div class=\"braavos-foreground\">\n\n\t<div class=\"braavos-foreground__content\"><h1 class=\"h3 braavos-heading braavos-hero_heading\">Facadestiger og gel\u00e6ndere<\/h1><div class=\"braavos-hero_body-text\"><p>Weland har et omfattende sortiment af lagerf\u00f8rte facadestiger med rygb\u00f8jer, samt et bredt udvalg af lagerf\u00f8rte gel\u00e6ndere. <\/p>\n<\/div><a class=\"braavos-button braavos-hero_cta\" href=\"https:\/\/www.welandstal.se\/da\/produkter\/\">Se vore produkter<\/a><\/div>\n<\/div>\n\n<\/div><\/div><div id=\"module-1\" class=\"braavos-module braavos-module-weland_gallery braavos-module-1 module-layout-masonry module-width-grid module-spacing-default\"><div class=\"braavos-module-inner\"><div class=\"weland-gallery items-4 \"><figure class=\"weland-gallery_item \"><img loading=\"lazy\" decoding=\"async\" width=\"2500\" height=\"1875\" src=\"https:\/\/www.welandstal.se\/content\/uploads\/2024\/05\/P5290634.jpg\" class=\"weland-gallery_image braavos-image\" alt=\"OLYMPUS DIGITAL CAMERA\" style=\"object-position:51% 16.44%\" sizes=\"auto, (min-width: px) px, 100vw\" srcset=\"https:\/\/www.welandstal.se\/content\/uploads\/2024\/05\/P5290634.jpg 2500w, https:\/\/www.welandstal.se\/content\/uploads\/2024\/05\/P5290634-300x225.jpg 300w, https:\/\/www.welandstal.se\/content\/uploads\/2024\/05\/P5290634-1024x768.jpg 1024w, https:\/\/www.welandstal.se\/content\/uploads\/2024\/05\/P5290634-768x576.jpg 768w, https:\/\/www.welandstal.se\/content\/uploads\/2024\/05\/P5290634-1536x1152.jpg 1536w, https:\/\/www.welandstal.se\/content\/uploads\/2024\/05\/P5290634-2048x1536.jpg 2048w, https:\/\/www.welandstal.se\/content\/uploads\/2024\/05\/P5290634-600x450.jpg 600w\"><\/figure><figure class=\"weland-gallery_item \"><img loading=\"lazy\" decoding=\"async\" width=\"1200\" height=\"600\" src=\"https:\/\/www.welandstal.se\/content\/uploads\/2024\/05\/1200x600wa.png\" class=\"weland-gallery_image braavos-image\" alt=\"\" style=\"object-position:50% 50%\" sizes=\"auto, (min-width: px) px, 100vw\"><\/figure><figure class=\"weland-gallery_item \"><img loading=\"lazy\" decoding=\"async\" width=\"1859\" height=\"698\" src=\"https:\/\/www.welandstal.se\/content\/uploads\/2024\/04\/NB.jpg\" class=\"weland-gallery_image braavos-image\" alt=\"\" style=\"object-position:50% 50%\" sizes=\"auto, (min-width: px) px, 100vw\" srcset=\"https:\/\/www.welandstal.se\/content\/uploads\/2024\/04\/NB.jpg 1859w, https:\/\/www.welandstal.se\/content\/uploads\/2024\/04\/NB-300x113.jpg 300w, https:\/\/www.welandstal.se\/content\/uploads\/2024\/04\/NB-1024x384.jpg 1024w, https:\/\/www.welandstal.se\/content\/uploads\/2024\/04\/NB-768x288.jpg 768w, https:\/\/www.welandstal.se\/content\/uploads\/2024\/04\/NB-1536x577.jpg 1536w, https:\/\/www.welandstal.se\/content\/uploads\/2024\/04\/NB-600x225.jpg 600w\"><\/figure><figure class=\"weland-gallery_item \"><img loading=\"lazy\" decoding=\"async\" width=\"2000\" height=\"1381\" src=\"https:\/\/www.welandstal.se\/content\/uploads\/2023\/05\/aw00013606-small.jpg\" class=\"weland-gallery_image braavos-image\" alt=\"\" style=\"object-position:59.33% 35.27%\" sizes=\"auto, (min-width: px) px, 100vw\" srcset=\"https:\/\/www.welandstal.se\/content\/uploads\/2023\/05\/aw00013606-small.jpg 2000w, https:\/\/www.welandstal.se\/content\/uploads\/2023\/05\/aw00013606-small-300x207.jpg 300w, https:\/\/www.welandstal.se\/content\/uploads\/2023\/05\/aw00013606-small-1024x707.jpg 1024w, https:\/\/www.welandstal.se\/content\/uploads\/2023\/05\/aw00013606-small-768x530.jpg 768w, https:\/\/www.welandstal.se\/content\/uploads\/2023\/05\/aw00013606-small-1536x1061.jpg 1536w, https:\/\/www.welandstal.se\/content\/uploads\/2023\/05\/aw00013606-small-600x414.jpg 600w\"><\/figure><\/div><\/div><\/div><\/html>\n","protected":false},"excerpt":{"rendered":"<p>Facadestiger og gel\u00e6ndereWeland har et omfattende sortiment af lagerf\u00f8rte facadestiger med rygb\u00f8jer, samt et bredt udvalg af lagerf\u00f8rte gel\u00e6ndere. Se [&hellip;]<\/p>\n","protected":false},"author":1,"featured_media":0,"parent":0,"menu_order":0,"comment_status":"closed","ping_status":"closed","template":"modules-page.php","meta":{"_acf_changed":false,"footnotes":""},"class_list":["post-13167","page","type-page","status-publish","hentry"],"acf":[],"_links":{"self":[{"href":"https:\/\/www.welandstal.se\/da\/wp-json\/wp\/v2\/pages\/13167","targetHints":{"allow":["GET"]}}],"collection":[{"href":"https:\/\/www.welandstal.se\/da\/wp-json\/wp\/v2\/pages"}],"about":[{"href":"https:\/\/www.welandstal.se\/da\/wp-json\/wp\/v2\/types\/page"}],"author":[{"embeddable":true,"href":"https:\/\/www.welandstal.se\/da\/wp-json\/wp\/v2\/users\/1"}],"replies":[{"embeddable":true,"href":"https:\/\/www.welandstal.se\/da\/wp-json\/wp\/v2\/comments?post=13167"}],"version-history":[{"count":8,"href":"https:\/\/www.welandstal.se\/da\/wp-json\/wp\/v2\/pages\/13167\/revisions"}],"predecessor-version":[{"id":21483,"href":"https:\/\/www.welandstal.se\/da\/wp-json\/wp\/v2\/pages\/13167\/revisions\/21483"}],"wp:attachment":[{"href":"https:\/\/www.welandstal.se\/da\/wp-json\/wp\/v2\/media?parent=13167"}],"curies":[{"name":"wp","href":"https:\/\/api.w.org\/{rel}","templated":true}]}}