{"id":20842,"date":"2022-10-20T11:01:35","date_gmt":"2022-10-20T09:01:35","guid":{"rendered":"https:\/\/www.welandstal.se\/?page_id=20842"},"modified":"2025-03-17T13:50:15","modified_gmt":"2025-03-17T12:50:15","slug":"kontakt-os","status":"publish","type":"page","link":"https:\/\/www.welandstal.se\/da\/kontakt-os\/","title":{"rendered":"Kontakt os"},"content":{"rendered":"<p>&nbsp;<\/p>\n<p><strong><img loading=\"lazy\" decoding=\"async\" class=\"size-full wp-image-12202 alignleft\" src=\"https:\/\/www.welandstal.se\/content\/uploads\/2024\/05\/litenW.png\" alt=\"\" width=\"160\" height=\"154\" \/>Weland &amp; S\u00f8nner A\/S<br \/>\n<\/strong><\/p>\n<div><strong>Rugv\u00e6nget 32<\/strong><br \/>\n<strong>2630 Taastrup<\/strong><\/div>\n<div>Tel: 43 99 75 55<\/div>\n<div class=\"site-footer-info-item\"><a href=\"mailto:weland@weland.dk\">weland@weland.dk<\/a><\/div>\n<p>&nbsp;<\/p>\n<p>&nbsp;<\/p>\n<blockquote>\n<h5 style=\"text-align: left;\"><strong>Adm. dir.<\/strong><\/h5>\n<\/blockquote>\n<div style=\"text-align: left;\"><strong>Henrik M. Hansen<\/strong><\/div>\n<div style=\"text-align: left;\">22 19 44 01<\/div>\n<div class=\"site-footer-info-item\" style=\"text-align: left;\"><a href=\"mailto:henrik.hansen@weland.dk\">henrik.hansen@weland.dk<\/a><\/div>\n<h5><\/h5>\n<blockquote>\n<h5><strong>Salg<\/strong><\/h5>\n<\/blockquote>\n<p style=\"text-align: left;\"><strong>Paw Christensen<br \/>\n<\/strong><em>Salgskonsulent<br \/>\nSalg til Sj\u00e6lland, Falster, Lolland, Fyn og Bornholm<\/em><br \/>\n22 19 44 06<br \/>\n<a href=\"mailto:paw.christensen@weland.dk\">paw.christensen@weland.dk<\/a><\/p>\n<p style=\"text-align: left;\"><strong>Henrik M. Hansen<br \/>\n<\/strong><em>Salg til hele landet<\/em><br \/>\n22 19 44 01<br \/>\n<a href=\"mailto:henrik.hansen@weland.dk\"> henrik.hansen@weland.dk<\/a><\/p>\n<p style=\"text-align: left;\"><strong>Flemming Fr\u00fchwirth<br \/>\n<\/strong><em>Chefkonsulent<br \/>\nSalg til Jylland, Gr\u00f8nland og F\u00e6r\u00f8erne<\/em><br \/>\n22 19 44 03<br \/>\n<a href=\"mailto:flemming.fruhwirth@weland.dk\">flemming.fruhwirth@weland.dk<\/a><\/p>\n<h5><\/h5>\n<blockquote>\n<h5><strong>Logistik og salg af lagervarer<\/strong><\/h5>\n<\/blockquote>\n<p style=\"text-align: left;\"><strong>Troels Astrud<br \/>\n<\/strong><em>Supply Chain Coordinator<\/em><br \/>\n22 19 44 04<br \/>\n<a href=\"mailto:troels.astrud@weland.dk\">troels.astrud@weland.dk<\/a><\/p>\n<p>&nbsp;<\/p>\n<blockquote>\n<h5><strong>Konstruktion<\/strong><\/h5>\n<\/blockquote>\n<p style=\"text-align: left;\"><strong>Jorge Maisavana<br \/>\n<\/strong><em>Teknisk Designer<\/em><br \/>\n22 19 45 00<br \/>\n<a href=\"mailto:jorge.maisavana@weland.dk\">jorge.maisavana@weland.dk<\/a><\/p>\n<p>&nbsp;<\/p>\n<blockquote>\n<h5><strong>Bogholderi<\/strong><\/h5>\n<\/blockquote>\n<p style=\"text-align: left;\"><strong>Helle Rasmussen<br \/>\n<\/strong><em>Kontorassistent<\/em><br \/>\n22 19 44 05<br \/>\n<a href=\"mailto:helle.rasmussen@weland.dk\">helle.rasmussen@weland.dk<\/a><\/p>\n<p>&nbsp;<\/p>\n<blockquote>\n<h4>Har du et sp\u00f8rgsm\u00e5l til os?<\/h4>\n<\/blockquote>\n<p><strong>Kontaktformular:<\/strong><\/p>\n<p style=\"text-align: left;\"><script>\nvar gform;gform||(document.addEventListener(\"gform_main_scripts_loaded\",function(){gform.scriptsLoaded=!0}),document.addEventListener(\"gform\/theme\/scripts_loaded\",function(){gform.themeScriptsLoaded=!0}),window.addEventListener(\"DOMContentLoaded\",function(){gform.domLoaded=!0}),gform={domLoaded:!1,scriptsLoaded:!1,themeScriptsLoaded:!1,isFormEditor:()=>\"function\"==typeof InitializeEditor,callIfLoaded:function(o){return!(!gform.domLoaded||!gform.scriptsLoaded||!gform.themeScriptsLoaded&&!gform.isFormEditor()||(gform.isFormEditor()&&console.warn(\"The use of gform.initializeOnLoaded() is deprecated in the form editor context and will be removed in Gravity Forms 3.1.\"),o(),0))},initializeOnLoaded:function(o){gform.callIfLoaded(o)||(document.addEventListener(\"gform_main_scripts_loaded\",()=>{gform.scriptsLoaded=!0,gform.callIfLoaded(o)}),document.addEventListener(\"gform\/theme\/scripts_loaded\",()=>{gform.themeScriptsLoaded=!0,gform.callIfLoaded(o)}),window.addEventListener(\"DOMContentLoaded\",()=>{gform.domLoaded=!0,gform.callIfLoaded(o)}))},hooks:{action:{},filter:{}},addAction:function(o,r,e,t){gform.addHook(\"action\",o,r,e,t)},addFilter:function(o,r,e,t){gform.addHook(\"filter\",o,r,e,t)},doAction:function(o){gform.doHook(\"action\",o,arguments)},applyFilters:function(o){return gform.doHook(\"filter\",o,arguments)},removeAction:function(o,r){gform.removeHook(\"action\",o,r)},removeFilter:function(o,r,e){gform.removeHook(\"filter\",o,r,e)},addHook:function(o,r,e,t,n){null==gform.hooks[o][r]&&(gform.hooks[o][r]=[]);var d=gform.hooks[o][r];null==n&&(n=r+\"_\"+d.length),gform.hooks[o][r].push({tag:n,callable:e,priority:t=null==t?10:t})},doHook:function(r,o,e){var t;if(e=Array.prototype.slice.call(e,1),null!=gform.hooks[r][o]&&((o=gform.hooks[r][o]).sort(function(o,r){return o.priority-r.priority}),o.forEach(function(o){\"function\"!=typeof(t=o.callable)&&(t=window[t]),\"action\"==r?t.apply(null,e):e[0]=t.apply(null,e)})),\"filter\"==r)return e[0]},removeHook:function(o,r,t,n){var e;null!=gform.hooks[o][r]&&(e=(e=gform.hooks[o][r]).filter(function(o,r,e){return!!(null!=n&&n!=o.tag||null!=t&&t!=o.priority)}),gform.hooks[o][r]=e)}});\n<\/script>\n\n                <div class='gf_browser_gecko gform_wrapper gravity-theme gform-theme--no-framework' data-form-theme='gravity-theme' data-form-index='0' id='gform_wrapper_3' ><div id='gf_3' class='gform_anchor' tabindex='-1'><\/div>\n                        <div class='gform_heading'>\n                            <h2 class=\"gform_title\">Kontakt (DA)<\/h2>\n                            <p class='gform_description'><\/p>\n                        <\/div><form method='post' enctype='multipart\/form-data' target='gform_ajax_frame_3' id='gform_3'  action='\/da\/wp-json\/wp\/v2\/pages\/20842#gf_3' data-formid='3' novalidate>\n                        <div class='gform-body gform_body'><div id='gform_fields_3' class='gform_fields top_label form_sublabel_below description_below validation_below'><div id=\"field_3_6\" class=\"gfield gfield--type-text gfield--input-type-text gfield--width-full field_sublabel_below gfield--no-description field_description_below field_validation_below gfield_visibility_visible\"  ><label class='gfield_label gform-field-label' for='input_3_6'>Navn<\/label><div class='ginput_container ginput_container_text'><input name='input_6' id='input_3_6' type='text' value='' class='large'      aria-invalid=\"false\"   \/><\/div><\/div><div id=\"field_3_1\" class=\"gfield gfield--type-email gfield--input-type-email gfield_contains_required field_sublabel_below gfield--no-description field_description_below field_validation_below gfield_visibility_visible\"  ><label class='gfield_label gform-field-label' for='input_3_1'>Email<span class=\"gfield_required\"><span class=\"gfield_required gfield_required_text\">(Required)<\/span><\/span><\/label><div class='ginput_container ginput_container_email'>\n                            <input name='input_1' id='input_3_1' type='email' value='' class='large'    aria-required=\"true\" aria-invalid=\"false\"  \/>\n                        <\/div><\/div><div id=\"field_3_3\" class=\"gfield gfield--type-phone gfield--input-type-phone gfield--width-full field_sublabel_below gfield--no-description field_description_below field_validation_below gfield_visibility_visible\"  ><label class='gfield_label gform-field-label' for='input_3_3'>Telefon<\/label><div class='ginput_container ginput_container_phone'><input name='input_3' id='input_3_3' type='tel' value='' class='large'    aria-invalid=\"false\"   \/><\/div><\/div><div id=\"field_3_5\" class=\"gfield gfield--type-textarea gfield--input-type-textarea gfield--width-full field_sublabel_below gfield--no-description field_description_below field_validation_below gfield_visibility_visible\"  ><label class='gfield_label gform-field-label' for='input_3_5'>Meddelelse<\/label><div class='ginput_container ginput_container_textarea'><textarea name='input_5' id='input_3_5' class='textarea large'      aria-invalid=\"false\"   rows='10' cols='50'><\/textarea><\/div><\/div><div id=\"field_3_8\" class=\"gfield gfield--type-captcha gfield--input-type-captcha gfield--width-full field_sublabel_below gfield--no-description field_description_below hidden_label field_validation_below gfield_visibility_visible\"  ><label class='gfield_label gform-field-label' for='input_3_8'>CAPTCHA<\/label><div id='input_3_8' class='ginput_container ginput_recaptcha' data-sitekey='6LdintUrAAAAAEx_VKMWQIjkxcxZbtQ0b312pNCb'  data-theme='light' data-tabindex='-1' data-size='invisible' data-badge='bottomright'><\/div><\/div><\/div><\/div>\n        <div class='gform-footer gform_footer top_label'> <input type='submit' id='gform_submit_button_3' class='gform_button button' onclick='gform.submission.handleButtonClick(this);' data-submission-type='submit' value='Send'  \/> <input type='hidden' name='gform_ajax' value='form_id=3&amp;title=1&amp;description=1&amp;tabindex=0&amp;theme=gravity-theme&amp;styles=[]&amp;hash=902cd3332019ab326f30a31645c76257' \/>\n            <input type='hidden' class='gform_hidden' name='gform_submission_method' data-js='gform_submission_method_3' value='iframe' \/>\n            <input type='hidden' class='gform_hidden' name='gform_theme' data-js='gform_theme_3' id='gform_theme_3' value='gravity-theme' \/>\n            <input type='hidden' class='gform_hidden' name='gform_style_settings' data-js='gform_style_settings_3' id='gform_style_settings_3' value='[]' \/>\n            <input type='hidden' class='gform_hidden' name='is_submit_3' value='1' \/>\n            <input type='hidden' class='gform_hidden' name='gform_submit' value='3' \/>\n            \n            <input type='hidden' class='gform_hidden' name='gform_currency' data-currency='USD' value='7bk\/q8C8jNxILivKpUJkYTa2JIeGECCmoP7KhucFX0vVoQpwBPkSNhkO4FQr1KXDWP1tz2GVjSxq740JJuzLsXfsHc2GFPzFArcooBCJEqyiW4I=' \/>\n            <input type='hidden' class='gform_hidden' name='gform_unique_id' value='' \/>\n            <input type='hidden' class='gform_hidden' name='state_3' value='WyJbXSIsImFjYjc5NmUxOTc1M2E4YjJkNzU2OThhNjUwNDIwNzY0Il0=' \/>\n            <input type='hidden' autocomplete='off' class='gform_hidden' name='gform_target_page_number_3' id='gform_target_page_number_3' value='0' \/>\n            <input type='hidden' autocomplete='off' class='gform_hidden' name='gform_source_page_number_3' id='gform_source_page_number_3' value='1' \/>\n            <input type='hidden' name='gform_field_values' value='' \/>\n            \n        <\/div>\n                        <\/form>\n                        <\/div>\n\t\t                <iframe style='display:none;width:0px;height:0px;' src='about:blank' name='gform_ajax_frame_3' id='gform_ajax_frame_3' title='This iframe contains the logic required to handle Ajax powered Gravity Forms.'><\/iframe>\n\t\t                <script>\ngform.initializeOnLoaded( function() {gformInitSpinner( 3, 'https:\/\/www.welandstal.se\/content\/plugins\/gravityforms\/images\/spinner.svg', true );jQuery('#gform_ajax_frame_3').on('load',function(){var contents = jQuery(this).contents().find('*').html();var is_postback = contents.indexOf('GF_AJAX_POSTBACK') >= 0;if(!is_postback){return;}var form_content = jQuery(this).contents().find('#gform_wrapper_3');var is_confirmation = jQuery(this).contents().find('#gform_confirmation_wrapper_3').length > 0;var is_redirect = contents.indexOf('gformRedirect(){') >= 0;var is_form = form_content.length > 0 && ! is_redirect && ! is_confirmation;var mt = parseInt(jQuery('html').css('margin-top'), 10) + parseInt(jQuery('body').css('margin-top'), 10) + 100;if(is_form){jQuery('#gform_wrapper_3').html(form_content.html());if(form_content.hasClass('gform_validation_error')){jQuery('#gform_wrapper_3').addClass('gform_validation_error');} else {jQuery('#gform_wrapper_3').removeClass('gform_validation_error');}setTimeout( function() { \/* delay the scroll by 50 milliseconds to fix a bug in chrome *\/ jQuery(document).scrollTop(jQuery('#gform_wrapper_3').offset().top - mt); }, 50 );if(window['gformInitDatepicker']) {gformInitDatepicker();}if(window['gformInitPriceFields']) {gformInitPriceFields();}var current_page = jQuery('#gform_source_page_number_3').val();gformInitSpinner( 3, 'https:\/\/www.welandstal.se\/content\/plugins\/gravityforms\/images\/spinner.svg', true );jQuery(document).trigger('gform_page_loaded', [3, current_page]);window['gf_submitting_3'] = false;}else if(!is_redirect){var confirmation_content = jQuery(this).contents().find('.GF_AJAX_POSTBACK').html();if(!confirmation_content){confirmation_content = contents;}jQuery('#gform_wrapper_3').replaceWith(confirmation_content);jQuery(document).scrollTop(jQuery('#gf_3').offset().top - mt);jQuery(document).trigger('gform_confirmation_loaded', [3]);window['gf_submitting_3'] = false;wp.a11y.speak(jQuery('#gform_confirmation_message_3').text());}else{jQuery('#gform_3').append(contents);if(window['gformRedirect']) {gformRedirect();}}jQuery(document).trigger(\"gform_pre_post_render\", [{ formId: \"3\", currentPage: \"current_page\", abort: function() { this.preventDefault(); } }]);        if (event && event.defaultPrevented) {                return;        }        const gformWrapperDiv = document.getElementById( \"gform_wrapper_3\" );        if ( gformWrapperDiv ) {            const visibilitySpan = document.createElement( \"span\" );            visibilitySpan.id = \"gform_visibility_test_3\";            gformWrapperDiv.insertAdjacentElement( \"afterend\", visibilitySpan );        }        const visibilityTestDiv = document.getElementById( \"gform_visibility_test_3\" );        let postRenderFired = false;        function triggerPostRender() {            if ( postRenderFired ) {                return;            }            postRenderFired = true;            gform.core.triggerPostRenderEvents( 3, current_page );            if ( visibilityTestDiv ) {                visibilityTestDiv.parentNode.removeChild( visibilityTestDiv );            }        }        function debounce( func, wait, immediate ) {            var timeout;            return function() {                var context = this, args = arguments;                var later = function() {                    timeout = null;                    if ( !immediate ) func.apply( context, args );                };                var callNow = immediate && !timeout;                clearTimeout( timeout );                timeout = setTimeout( later, wait );                if ( callNow ) func.apply( context, args );            };        }        const debouncedTriggerPostRender = debounce( function() {            triggerPostRender();        }, 200 );        if ( visibilityTestDiv && visibilityTestDiv.offsetParent === null ) {            const observer = new MutationObserver( ( mutations ) => {                mutations.forEach( ( mutation ) => {                    if ( mutation.type === 'attributes' && visibilityTestDiv.offsetParent !== null ) {                        debouncedTriggerPostRender();                        observer.disconnect();                    }                });            });            observer.observe( document.body, {                attributes: true,                childList: false,                subtree: true,                attributeFilter: [ 'style', 'class' ],            });        } else {            triggerPostRender();        }    } );} );\n<\/script>\n<\/p>\n<p><img loading=\"lazy\" decoding=\"async\" class=\"alignnone wp-image-12211 size-full\" src=\"https:\/\/www.welandstal.se\/content\/uploads\/2024\/05\/img_telefonbild.jpg\" alt=\"\" width=\"1200\" height=\"638\" srcset=\"https:\/\/www.welandstal.se\/content\/uploads\/2024\/05\/img_telefonbild.jpg 1200w, https:\/\/www.welandstal.se\/content\/uploads\/2024\/05\/img_telefonbild-300x160.jpg 300w, https:\/\/www.welandstal.se\/content\/uploads\/2024\/05\/img_telefonbild-1024x544.jpg 1024w, https:\/\/www.welandstal.se\/content\/uploads\/2024\/05\/img_telefonbild-768x408.jpg 768w, https:\/\/www.welandstal.se\/content\/uploads\/2024\/05\/img_telefonbild-600x319.jpg 600w\" sizes=\"auto, (max-width: 1200px) 100vw, 1200px\" \/><\/p>\n","protected":false},"excerpt":{"rendered":"<p>&nbsp; Weland &amp; S\u00f8nner A\/S Rugv\u00e6nget 32 2630 Taastrup Tel: 43 99 75 55 weland@weland.dk &nbsp; &nbsp; Adm. dir. Henrik [&hellip;]<\/p>\n","protected":false},"author":3,"featured_media":0,"parent":0,"menu_order":0,"comment_status":"closed","ping_status":"closed","template":"","meta":{"_acf_changed":false,"footnotes":""},"class_list":["post-20842","page","type-page","status-publish","hentry"],"acf":[],"_links":{"self":[{"href":"https:\/\/www.welandstal.se\/da\/wp-json\/wp\/v2\/pages\/20842","targetHints":{"allow":["GET"]}}],"collection":[{"href":"https:\/\/www.welandstal.se\/da\/wp-json\/wp\/v2\/pages"}],"about":[{"href":"https:\/\/www.welandstal.se\/da\/wp-json\/wp\/v2\/types\/page"}],"author":[{"embeddable":true,"href":"https:\/\/www.welandstal.se\/da\/wp-json\/wp\/v2\/users\/3"}],"replies":[{"embeddable":true,"href":"https:\/\/www.welandstal.se\/da\/wp-json\/wp\/v2\/comments?post=20842"}],"version-history":[{"count":4,"href":"https:\/\/www.welandstal.se\/da\/wp-json\/wp\/v2\/pages\/20842\/revisions"}],"predecessor-version":[{"id":21486,"href":"https:\/\/www.welandstal.se\/da\/wp-json\/wp\/v2\/pages\/20842\/revisions\/21486"}],"wp:attachment":[{"href":"https:\/\/www.welandstal.se\/da\/wp-json\/wp\/v2\/media?parent=20842"}],"curies":[{"name":"wp","href":"https:\/\/api.w.org\/{rel}","templated":true}]}}