{"id":14106,"date":"2023-03-24T07:54:23","date_gmt":"2023-03-24T06:54:23","guid":{"rendered":"https:\/\/www.welandstal.se\/product\/fjeder-til-laaslaag-nedfaeldelig-stige\/"},"modified":"2024-10-22T08:26:22","modified_gmt":"2024-10-22T06:26:22","slug":"fjeder-til-laaslaag-nedfaeldelig-stige","status":"publish","type":"product","link":"https:\/\/www.welandstal.se\/da\/artikel\/fjeder-til-laaslaag-nedfaeldelig-stige\/","title":{"rendered":"Fjeder til l\u00e5sl\u00e5g nedf\u00e6ldelig stige"},"content":{"rendered":"","protected":false},"excerpt":{"rendered":"","protected":false},"featured_media":0,"template":"","meta":{"_acf_changed":false},"product_brand":[],"product_cat":[326],"product_tag":[],"class_list":{"0":"post-14106","1":"product","2":"type-product","3":"status-publish","6":"first","7":"instock","8":"shipping-taxable","9":"purchasable","10":"product-type-simple"},"acf":[],"_links":{"self":[{"href":"https:\/\/www.welandstal.se\/da\/wp-json\/wp\/v2\/product\/14106","targetHints":{"allow":["GET"]}}],"collection":[{"href":"https:\/\/www.welandstal.se\/da\/wp-json\/wp\/v2\/product"}],"about":[{"href":"https:\/\/www.welandstal.se\/da\/wp-json\/wp\/v2\/types\/product"}],"wp:attachment":[{"href":"https:\/\/www.welandstal.se\/da\/wp-json\/wp\/v2\/media?parent=14106"}],"wp:term":[{"taxonomy":"product_brand","embeddable":true,"href":"https:\/\/www.welandstal.se\/da\/wp-json\/wp\/v2\/product_brand?post=14106"},{"taxonomy":"product_cat","embeddable":true,"href":"https:\/\/www.welandstal.se\/da\/wp-json\/wp\/v2\/product_cat?post=14106"},{"taxonomy":"product_tag","embeddable":true,"href":"https:\/\/www.welandstal.se\/da\/wp-json\/wp\/v2\/product_tag?post=14106"}],"curies":[{"name":"wp","href":"https:\/\/api.w.org\/{rel}","templated":true}]}}