{"id":14696,"date":"2023-03-24T07:55:23","date_gmt":"2023-03-24T06:55:23","guid":{"rendered":"https:\/\/www.welandstal.se\/product\/haengelsaet-roer-vaeg-42mm-vfz\/"},"modified":"2025-02-24T14:43:37","modified_gmt":"2025-02-24T13:43:37","slug":"haengelsaet-roer-vaeg-42mm-vfz","status":"publish","type":"product","link":"https:\/\/www.welandstal.se\/da\/artikel\/haengelsaet-roer-vaeg-42mm-vfz\/","title":{"rendered":"H\u00e6ngels\u00e6t r\u00f8r\/v\u00e6g 42mm fzv"},"content":{"rendered":"","protected":false},"excerpt":{"rendered":"","protected":false},"featured_media":14697,"template":"","meta":{"_acf_changed":false},"product_brand":[],"product_cat":[326],"product_tag":[],"class_list":{"0":"post-14696","1":"product","2":"type-product","3":"status-publish","4":"has-post-thumbnail","7":"first","8":"instock","9":"shipping-taxable","10":"purchasable","11":"product-type-simple"},"acf":[],"_links":{"self":[{"href":"https:\/\/www.welandstal.se\/da\/wp-json\/wp\/v2\/product\/14696","targetHints":{"allow":["GET"]}}],"collection":[{"href":"https:\/\/www.welandstal.se\/da\/wp-json\/wp\/v2\/product"}],"about":[{"href":"https:\/\/www.welandstal.se\/da\/wp-json\/wp\/v2\/types\/product"}],"wp:featuredmedia":[{"embeddable":true,"href":"https:\/\/www.welandstal.se\/da\/wp-json\/wp\/v2\/media\/14697"}],"wp:attachment":[{"href":"https:\/\/www.welandstal.se\/da\/wp-json\/wp\/v2\/media?parent=14696"}],"wp:term":[{"taxonomy":"product_brand","embeddable":true,"href":"https:\/\/www.welandstal.se\/da\/wp-json\/wp\/v2\/product_brand?post=14696"},{"taxonomy":"product_cat","embeddable":true,"href":"https:\/\/www.welandstal.se\/da\/wp-json\/wp\/v2\/product_cat?post=14696"},{"taxonomy":"product_tag","embeddable":true,"href":"https:\/\/www.welandstal.se\/da\/wp-json\/wp\/v2\/product_tag?post=14696"}],"curies":[{"name":"wp","href":"https:\/\/api.w.org\/{rel}","templated":true}]}}