{"id":14723,"date":"2023-03-24T07:58:36","date_gmt":"2023-03-24T06:58:36","guid":{"rendered":"https:\/\/www.welandstal.se\/product\/boltsaet-laasning-3-roer-kobber\/"},"modified":"2024-10-22T08:32:23","modified_gmt":"2024-10-22T06:32:23","slug":"boltsaet-laasning-3-roer-kobber","status":"publish","type":"product","link":"https:\/\/www.welandstal.se\/da\/artikel\/boltsaet-laasning-3-roer-kobber\/","title":{"rendered":"Bolts\u00e6t l\u00e5sning 3 r\u00f8r kobber"},"content":{"rendered":"","protected":false},"excerpt":{"rendered":"","protected":false},"featured_media":0,"template":"","meta":{"_acf_changed":false},"product_brand":[],"product_cat":[326],"product_tag":[],"class_list":{"0":"post-14723","1":"product","2":"type-product","3":"status-publish","6":"first","7":"instock","8":"shipping-taxable","9":"purchasable","10":"product-type-simple"},"acf":[],"_links":{"self":[{"href":"https:\/\/www.welandstal.se\/da\/wp-json\/wp\/v2\/product\/14723","targetHints":{"allow":["GET"]}}],"collection":[{"href":"https:\/\/www.welandstal.se\/da\/wp-json\/wp\/v2\/product"}],"about":[{"href":"https:\/\/www.welandstal.se\/da\/wp-json\/wp\/v2\/types\/product"}],"wp:attachment":[{"href":"https:\/\/www.welandstal.se\/da\/wp-json\/wp\/v2\/media?parent=14723"}],"wp:term":[{"taxonomy":"product_brand","embeddable":true,"href":"https:\/\/www.welandstal.se\/da\/wp-json\/wp\/v2\/product_brand?post=14723"},{"taxonomy":"product_cat","embeddable":true,"href":"https:\/\/www.welandstal.se\/da\/wp-json\/wp\/v2\/product_cat?post=14723"},{"taxonomy":"product_tag","embeddable":true,"href":"https:\/\/www.welandstal.se\/da\/wp-json\/wp\/v2\/product_tag?post=14723"}],"curies":[{"name":"wp","href":"https:\/\/api.w.org\/{rel}","templated":true}]}}