{"id":14770,"date":"2023-03-24T08:04:42","date_gmt":"2023-03-24T07:04:42","guid":{"rendered":"https:\/\/www.welandstal.se\/product\/plastlaag-graa-til-42mm-roer\/"},"modified":"2024-10-22T08:33:20","modified_gmt":"2024-10-22T06:33:20","slug":"plastlaag-graa-til-42mm-roer","status":"publish","type":"product","link":"https:\/\/www.welandstal.se\/da\/artikel\/plastlaag-graa-til-42mm-roer\/","title":{"rendered":"Plastl\u00e5g gr\u00e5 til 42mm r\u00f8r"},"content":{"rendered":"","protected":false},"excerpt":{"rendered":"","protected":false},"featured_media":14771,"template":"","meta":{"_acf_changed":false},"product_brand":[],"product_cat":[326],"product_tag":[],"class_list":{"0":"post-14770","1":"product","2":"type-product","3":"status-publish","4":"has-post-thumbnail","7":"first","8":"instock","9":"shipping-taxable","10":"purchasable","11":"product-type-simple"},"acf":[],"_links":{"self":[{"href":"https:\/\/www.welandstal.se\/da\/wp-json\/wp\/v2\/product\/14770","targetHints":{"allow":["GET"]}}],"collection":[{"href":"https:\/\/www.welandstal.se\/da\/wp-json\/wp\/v2\/product"}],"about":[{"href":"https:\/\/www.welandstal.se\/da\/wp-json\/wp\/v2\/types\/product"}],"wp:featuredmedia":[{"embeddable":true,"href":"https:\/\/www.welandstal.se\/da\/wp-json\/wp\/v2\/media\/14771"}],"wp:attachment":[{"href":"https:\/\/www.welandstal.se\/da\/wp-json\/wp\/v2\/media?parent=14770"}],"wp:term":[{"taxonomy":"product_brand","embeddable":true,"href":"https:\/\/www.welandstal.se\/da\/wp-json\/wp\/v2\/product_brand?post=14770"},{"taxonomy":"product_cat","embeddable":true,"href":"https:\/\/www.welandstal.se\/da\/wp-json\/wp\/v2\/product_cat?post=14770"},{"taxonomy":"product_tag","embeddable":true,"href":"https:\/\/www.welandstal.se\/da\/wp-json\/wp\/v2\/product_tag?post=14770"}],"curies":[{"name":"wp","href":"https:\/\/api.w.org\/{rel}","templated":true}]}}