{"id":14904,"date":"2024-01-15T16:55:29","date_gmt":"2024-01-15T15:55:29","guid":{"rendered":"https:\/\/www.welandstal.se\/product\/gelaenderroer-28-mm-laengde-5-m-kobber\/"},"modified":"2024-10-22T08:33:48","modified_gmt":"2024-10-22T06:33:48","slug":"gelaenderroer-28-mm-laengde-5-m-kobber","status":"publish","type":"product","link":"https:\/\/www.welandstal.se\/da\/artikel\/gelaenderroer-28-mm-laengde-5-m-kobber\/","title":{"rendered":"Gel\u00e6nderr\u00f8r 28 mm l\u00e6ngde 5 m kobber"},"content":{"rendered":"","protected":false},"excerpt":{"rendered":"","protected":false},"featured_media":0,"template":"","meta":{"_acf_changed":false},"product_brand":[],"product_cat":[326],"product_tag":[],"class_list":{"0":"post-14904","1":"product","2":"type-product","3":"status-publish","6":"first","7":"instock","8":"shipping-taxable","9":"purchasable","10":"product-type-simple"},"acf":[],"_links":{"self":[{"href":"https:\/\/www.welandstal.se\/da\/wp-json\/wp\/v2\/product\/14904","targetHints":{"allow":["GET"]}}],"collection":[{"href":"https:\/\/www.welandstal.se\/da\/wp-json\/wp\/v2\/product"}],"about":[{"href":"https:\/\/www.welandstal.se\/da\/wp-json\/wp\/v2\/types\/product"}],"wp:attachment":[{"href":"https:\/\/www.welandstal.se\/da\/wp-json\/wp\/v2\/media?parent=14904"}],"wp:term":[{"taxonomy":"product_brand","embeddable":true,"href":"https:\/\/www.welandstal.se\/da\/wp-json\/wp\/v2\/product_brand?post=14904"},{"taxonomy":"product_cat","embeddable":true,"href":"https:\/\/www.welandstal.se\/da\/wp-json\/wp\/v2\/product_cat?post=14904"},{"taxonomy":"product_tag","embeddable":true,"href":"https:\/\/www.welandstal.se\/da\/wp-json\/wp\/v2\/product_tag?post=14904"}],"curies":[{"name":"wp","href":"https:\/\/api.w.org\/{rel}","templated":true}]}}