{"id":21115,"date":"2023-03-24T08:10:46","date_gmt":"2023-03-24T07:10:46","guid":{"rendered":"https:\/\/www.welandstal.se\/product\/trappegelaender-max-2-m-vfz\/"},"modified":"2025-02-24T09:58:48","modified_gmt":"2025-02-24T08:58:48","slug":"trappegelaender-max-2-m-vfz","status":"publish","type":"product","link":"https:\/\/www.welandstal.se\/da\/artikel\/trappegelaender-max-2-m-vfz\/","title":{"rendered":"Gel\u00e6nderb\u00f8jle skr\u00e5 industri maks. 2 m fzv"},"content":{"rendered":"","protected":false},"excerpt":{"rendered":"","protected":false},"featured_media":19475,"template":"","meta":{"_acf_changed":false},"product_brand":[],"product_cat":[326],"product_tag":[],"class_list":{"0":"post-21115","1":"product","2":"type-product","3":"status-publish","4":"has-post-thumbnail","7":"first","8":"instock","9":"shipping-taxable","10":"purchasable","11":"product-type-simple"},"acf":[],"_links":{"self":[{"href":"https:\/\/www.welandstal.se\/da\/wp-json\/wp\/v2\/product\/21115","targetHints":{"allow":["GET"]}}],"collection":[{"href":"https:\/\/www.welandstal.se\/da\/wp-json\/wp\/v2\/product"}],"about":[{"href":"https:\/\/www.welandstal.se\/da\/wp-json\/wp\/v2\/types\/product"}],"wp:featuredmedia":[{"embeddable":true,"href":"https:\/\/www.welandstal.se\/da\/wp-json\/wp\/v2\/media\/19475"}],"wp:attachment":[{"href":"https:\/\/www.welandstal.se\/da\/wp-json\/wp\/v2\/media?parent=21115"}],"wp:term":[{"taxonomy":"product_brand","embeddable":true,"href":"https:\/\/www.welandstal.se\/da\/wp-json\/wp\/v2\/product_brand?post=21115"},{"taxonomy":"product_cat","embeddable":true,"href":"https:\/\/www.welandstal.se\/da\/wp-json\/wp\/v2\/product_cat?post=21115"},{"taxonomy":"product_tag","embeddable":true,"href":"https:\/\/www.welandstal.se\/da\/wp-json\/wp\/v2\/product_tag?post=21115"}],"curies":[{"name":"wp","href":"https:\/\/api.w.org\/{rel}","templated":true}]}}