{"id":21118,"date":"2023-03-24T08:10:35","date_gmt":"2023-03-24T07:10:35","guid":{"rendered":"https:\/\/www.welandstal.se\/product\/gelaenderboejle-skraa-tremme-maks-1-m-fzv\/"},"modified":"2023-03-24T08:10:35","modified_gmt":"2023-03-24T07:10:35","slug":"gelaenderboejle-skraa-tremme-maks-1-m-fzv","status":"publish","type":"product","link":"https:\/\/www.welandstal.se\/da\/artikel\/gelaenderboejle-skraa-tremme-maks-1-m-fzv\/","title":{"rendered":"Gel\u00e6nderb\u00f8jle skr\u00e5 tremme maks. 1 m fzv"},"content":{"rendered":"","protected":false},"excerpt":{"rendered":"","protected":false},"featured_media":19469,"template":"","meta":{"_acf_changed":false},"product_brand":[],"product_cat":[326],"product_tag":[],"class_list":{"0":"post-21118","1":"product","2":"type-product","3":"status-publish","4":"has-post-thumbnail","7":"first","8":"instock","9":"shipping-taxable","10":"purchasable","11":"product-type-simple"},"acf":[],"_links":{"self":[{"href":"https:\/\/www.welandstal.se\/da\/wp-json\/wp\/v2\/product\/21118","targetHints":{"allow":["GET"]}}],"collection":[{"href":"https:\/\/www.welandstal.se\/da\/wp-json\/wp\/v2\/product"}],"about":[{"href":"https:\/\/www.welandstal.se\/da\/wp-json\/wp\/v2\/types\/product"}],"wp:featuredmedia":[{"embeddable":true,"href":"https:\/\/www.welandstal.se\/da\/wp-json\/wp\/v2\/media\/19469"}],"wp:attachment":[{"href":"https:\/\/www.welandstal.se\/da\/wp-json\/wp\/v2\/media?parent=21118"}],"wp:term":[{"taxonomy":"product_brand","embeddable":true,"href":"https:\/\/www.welandstal.se\/da\/wp-json\/wp\/v2\/product_brand?post=21118"},{"taxonomy":"product_cat","embeddable":true,"href":"https:\/\/www.welandstal.se\/da\/wp-json\/wp\/v2\/product_cat?post=21118"},{"taxonomy":"product_tag","embeddable":true,"href":"https:\/\/www.welandstal.se\/da\/wp-json\/wp\/v2\/product_tag?post=21118"}],"curies":[{"name":"wp","href":"https:\/\/api.w.org\/{rel}","templated":true}]}}