{"id":3072,"date":"2023-03-24T08:06:12","date_gmt":"2023-03-24T07:06:12","guid":{"rendered":"http:\/\/www.welandstal.se\/product\/rackeshorn-90gr-o42-vfz\/"},"modified":"2024-02-01T08:51:29","modified_gmt":"2024-02-01T07:51:29","slug":"rackeshorn-90gr-o42-vfz","status":"publish","type":"product","link":"https:\/\/www.welandstal.se\/da\/artikel\/rackeshorn-90gr-o42-vfz\/","title":{"rendered":"R\u00e4ckesh\u00f6rn 90gr \u00d842 vfz"},"content":{"rendered":"","protected":false},"excerpt":{"rendered":"","protected":false},"featured_media":6100,"template":"","meta":{"_acf_changed":false},"product_brand":[],"product_cat":[326],"product_tag":[],"class_list":{"0":"post-3072","1":"product","2":"type-product","3":"status-publish","4":"has-post-thumbnail","7":"first","8":"instock","9":"shipping-taxable","10":"purchasable","11":"product-type-simple"},"acf":[],"_links":{"self":[{"href":"https:\/\/www.welandstal.se\/da\/wp-json\/wp\/v2\/product\/3072","targetHints":{"allow":["GET"]}}],"collection":[{"href":"https:\/\/www.welandstal.se\/da\/wp-json\/wp\/v2\/product"}],"about":[{"href":"https:\/\/www.welandstal.se\/da\/wp-json\/wp\/v2\/types\/product"}],"wp:featuredmedia":[{"embeddable":true,"href":"https:\/\/www.welandstal.se\/da\/wp-json\/wp\/v2\/media\/6100"}],"wp:attachment":[{"href":"https:\/\/www.welandstal.se\/da\/wp-json\/wp\/v2\/media?parent=3072"}],"wp:term":[{"taxonomy":"product_brand","embeddable":true,"href":"https:\/\/www.welandstal.se\/da\/wp-json\/wp\/v2\/product_brand?post=3072"},{"taxonomy":"product_cat","embeddable":true,"href":"https:\/\/www.welandstal.se\/da\/wp-json\/wp\/v2\/product_cat?post=3072"},{"taxonomy":"product_tag","embeddable":true,"href":"https:\/\/www.welandstal.se\/da\/wp-json\/wp\/v2\/product_tag?post=3072"}],"curies":[{"name":"wp","href":"https:\/\/api.w.org\/{rel}","templated":true}]}}