{"id":3713,"date":"2023-03-24T08:09:28","date_gmt":"2023-03-24T07:09:28","guid":{"rendered":"http:\/\/www.welandstal.se\/product\/tackplat-for-wuc170-l125m\/"},"modified":"2024-02-01T08:52:29","modified_gmt":"2024-02-01T07:52:29","slug":"tackplat-for-wuc170-l125m","status":"publish","type":"product","link":"https:\/\/www.welandstal.se\/da\/artikel\/tackplat-for-wuc170-l125m\/","title":{"rendered":"T\u00e4ckpl\u00e5t f\u00f6r WUC170 L=1,25m"},"content":{"rendered":"","protected":false},"excerpt":{"rendered":"","protected":false},"featured_media":0,"template":"","meta":{"_acf_changed":false},"product_brand":[],"product_cat":[328],"product_tag":[],"class_list":{"0":"post-3713","1":"product","2":"type-product","3":"status-publish","6":"first","7":"instock","8":"shipping-taxable","9":"purchasable","10":"product-type-simple"},"acf":[],"_links":{"self":[{"href":"https:\/\/www.welandstal.se\/da\/wp-json\/wp\/v2\/product\/3713","targetHints":{"allow":["GET"]}}],"collection":[{"href":"https:\/\/www.welandstal.se\/da\/wp-json\/wp\/v2\/product"}],"about":[{"href":"https:\/\/www.welandstal.se\/da\/wp-json\/wp\/v2\/types\/product"}],"wp:attachment":[{"href":"https:\/\/www.welandstal.se\/da\/wp-json\/wp\/v2\/media?parent=3713"}],"wp:term":[{"taxonomy":"product_brand","embeddable":true,"href":"https:\/\/www.welandstal.se\/da\/wp-json\/wp\/v2\/product_brand?post=3713"},{"taxonomy":"product_cat","embeddable":true,"href":"https:\/\/www.welandstal.se\/da\/wp-json\/wp\/v2\/product_cat?post=3713"},{"taxonomy":"product_tag","embeddable":true,"href":"https:\/\/www.welandstal.se\/da\/wp-json\/wp\/v2\/product_tag?post=3713"}],"curies":[{"name":"wp","href":"https:\/\/api.w.org\/{rel}","templated":true}]}}