{"id":3805,"date":"2023-03-24T08:09:56","date_gmt":"2023-03-24T07:09:56","guid":{"rendered":"http:\/\/www.welandstal.se\/product\/forhojningsfaste-2-rad-snoras-t-rod\/"},"modified":"2024-02-01T08:52:36","modified_gmt":"2024-02-01T07:52:36","slug":"forhojningsfaste-2-rad-snoras-t-rod","status":"publish","type":"product","link":"https:\/\/www.welandstal.se\/da\/artikel\/forhojningsfaste-2-rad-snoras-t-rod\/","title":{"rendered":"F\u00f6rh\u00f6jningsf\u00e4ste 2 rad sn\u00f6ras t-r\u00f6d"},"content":{"rendered":"","protected":false},"excerpt":{"rendered":"","protected":false},"featured_media":6198,"template":"","meta":{"_acf_changed":false},"product_brand":[],"product_cat":[327],"product_tag":[],"class_list":{"0":"post-3805","1":"product","2":"type-product","3":"status-publish","4":"has-post-thumbnail","7":"first","8":"instock","9":"shipping-taxable","10":"purchasable","11":"product-type-simple"},"acf":[],"_links":{"self":[{"href":"https:\/\/www.welandstal.se\/da\/wp-json\/wp\/v2\/product\/3805","targetHints":{"allow":["GET"]}}],"collection":[{"href":"https:\/\/www.welandstal.se\/da\/wp-json\/wp\/v2\/product"}],"about":[{"href":"https:\/\/www.welandstal.se\/da\/wp-json\/wp\/v2\/types\/product"}],"wp:featuredmedia":[{"embeddable":true,"href":"https:\/\/www.welandstal.se\/da\/wp-json\/wp\/v2\/media\/6198"}],"wp:attachment":[{"href":"https:\/\/www.welandstal.se\/da\/wp-json\/wp\/v2\/media?parent=3805"}],"wp:term":[{"taxonomy":"product_brand","embeddable":true,"href":"https:\/\/www.welandstal.se\/da\/wp-json\/wp\/v2\/product_brand?post=3805"},{"taxonomy":"product_cat","embeddable":true,"href":"https:\/\/www.welandstal.se\/da\/wp-json\/wp\/v2\/product_cat?post=3805"},{"taxonomy":"product_tag","embeddable":true,"href":"https:\/\/www.welandstal.se\/da\/wp-json\/wp\/v2\/product_tag?post=3805"}],"curies":[{"name":"wp","href":"https:\/\/api.w.org\/{rel}","templated":true}]}}