{"id":804,"date":"2023-03-24T07:54:44","date_gmt":"2023-03-24T06:54:44","guid":{"rendered":"http:\/\/www.welandstal.se\/product\/fotplatta-hog-stallbart-faste-zm\/"},"modified":"2024-02-01T08:47:48","modified_gmt":"2024-02-01T07:47:48","slug":"fotplatta-hog-stallbart-faste-zm","status":"publish","type":"product","link":"https:\/\/www.welandstal.se\/da\/artikel\/fotplatta-hog-stallbart-faste-zm\/","title":{"rendered":"Fotplatta h\u00f6g st\u00e4llbart f\u00e4ste zm"},"content":{"rendered":"","protected":false},"excerpt":{"rendered":"","protected":false},"featured_media":5877,"template":"","meta":{"_acf_changed":false},"product_brand":[],"product_cat":[328],"product_tag":[],"class_list":{"0":"post-804","1":"product","2":"type-product","3":"status-publish","4":"has-post-thumbnail","7":"first","8":"instock","9":"shipping-taxable","10":"purchasable","11":"product-type-simple"},"acf":[],"_links":{"self":[{"href":"https:\/\/www.welandstal.se\/da\/wp-json\/wp\/v2\/product\/804","targetHints":{"allow":["GET"]}}],"collection":[{"href":"https:\/\/www.welandstal.se\/da\/wp-json\/wp\/v2\/product"}],"about":[{"href":"https:\/\/www.welandstal.se\/da\/wp-json\/wp\/v2\/types\/product"}],"wp:featuredmedia":[{"embeddable":true,"href":"https:\/\/www.welandstal.se\/da\/wp-json\/wp\/v2\/media\/5877"}],"wp:attachment":[{"href":"https:\/\/www.welandstal.se\/da\/wp-json\/wp\/v2\/media?parent=804"}],"wp:term":[{"taxonomy":"product_brand","embeddable":true,"href":"https:\/\/www.welandstal.se\/da\/wp-json\/wp\/v2\/product_brand?post=804"},{"taxonomy":"product_cat","embeddable":true,"href":"https:\/\/www.welandstal.se\/da\/wp-json\/wp\/v2\/product_cat?post=804"},{"taxonomy":"product_tag","embeddable":true,"href":"https:\/\/www.welandstal.se\/da\/wp-json\/wp\/v2\/product_tag?post=804"}],"curies":[{"name":"wp","href":"https:\/\/api.w.org\/{rel}","templated":true}]}}