{"id":11529,"date":"2022-12-08T12:28:45","date_gmt":"2022-12-08T11:28:45","guid":{"rendered":"https:\/\/www.welandstal.se\/73-2-2\/"},"modified":"2025-10-27T10:42:09","modified_gmt":"2025-10-27T09:42:09","slug":"73-2-2","status":"publish","type":"page","link":"https:\/\/www.welandstal.se\/no\/","title":{"rendered":"Startsida"},"content":{"rendered":"<!DOCTYPE html>\n<html><meta http-equiv=\"Content-Type\" content=\"text\/html; charset=utf-8\"><div id=\"module-0\" class=\"braavos-module braavos-module-slides braavos-module-0 module-width-full module-spacing-default\"><div class=\"braavos-module-inner\">\n\n<div class=\"braavos-slides braavos-slides-swiper swiper\">\n\n\t\t<div class=\"swiper-wrapper\">\n\n\t\n\t\t<div class=\"swiper-slide\">\n\n\t\t<div id=\"module-1\" class=\"braavos-module braavos-module-hero braavos-module-1 module-theme-light module-width-full content-position-left\"><div class=\"braavos-module-inner\">\n\n<div class=\"braavos-background\">\n\n\t<img loading=\"lazy\" decoding=\"async\" width=\"1024\" height=\"410\" src=\"https:\/\/www.welandstal.se\/content\/uploads\/2025\/04\/weline-one-komplett-2000x800-1-1024x410.jpg\" class=\"braavos-background__image braavos-image wide responsive\" alt=\"Fallskydd Weland One komplett\" style=\"object-position:50% 50%\" sizes=\"auto, (min-width: px) 100vw, 100vw\" srcset=\"https:\/\/www.welandstal.se\/content\/uploads\/2025\/04\/weline-one-komplett-2000x800-1-1024x410.jpg 1024w, https:\/\/www.welandstal.se\/content\/uploads\/2025\/04\/weline-one-komplett-2000x800-1-300x120.jpg 300w, https:\/\/www.welandstal.se\/content\/uploads\/2025\/04\/weline-one-komplett-2000x800-1-768x307.jpg 768w, https:\/\/www.welandstal.se\/content\/uploads\/2025\/04\/weline-one-komplett-2000x800-1-1536x614.jpg 1536w, https:\/\/www.welandstal.se\/content\/uploads\/2025\/04\/weline-one-komplett-2000x800-1-600x240.jpg 600w, https:\/\/www.welandstal.se\/content\/uploads\/2025\/04\/weline-one-komplett-2000x800-1.jpg 2000w\">\n<\/div>\n\n\n\n<div class=\"braavos-foreground\">\n\n\t<div class=\"braavos-foreground__content\"><h1 class=\"h3 braavos-heading braavos-hero_heading\">Nyhet: Weline&nbsp;ONE<\/h1><div class=\"braavos-hero_body-text\"><p>Som Skandinavias ledende akt\u00f8r innen taksikkerhet, utvider vi n\u00e5 vareutvalget v\u00e5rt med et nytt, smidig og fleksibelt fallsikringsprodukt \u2013&nbsp;Weline ONE.<\/p>\n<\/div><a class=\"braavos-button braavos-hero_cta\" href=\"https:\/\/www.welandstal.se\/no\/weline-one\/\">Les mer<\/a><\/div>\n<\/div>\n\n<\/div><\/div>\t\t\n\t\t<\/div>\n\n\t\n\t\t<div class=\"swiper-slide\">\n\n\t\t<div id=\"module-2\" class=\"braavos-module braavos-module-hero braavos-module-2 module-theme-light module-width-full content-position-left\"><div class=\"braavos-module-inner\">\n\n<div class=\"braavos-background\">\n\n\t<img loading=\"lazy\" decoding=\"async\" width=\"1024\" height=\"682\" src=\"https:\/\/www.welandstal.se\/content\/uploads\/2024\/04\/pannfaste-2000x1333-be00004874-1024x682.jpg\" class=\"braavos-background__image braavos-image wide responsive\" alt=\"\" style=\"object-position:50% 50%\" sizes=\"auto, (min-width: px) 100vw, 100vw\" srcset=\"https:\/\/www.welandstal.se\/content\/uploads\/2024\/04\/pannfaste-2000x1333-be00004874-1024x682.jpg 1024w, https:\/\/www.welandstal.se\/content\/uploads\/2024\/04\/pannfaste-2000x1333-be00004874-300x200.jpg 300w, https:\/\/www.welandstal.se\/content\/uploads\/2024\/04\/pannfaste-2000x1333-be00004874-768x512.jpg 768w, https:\/\/www.welandstal.se\/content\/uploads\/2024\/04\/pannfaste-2000x1333-be00004874-1536x1024.jpg 1536w, https:\/\/www.welandstal.se\/content\/uploads\/2024\/04\/pannfaste-2000x1333-be00004874-600x400.jpg 600w, https:\/\/www.welandstal.se\/content\/uploads\/2024\/04\/pannfaste-2000x1333-be00004874.jpg 2000w\">\n<\/div>\n\n\n\n<div class=\"braavos-foreground\">\n\n\t<div class=\"braavos-foreground__content\"><h3 class=\"braavos-heading braavos-hero_heading\">Produktnyhet<\/h3><div class=\"braavos-hero_body-text\"><p>N\u00e5 er det et nytt innovativt solcellepanelfeste for rask montering i lekter. Den nye <strong>PF1400<\/strong> er her!<\/p>\n<\/div><a class=\"braavos-button braavos-hero_cta\" href=\"https:\/\/www.welandstal.se\/no\/enda-raskere-montering-av-solcellepaneler\/\">Les mer<\/a><\/div>\n<\/div>\n\n<\/div><\/div>\t\t\n\t\t<\/div>\n\n\t\n\t\t<div class=\"swiper-slide\">\n\n\t\t<div id=\"module-3\" class=\"braavos-module braavos-module-hero braavos-module-3 module-theme-light module-width-full content-position-left\"><div class=\"braavos-module-inner\">\n\n<div class=\"braavos-background\">\n\n\t<img loading=\"lazy\" decoding=\"async\" width=\"1024\" height=\"682\" src=\"https:\/\/www.welandstal.se\/content\/uploads\/2024\/04\/laglutande-stabilisatormonterad-langsidesklamd-ost-vast-2000x1333-14153470-1024x682.jpg\" class=\"braavos-background__image braavos-image wide responsive\" alt=\"\" style=\"object-position:50% 50%\" sizes=\"auto, (min-width: px) 100vw, 100vw\" srcset=\"https:\/\/www.welandstal.se\/content\/uploads\/2024\/04\/laglutande-stabilisatormonterad-langsidesklamd-ost-vast-2000x1333-14153470-1024x682.jpg 1024w, https:\/\/www.welandstal.se\/content\/uploads\/2024\/04\/laglutande-stabilisatormonterad-langsidesklamd-ost-vast-2000x1333-14153470-300x200.jpg 300w, https:\/\/www.welandstal.se\/content\/uploads\/2024\/04\/laglutande-stabilisatormonterad-langsidesklamd-ost-vast-2000x1333-14153470-768x512.jpg 768w, https:\/\/www.welandstal.se\/content\/uploads\/2024\/04\/laglutande-stabilisatormonterad-langsidesklamd-ost-vast-2000x1333-14153470-1536x1024.jpg 1536w, https:\/\/www.welandstal.se\/content\/uploads\/2024\/04\/laglutande-stabilisatormonterad-langsidesklamd-ost-vast-2000x1333-14153470-600x400.jpg 600w, https:\/\/www.welandstal.se\/content\/uploads\/2024\/04\/laglutande-stabilisatormonterad-langsidesklamd-ost-vast-2000x1333-14153470.jpg 2000w\">\n<\/div>\n\n\n\n<div class=\"braavos-foreground\">\n\n\t<div class=\"braavos-foreground__content\"><h3 class=\"braavos-heading braavos-hero_heading\">Lavtbyggende system for \u00f8st-\/vest<\/h3><div class=\"braavos-hero_body-text\"><p>Lavtbyggende system for \u00f8st\/vest montasje for optimal vinkel mot solen og sikker vannavrenning, utviklet for det nordiske klimaet med h\u00f8y sn\u00f8belastning og sterk vind.<\/p>\n<\/div><a class=\"braavos-button braavos-hero_cta\" href=\"https:\/\/www.welandstal.se\/no\/lavtbyggende-system-for-ost-vest-montasje\/\">Les mer<\/a><\/div>\n<\/div>\n\n<\/div><\/div>\t\t\n\t\t<\/div>\n\n\t\n\t\t<div class=\"swiper-slide\">\n\n\t\t<div id=\"module-4\" class=\"braavos-module braavos-module-hero braavos-module-4 module-theme-light module-width-full content-position-left\"><div class=\"braavos-module-inner\">\n\n<div class=\"braavos-background\">\n\n\t<img loading=\"lazy\" decoding=\"async\" width=\"1024\" height=\"682\" src=\"https:\/\/www.welandstal.se\/content\/uploads\/2023\/11\/tatplat-opti-2000x1333-be00004552-1024x682.jpg\" class=\"braavos-background__image braavos-image wide responsive\" alt=\"\" style=\"object-position:50% 50%\" sizes=\"auto, (min-width: px) 100vw, 100vw\" srcset=\"https:\/\/www.welandstal.se\/content\/uploads\/2023\/11\/tatplat-opti-2000x1333-be00004552-1024x682.jpg 1024w, https:\/\/www.welandstal.se\/content\/uploads\/2023\/11\/tatplat-opti-2000x1333-be00004552-300x200.jpg 300w, https:\/\/www.welandstal.se\/content\/uploads\/2023\/11\/tatplat-opti-2000x1333-be00004552-768x512.jpg 768w, https:\/\/www.welandstal.se\/content\/uploads\/2023\/11\/tatplat-opti-2000x1333-be00004552-1536x1024.jpg 1536w, https:\/\/www.welandstal.se\/content\/uploads\/2023\/11\/tatplat-opti-2000x1333-be00004552-600x400.jpg 600w, https:\/\/www.welandstal.se\/content\/uploads\/2023\/11\/tatplat-opti-2000x1333-be00004552.jpg 2000w\">\n<\/div>\n\n\n\n<div class=\"braavos-foreground\">\n\n\t<div class=\"braavos-foreground__content\"><h3 class=\"braavos-heading braavos-hero_heading\">Festeplaten OPTI fra Weland<\/h3><div class=\"braavos-hero_body-text\"><p>Opti er akkurat det navnet antyder \u2013 den optimale festeplaten. I samarbeid med fagfolk i bransjen har Weland samlet og komprimert alle tenkelige fordeler i \u00e9n enkelt festeplate. <\/p>\n<\/div><a class=\"braavos-button braavos-hero_cta\" href=\"https:\/\/www.welandstal.se\/no\/festeplaten-opti-fra-weland-av-fagfolk-for-fagfolk\/\">Les mer<\/a><\/div>\n<\/div>\n\n<\/div><\/div>\t\t\n\t\t<\/div>\n\n\t\n\t\t<div class=\"swiper-slide\">\n\n\t\t<div id=\"module-5\" class=\"braavos-module braavos-module-hero braavos-module-5 module-theme-light module-width-full content-position-left\"><div class=\"braavos-module-inner\">\n\n<div class=\"braavos-background\">\n\n\t<img loading=\"lazy\" decoding=\"async\" width=\"1024\" height=\"682\" src=\"https:\/\/www.welandstal.se\/content\/uploads\/2023\/05\/be00003981-1024x682.jpg\" class=\"braavos-background__image braavos-image wide responsive\" alt=\"\" style=\"object-position:27.49% 50.97%\" sizes=\"auto, (min-width: px) 100vw, 100vw\" srcset=\"https:\/\/www.welandstal.se\/content\/uploads\/2023\/05\/be00003981-1024x682.jpg 1024w, https:\/\/www.welandstal.se\/content\/uploads\/2023\/05\/be00003981-300x200.jpg 300w, https:\/\/www.welandstal.se\/content\/uploads\/2023\/05\/be00003981-768x512.jpg 768w, https:\/\/www.welandstal.se\/content\/uploads\/2023\/05\/be00003981-1536x1024.jpg 1536w, https:\/\/www.welandstal.se\/content\/uploads\/2023\/05\/be00003981-600x400.jpg 600w, https:\/\/www.welandstal.se\/content\/uploads\/2023\/05\/be00003981.jpg 2000w\">\n<\/div>\n\n\n\n<div class=\"braavos-foreground\">\n\n\t<div class=\"braavos-foreground__content\"><h3 class=\"braavos-heading braavos-hero_heading\">Svenskproduserte l\u00f8sninger for taksikkerhet<\/h3><div class=\"braavos-hero_body-text\"><p>Weland er en ledende leverand\u00f8r av produkter for taksikkerhet og evakuering. All utvikling og produksjon skjer ved v\u00e5rt anlegg i Ulricehamn, Sverige. Ved \u00e5 ha full kontroll over hele prosessen kan vi love v\u00e5re kunder p\u00e5litelige svenskproduserte produkter med lang levetid.<\/p>\n<\/div><a class=\"braavos-button braavos-hero_cta\" href=\"https:\/\/www.welandstal.se\/no\/produkter\/\">Oppdag v\u00e5re l\u00f8sninger<\/a><\/div>\n<\/div>\n\n<\/div><\/div>\t\t\n\t\t<\/div>\n\n\t\n\t<\/div>\n\n\t\n\t\n\t\n<\/div>\n\n<\/div><\/div><div id=\"module-1\" class=\"braavos-module braavos-module-wysiwyg braavos-module-1 module-theme-light module-spacing-default\"><div class=\"braavos-module-inner\">\n<div class=\"braavos-content\">\n\t<h3 style=\"text-align: center;\"><em>V\u00e5re kalkulatorer<\/em><\/h3>\n<p style=\"text-align: center;\"><strong><a class=\"button button--secondary\" href=\"https:\/\/legacy.welandstal.se\/takskyddKonfigurator\/?sLang=sv-se\" target=\"_blank\" rel=\"noopener\">Taksikring<\/a><\/strong><strong><a class=\"button button--secondary\" href=\"https:\/\/sol.welandstal.se\/#\/login\" target=\"_blank\" rel=\"noopener\">Solpanelfester<\/a><\/strong><strong><a class=\"button button--secondary\" href=\"https:\/\/utrymning.welandstal.se\/\" target=\"_blank\" rel=\"noopener\">R\u00f8mningsplattformer<\/a><\/strong><\/p>\n<\/div>\n<\/div><\/div><div id=\"module-2\" class=\"braavos-module braavos-module-posts_post braavos-module-2 module-layout-grid item-layout-card columns-4 module-spacing-none\"><div class=\"braavos-module-inner\">\n\n\t\t<div class=\"braavos-posts\">\n\n\t\t\n\t\t\t\t\t\t\t\n\t\t\t\t\n\t\t\t\t\t\t\t\t\n\t\t\t\t<article class=\"braavos-post post-24125\">\t\t\t\t\n\t\t\t\t<a href=\"https:\/\/www.welandstal.se\/no\/weline-one-oppfyller-kravene-i-en-17235\/\" title=\"Weland Weline ONE oppfyller kravene i den nye europeiske standarden EN 17235:2024\"><img loading=\"lazy\" decoding=\"async\" width=\"800\" height=\"600\" src=\"https:\/\/www.welandstal.se\/content\/uploads\/2026\/02\/weline-one-800x600-1.jpg\" class=\"braavos-image braavos-post__image\" alt=\"\" sizes=\"auto, (min-width: 768px) 100vw, (min-width: px) 0px, 50vw\" srcset=\"https:\/\/www.welandstal.se\/content\/uploads\/2026\/02\/weline-one-800x600-1.jpg 800w, https:\/\/www.welandstal.se\/content\/uploads\/2026\/02\/weline-one-800x600-1-300x225.jpg 300w, https:\/\/www.welandstal.se\/content\/uploads\/2026\/02\/weline-one-800x600-1-768x576.jpg 768w, https:\/\/www.welandstal.se\/content\/uploads\/2026\/02\/weline-one-800x600-1-600x450.jpg 600w\"><\/a><div class=\"braavos-posts__date\">2026-02-25<\/div><h3 class=\"braavos-post__title\">Weland Weline ONE oppfyller kravene i den nye europeiske standarden EN 17235:2024<\/h3><p class=\"braavos-post__excerpt\">Weland er stolte av \u00e5 kunngj\u00f8re at v\u00e5rt wirebaserte fallsikringssystem Weline ONE oppfyller kravene i den nye europeiske standarden EN [\u2026]<\/p><a href=\"https:\/\/www.welandstal.se\/no\/weline-one-oppfyller-kravene-i-en-17235\/\" class=\"braavos-post__link\" title=\"Les mer\">Les mer<\/a>\t\t\t\t\n\t\t\t\t<\/article>\n\t\t\t\t\n\t\t\t\t\t\t\t\n\t\t\t\t\n\t\t\t\t\t\t\t\t\n\t\t\t\t<article class=\"braavos-post post-24007\">\t\t\t\t\n\t\t\t\t<a href=\"https:\/\/www.welandstal.se\/no\/store-nyheter-i-konfiguratoren-for-solpanelfester\/\" title=\"Store nyheter i konfiguratoren for solpanelfester\"><img loading=\"lazy\" decoding=\"async\" width=\"800\" height=\"600\" src=\"https:\/\/www.welandstal.se\/content\/uploads\/2025\/12\/stabilisatormonterad-langsidesklamda-solpaneler-800x600-14232043.jpg\" class=\"braavos-image braavos-post__image\" alt=\"\" sizes=\"auto, (min-width: 768px) 100vw, (min-width: px) 0px, 50vw\" srcset=\"https:\/\/www.welandstal.se\/content\/uploads\/2025\/12\/stabilisatormonterad-langsidesklamda-solpaneler-800x600-14232043.jpg 800w, https:\/\/www.welandstal.se\/content\/uploads\/2025\/12\/stabilisatormonterad-langsidesklamda-solpaneler-800x600-14232043-300x225.jpg 300w, https:\/\/www.welandstal.se\/content\/uploads\/2025\/12\/stabilisatormonterad-langsidesklamda-solpaneler-800x600-14232043-768x576.jpg 768w, https:\/\/www.welandstal.se\/content\/uploads\/2025\/12\/stabilisatormonterad-langsidesklamda-solpaneler-800x600-14232043-600x450.jpg 600w\"><\/a><div class=\"braavos-posts__date\">2025-12-15<\/div><h3 class=\"braavos-post__title\">Store nyheter i konfiguratoren for solpanelfester<\/h3><p class=\"braavos-post__excerpt\">Som en del av v\u00e5rt engasjement for \u00e5 tilby solcellemonteringer og l\u00f8sninger i en klasse for seg, oppdaterer vi n\u00e5 [\u2026]<\/p><a href=\"https:\/\/www.welandstal.se\/no\/store-nyheter-i-konfiguratoren-for-solpanelfester\/\" class=\"braavos-post__link\" title=\"Les mer\">Les mer<\/a>\t\t\t\t\n\t\t\t\t<\/article>\n\t\t\t\t\n\t\t\t\t\t\t\t\n\t\t\t\t\n\t\t\t\t\t\t\t\t\n\t\t\t\t<article class=\"braavos-post post-24004\">\t\t\t\t\n\t\t\t\t<a href=\"https:\/\/www.welandstal.se\/no\/halvert-montasjetid-med-welands-solcellefester-for-lavtak\/\" title=\"Halvert montasjetid med Welands solcellefester for lavtak\"><img loading=\"lazy\" decoding=\"async\" width=\"800\" height=\"600\" src=\"https:\/\/www.welandstal.se\/content\/uploads\/2025\/12\/laglutande-system-800x600-12897615.jpg\" class=\"braavos-image braavos-post__image\" alt=\"\" sizes=\"auto, (min-width: 768px) 100vw, (min-width: px) 0px, 50vw\" srcset=\"https:\/\/www.welandstal.se\/content\/uploads\/2025\/12\/laglutande-system-800x600-12897615.jpg 800w, https:\/\/www.welandstal.se\/content\/uploads\/2025\/12\/laglutande-system-800x600-12897615-300x225.jpg 300w, https:\/\/www.welandstal.se\/content\/uploads\/2025\/12\/laglutande-system-800x600-12897615-768x576.jpg 768w, https:\/\/www.welandstal.se\/content\/uploads\/2025\/12\/laglutande-system-800x600-12897615-600x450.jpg 600w\"><\/a><div class=\"braavos-posts__date\">2025-12-12<\/div><h3 class=\"braavos-post__title\">Halvert montasjetid med Welands solcellefester for lavtak<\/h3><p class=\"braavos-post__excerpt\">Fra hovedkontoret utenfor Bergen har Solcellekraft installert tusenvis av solcelleanlegg \u2013 fra villaer og fritidshus til store kommersielle eiendommer og [\u2026]<\/p><a href=\"https:\/\/www.welandstal.se\/no\/halvert-montasjetid-med-welands-solcellefester-for-lavtak\/\" class=\"braavos-post__link\" title=\"Les mer\">Les mer<\/a>\t\t\t\t\n\t\t\t\t<\/article>\n\t\t\t\t\n\t\t\t\t\t\t\t\n\t\t\t\t\n\t\t\t\t\t\t\t\t\n\t\t\t\t<article class=\"braavos-post post-24133\">\t\t\t\t\n\t\t\t\t<a href=\"https:\/\/www.welandstal.se\/no\/sikkerhet-i-fokus-i-hillerstorp-ville-western\/\" title=\"Sikkerhet i fokus i Hillerstorp ville western\"><img loading=\"lazy\" decoding=\"async\" width=\"800\" height=\"600\" src=\"https:\/\/www.welandstal.se\/content\/uploads\/2025\/09\/high-chaparral-wild-west-stunt-show-800x600-1.jpg\" class=\"braavos-image braavos-post__image\" alt=\"\" sizes=\"auto, (min-width: 768px) 100vw, (min-width: px) 0px, 50vw\" srcset=\"https:\/\/www.welandstal.se\/content\/uploads\/2025\/09\/high-chaparral-wild-west-stunt-show-800x600-1.jpg 800w, https:\/\/www.welandstal.se\/content\/uploads\/2025\/09\/high-chaparral-wild-west-stunt-show-800x600-1-300x225.jpg 300w, https:\/\/www.welandstal.se\/content\/uploads\/2025\/09\/high-chaparral-wild-west-stunt-show-800x600-1-768x576.jpg 768w, https:\/\/www.welandstal.se\/content\/uploads\/2025\/09\/high-chaparral-wild-west-stunt-show-800x600-1-600x450.jpg 600w\"><\/a><div class=\"braavos-posts__date\">2025-09-03<\/div><h3 class=\"braavos-post__title\">Sikkerhet i fokus i Hillerstorp ville western<\/h3><p class=\"braavos-post__excerpt\">De av oss som har sett \u00abThe Wild West Stunt Show\u00bb p\u00e5 High Chaparral vet at det er en forestilling [\u2026]<\/p><a href=\"https:\/\/www.welandstal.se\/no\/sikkerhet-i-fokus-i-hillerstorp-ville-western\/\" class=\"braavos-post__link\" title=\"Les mer\">Les mer<\/a>\t\t\t\t\n\t\t\t\t<\/article>\n\t\t\t\t\n\t\t\t\n\t\t\n\t<\/div>\n\n<\/div><\/div><div id=\"module-3\" class=\"braavos-module braavos-module-wysiwyg braavos-module-3 module-theme-none module-spacing-none\"><div class=\"braavos-module-inner\">\n<div class=\"braavos-content\">\n\t<p style=\"text-align: center;\"><strong><a class=\"button button--outline\" href=\"https:\/\/www.welandstal.se\/no\/nyheter\/\">Se flere nyheter<\/a><\/strong><\/p>\n<\/div>\n<\/div><\/div><div id=\"module-4\" class=\"braavos-module braavos-module-weland_gallery braavos-module-4 module-layout-masonry module-width-grid module-spacing-default\"><div class=\"braavos-module-inner\"><div class=\"weland-gallery items-4 \"><figure class=\"weland-gallery_item \"><img loading=\"lazy\" decoding=\"async\" width=\"2500\" height=\"1875\" src=\"https:\/\/www.welandstal.se\/content\/uploads\/2024\/05\/P5290634.jpg\" class=\"weland-gallery_image braavos-image\" alt=\"OLYMPUS DIGITAL CAMERA\" style=\"object-position:51% 16.44%\" sizes=\"auto, (min-width: px) px, 100vw\" srcset=\"https:\/\/www.welandstal.se\/content\/uploads\/2024\/05\/P5290634.jpg 2500w, https:\/\/www.welandstal.se\/content\/uploads\/2024\/05\/P5290634-300x225.jpg 300w, https:\/\/www.welandstal.se\/content\/uploads\/2024\/05\/P5290634-1024x768.jpg 1024w, https:\/\/www.welandstal.se\/content\/uploads\/2024\/05\/P5290634-768x576.jpg 768w, https:\/\/www.welandstal.se\/content\/uploads\/2024\/05\/P5290634-1536x1152.jpg 1536w, https:\/\/www.welandstal.se\/content\/uploads\/2024\/05\/P5290634-2048x1536.jpg 2048w, https:\/\/www.welandstal.se\/content\/uploads\/2024\/05\/P5290634-600x450.jpg 600w\"><\/figure><figure class=\"weland-gallery_item \"><img loading=\"lazy\" decoding=\"async\" width=\"1200\" height=\"600\" src=\"https:\/\/www.welandstal.se\/content\/uploads\/2024\/05\/1200x600wa.png\" class=\"weland-gallery_image braavos-image\" alt=\"\" style=\"object-position:50% 50%\" sizes=\"auto, (min-width: px) px, 100vw\"><\/figure><figure class=\"weland-gallery_item \"><img loading=\"lazy\" decoding=\"async\" width=\"1859\" height=\"698\" src=\"https:\/\/www.welandstal.se\/content\/uploads\/2024\/04\/NB.jpg\" class=\"weland-gallery_image braavos-image\" alt=\"\" style=\"object-position:50% 50%\" sizes=\"auto, (min-width: px) px, 100vw\" srcset=\"https:\/\/www.welandstal.se\/content\/uploads\/2024\/04\/NB.jpg 1859w, https:\/\/www.welandstal.se\/content\/uploads\/2024\/04\/NB-300x113.jpg 300w, https:\/\/www.welandstal.se\/content\/uploads\/2024\/04\/NB-1024x384.jpg 1024w, https:\/\/www.welandstal.se\/content\/uploads\/2024\/04\/NB-768x288.jpg 768w, https:\/\/www.welandstal.se\/content\/uploads\/2024\/04\/NB-1536x577.jpg 1536w, https:\/\/www.welandstal.se\/content\/uploads\/2024\/04\/NB-600x225.jpg 600w\"><\/figure><figure class=\"weland-gallery_item \"><img loading=\"lazy\" decoding=\"async\" width=\"2000\" height=\"1381\" src=\"https:\/\/www.welandstal.se\/content\/uploads\/2023\/05\/aw00013606-small.jpg\" class=\"weland-gallery_image braavos-image\" alt=\"\" style=\"object-position:59.33% 35.27%\" sizes=\"auto, (min-width: px) px, 100vw\" srcset=\"https:\/\/www.welandstal.se\/content\/uploads\/2023\/05\/aw00013606-small.jpg 2000w, https:\/\/www.welandstal.se\/content\/uploads\/2023\/05\/aw00013606-small-300x207.jpg 300w, https:\/\/www.welandstal.se\/content\/uploads\/2023\/05\/aw00013606-small-1024x707.jpg 1024w, https:\/\/www.welandstal.se\/content\/uploads\/2023\/05\/aw00013606-small-768x530.jpg 768w, https:\/\/www.welandstal.se\/content\/uploads\/2023\/05\/aw00013606-small-1536x1061.jpg 1536w, https:\/\/www.welandstal.se\/content\/uploads\/2023\/05\/aw00013606-small-600x414.jpg 600w\"><\/figure><\/div><\/div><\/div><\/html>\n","protected":false},"excerpt":{"rendered":"<p>Nyhet: Weline&nbsp;ONESom Skandinavias ledende akt\u00f8r innen taksikkerhet, utvider vi n\u00e5 vareutvalget v\u00e5rt med et nytt, smidig og fleksibelt fallsikringsprodukt \u2013&nbsp;Weline [&hellip;]<\/p>\n","protected":false},"author":1,"featured_media":0,"parent":0,"menu_order":0,"comment_status":"closed","ping_status":"closed","template":"modules-page.php","meta":{"_acf_changed":false,"footnotes":""},"class_list":["post-11529","page","type-page","status-publish","hentry"],"acf":[],"_links":{"self":[{"href":"https:\/\/www.welandstal.se\/no\/wp-json\/wp\/v2\/pages\/11529","targetHints":{"allow":["GET"]}}],"collection":[{"href":"https:\/\/www.welandstal.se\/no\/wp-json\/wp\/v2\/pages"}],"about":[{"href":"https:\/\/www.welandstal.se\/no\/wp-json\/wp\/v2\/types\/page"}],"author":[{"embeddable":true,"href":"https:\/\/www.welandstal.se\/no\/wp-json\/wp\/v2\/users\/1"}],"replies":[{"embeddable":true,"href":"https:\/\/www.welandstal.se\/no\/wp-json\/wp\/v2\/comments?post=11529"}],"version-history":[{"count":146,"href":"https:\/\/www.welandstal.se\/no\/wp-json\/wp\/v2\/pages\/11529\/revisions"}],"predecessor-version":[{"id":23476,"href":"https:\/\/www.welandstal.se\/no\/wp-json\/wp\/v2\/pages\/11529\/revisions\/23476"}],"wp:attachment":[{"href":"https:\/\/www.welandstal.se\/no\/wp-json\/wp\/v2\/media?parent=11529"}],"curies":[{"name":"wp","href":"https:\/\/api.w.org\/{rel}","templated":true}]}}