{"id":12716,"date":"2022-10-20T11:01:04","date_gmt":"2022-10-20T09:01:04","guid":{"rendered":"https:\/\/www.welandstal.se\/produkter\/"},"modified":"2024-11-13T10:18:10","modified_gmt":"2024-11-13T09:18:10","slug":"produkter","status":"publish","type":"page","link":"https:\/\/www.welandstal.se\/no\/produkter\/","title":{"rendered":"Produkter"},"content":{"rendered":"<!DOCTYPE html>\n<html><meta http-equiv=\"Content-Type\" content=\"text\/html; charset=utf-8\"><div id=\"module-0\" class=\"braavos-module braavos-module-hero braavos-module-0 module-theme-light module-width-full content-position-left module-spacing-default\"><div class=\"braavos-module-inner\">\n\n<div class=\"braavos-background\">\n\n\t<img loading=\"lazy\" decoding=\"async\" width=\"1024\" height=\"682\" src=\"https:\/\/www.welandstal.se\/content\/uploads\/2023\/04\/be00004293-taksakerhet-1024x682.jpg\" class=\"braavos-background__image braavos-image wide responsive\" alt=\"\" style=\"object-position:50% 50%\" sizes=\"auto, (min-width: px) 100vw, 100vw\" srcset=\"https:\/\/www.welandstal.se\/content\/uploads\/2023\/04\/be00004293-taksakerhet-1024x682.jpg 1024w, https:\/\/www.welandstal.se\/content\/uploads\/2023\/04\/be00004293-taksakerhet-300x200.jpg 300w, https:\/\/www.welandstal.se\/content\/uploads\/2023\/04\/be00004293-taksakerhet-768x512.jpg 768w, https:\/\/www.welandstal.se\/content\/uploads\/2023\/04\/be00004293-taksakerhet-1536x1024.jpg 1536w, https:\/\/www.welandstal.se\/content\/uploads\/2023\/04\/be00004293-taksakerhet-600x400.jpg 600w, https:\/\/www.welandstal.se\/content\/uploads\/2023\/04\/be00004293-taksakerhet.jpg 2000w\">\n<\/div>\n\n\n\n<div class=\"braavos-foreground\">\n\n\t<div class=\"braavos-foreground__content\"><h1 class=\"h3 braavos-heading braavos-hero_heading\">Produkter<\/h1><div class=\"braavos-hero_body-text\"><p><em>Produktene fra oss ved Weland St\u00e5l er produserte, utviklede og testet i Sverige. De er laget for \u00e5 t\u00e5le nordiske v\u00e6r- og vindforhold. Gjennom et n\u00e6rt samarbeid med mont\u00f8rer og brukere, har vi utviklet produkter som er fleksible, p\u00e5litelige og lette \u00e5 montere.<\/em><\/p>\n<\/div><\/div>\n<\/div>\n\n<\/div><\/div><div id=\"module-1\" class=\"braavos-module braavos-module-posts_page braavos-module-1 module-layout-grid item-layout-card columns-3 module-spacing-none\"><div class=\"braavos-module-inner\">\n\n\t\t<div class=\"braavos-posts\">\n\n\t\t\n\t\t\t\t\t\t\t\n\t\t\t\t\n\t\t\t\t\t\t\t\t\n\t\t\t\t<article class=\"braavos-post post-12737\">\t\t\t\t\n\t\t\t\t<a href=\"https:\/\/www.welandstal.se\/no\/produkter\/taksikkerhet\/\" title=\"Taksikkerhet\"><img loading=\"lazy\" decoding=\"async\" width=\"1024\" height=\"410\" src=\"https:\/\/www.welandstal.se\/content\/uploads\/2024\/10\/taksakerhet-2000x800-be00003335-1024x410.jpg\" class=\"braavos-image braavos-post__image\" alt=\"\" sizes=\"auto, (min-width: 768px) 100vw, (min-width: px) 0px, 50vw\" srcset=\"https:\/\/www.welandstal.se\/content\/uploads\/2024\/10\/taksakerhet-2000x800-be00003335-1024x410.jpg 1024w, https:\/\/www.welandstal.se\/content\/uploads\/2024\/10\/taksakerhet-2000x800-be00003335-300x120.jpg 300w, https:\/\/www.welandstal.se\/content\/uploads\/2024\/10\/taksakerhet-2000x800-be00003335-768x307.jpg 768w, https:\/\/www.welandstal.se\/content\/uploads\/2024\/10\/taksakerhet-2000x800-be00003335-1536x614.jpg 1536w, https:\/\/www.welandstal.se\/content\/uploads\/2024\/10\/taksakerhet-2000x800-be00003335-600x240.jpg 600w, https:\/\/www.welandstal.se\/content\/uploads\/2024\/10\/taksakerhet-2000x800-be00003335.jpg 2000w\"><\/a><h3 class=\"braavos-post__title\">Taksikkerhet<\/h3><p class=\"braavos-post__excerpt\"><\/p><a href=\"https:\/\/www.welandstal.se\/no\/produkter\/taksikkerhet\/\" class=\"braavos-post__link\" title=\"Les mer\">Les mer<\/a>\t\t\t\t\n\t\t\t\t<\/article>\n\t\t\t\t\n\t\t\t\t\t\t\t\n\t\t\t\t\n\t\t\t\t\t\t\t\t\n\t\t\t\t<article class=\"braavos-post post-12738\">\t\t\t\t\n\t\t\t\t<a href=\"https:\/\/www.welandstal.se\/no\/produkter\/romning\/\" title=\"R\u00f8mning og adkomst\"><img loading=\"lazy\" decoding=\"async\" width=\"930\" height=\"902\" src=\"https:\/\/www.welandstal.se\/content\/uploads\/2024\/09\/be000034828.jpg\" class=\"braavos-image braavos-post__image\" alt=\"\" sizes=\"auto, (min-width: 768px) 100vw, (min-width: px) 0px, 50vw\" srcset=\"https:\/\/www.welandstal.se\/content\/uploads\/2024\/09\/be000034828.jpg 930w, https:\/\/www.welandstal.se\/content\/uploads\/2024\/09\/be000034828-300x291.jpg 300w, https:\/\/www.welandstal.se\/content\/uploads\/2024\/09\/be000034828-768x745.jpg 768w, https:\/\/www.welandstal.se\/content\/uploads\/2024\/09\/be000034828-600x582.jpg 600w\"><\/a><h3 class=\"braavos-post__title\">R\u00f8mning og adkomst<\/h3><p class=\"braavos-post__excerpt\"><\/p><a href=\"https:\/\/www.welandstal.se\/no\/produkter\/romning\/\" class=\"braavos-post__link\" title=\"Les mer\">Les mer<\/a>\t\t\t\t\n\t\t\t\t<\/article>\n\t\t\t\t\n\t\t\t\t\t\t\t\n\t\t\t\t\n\t\t\t\t\t\t\t\t\n\t\t\t\t<article class=\"braavos-post post-12739\">\t\t\t\t\n\t\t\t\t<a href=\"https:\/\/www.welandstal.se\/no\/produkter\/solpanelfester\/\" title=\"Solpanelfester\"><img loading=\"lazy\" decoding=\"async\" width=\"1024\" height=\"410\" src=\"https:\/\/www.welandstal.se\/content\/uploads\/2024\/10\/solpanelsfasten-2000x800-be00003981-1024x410.jpg\" class=\"braavos-image braavos-post__image\" alt=\"\" sizes=\"auto, (min-width: 768px) 100vw, (min-width: px) 0px, 50vw\" srcset=\"https:\/\/www.welandstal.se\/content\/uploads\/2024\/10\/solpanelsfasten-2000x800-be00003981-1024x410.jpg 1024w, https:\/\/www.welandstal.se\/content\/uploads\/2024\/10\/solpanelsfasten-2000x800-be00003981-300x120.jpg 300w, https:\/\/www.welandstal.se\/content\/uploads\/2024\/10\/solpanelsfasten-2000x800-be00003981-768x307.jpg 768w, https:\/\/www.welandstal.se\/content\/uploads\/2024\/10\/solpanelsfasten-2000x800-be00003981-1536x614.jpg 1536w, https:\/\/www.welandstal.se\/content\/uploads\/2024\/10\/solpanelsfasten-2000x800-be00003981-600x240.jpg 600w, https:\/\/www.welandstal.se\/content\/uploads\/2024\/10\/solpanelsfasten-2000x800-be00003981.jpg 2000w\"><\/a><h3 class=\"braavos-post__title\">Solpanelfester<\/h3><p class=\"braavos-post__excerpt\"><\/p><a href=\"https:\/\/www.welandstal.se\/no\/produkter\/solpanelfester\/\" class=\"braavos-post__link\" title=\"Les mer\">Les mer<\/a>\t\t\t\t\n\t\t\t\t<\/article>\n\t\t\t\t\n\t\t\t\n\t\t\n\t<\/div>\n\n<\/div><\/div><div id=\"module-2\" class=\"braavos-module braavos-module-wysiwyg braavos-module-2 module-theme-none module-spacing-none\"><div class=\"braavos-module-inner\">\n<div class=\"braavos-content\">\n\t<p>Som kunde kan du stole p\u00e5 at produktene v\u00e5re er holdbare og b\u00e6rekraftige, b\u00e5de n\u00e5r det gjelder kvalitet og levetid. M\u00e5lsetningen v\u00e5r er at det vi produserer, skal kjennetegnes av h\u00f8y kvalitet og og ha et s\u00e5 lavt milj\u00f8avtrykk som mulig n\u00e5r de produseres.<\/p>\n<\/div>\n<\/div><\/div><div id=\"module-3\" class=\"braavos-module braavos-module-weland_gallery braavos-module-3 module-layout-slider module-width-full module-spacing-none\"><div class=\"braavos-module-inner\"><div class=\"weland-gallery-slider\"><div class=\"weland-gallery items-6 swiper-wrapper\"><figure class=\"weland-gallery_item swiper-slide\"><a href=\"https:\/\/www.welandstal.se\/content\/uploads\/2023\/09\/be00003136.jpg\" target=\"\" title=\"\" class=\"lightbox\"><img loading=\"lazy\" decoding=\"async\" width=\"2000\" height=\"1333\" src=\"https:\/\/www.welandstal.se\/content\/uploads\/2023\/09\/be00003136.jpg\" class=\"weland-gallery_image braavos-image\" alt=\"\" style=\"object-position:45.67% 55.5%\" sizes=\"auto, (min-width: px) 100vw, 100vw\" srcset=\"https:\/\/www.welandstal.se\/content\/uploads\/2023\/09\/be00003136.jpg 2000w, https:\/\/www.welandstal.se\/content\/uploads\/2023\/09\/be00003136-300x200.jpg 300w, https:\/\/www.welandstal.se\/content\/uploads\/2023\/09\/be00003136-1024x682.jpg 1024w, https:\/\/www.welandstal.se\/content\/uploads\/2023\/09\/be00003136-768x512.jpg 768w, https:\/\/www.welandstal.se\/content\/uploads\/2023\/09\/be00003136-1536x1024.jpg 1536w, https:\/\/www.welandstal.se\/content\/uploads\/2023\/09\/be00003136-600x400.jpg 600w\"><\/a><\/figure><figure class=\"weland-gallery_item swiper-slide\"><a href=\"https:\/\/www.welandstal.se\/content\/uploads\/2023\/06\/be00004287.jpg\" target=\"\" title=\"\" class=\"lightbox\"><img loading=\"lazy\" decoding=\"async\" width=\"2000\" height=\"1333\" src=\"https:\/\/www.welandstal.se\/content\/uploads\/2023\/06\/be00004287.jpg\" class=\"weland-gallery_image braavos-image\" alt=\"\" style=\"object-position:50% 50%\" sizes=\"auto, (min-width: px) 100vw, 100vw\" srcset=\"https:\/\/www.welandstal.se\/content\/uploads\/2023\/06\/be00004287.jpg 2000w, https:\/\/www.welandstal.se\/content\/uploads\/2023\/06\/be00004287-300x200.jpg 300w, https:\/\/www.welandstal.se\/content\/uploads\/2023\/06\/be00004287-1024x682.jpg 1024w, https:\/\/www.welandstal.se\/content\/uploads\/2023\/06\/be00004287-768x512.jpg 768w, https:\/\/www.welandstal.se\/content\/uploads\/2023\/06\/be00004287-1536x1024.jpg 1536w, https:\/\/www.welandstal.se\/content\/uploads\/2023\/06\/be00004287-600x400.jpg 600w\"><\/a><\/figure><figure class=\"weland-gallery_item swiper-slide\"><a href=\"https:\/\/www.welandstal.se\/content\/uploads\/2023\/04\/be00003244.jpg\" target=\"\" title=\"\" class=\"lightbox\"><img loading=\"lazy\" decoding=\"async\" width=\"2000\" height=\"1333\" src=\"https:\/\/www.welandstal.se\/content\/uploads\/2023\/04\/be00003244.jpg\" class=\"weland-gallery_image braavos-image\" alt=\"\" style=\"object-position:35.33% 42.5%\" sizes=\"auto, (min-width: px) 100vw, 100vw\" srcset=\"https:\/\/www.welandstal.se\/content\/uploads\/2023\/04\/be00003244.jpg 2000w, https:\/\/www.welandstal.se\/content\/uploads\/2023\/04\/be00003244-300x200.jpg 300w, https:\/\/www.welandstal.se\/content\/uploads\/2023\/04\/be00003244-1024x682.jpg 1024w, https:\/\/www.welandstal.se\/content\/uploads\/2023\/04\/be00003244-768x512.jpg 768w, https:\/\/www.welandstal.se\/content\/uploads\/2023\/04\/be00003244-1536x1024.jpg 1536w, https:\/\/www.welandstal.se\/content\/uploads\/2023\/04\/be00003244-600x400.jpg 600w\"><\/a><\/figure><figure class=\"weland-gallery_item swiper-slide\"><a href=\"https:\/\/www.welandstal.se\/content\/uploads\/2023\/01\/73A7012-kopiera.jpg\" target=\"\" title=\"\" class=\"lightbox\"><img loading=\"lazy\" decoding=\"async\" width=\"2500\" height=\"1667\" src=\"https:\/\/www.welandstal.se\/content\/uploads\/2023\/01\/73A7012-kopiera.jpg\" class=\"weland-gallery_image braavos-image\" alt=\"\" style=\"object-position:42% 42%\" sizes=\"auto, (min-width: px) 100vw, 100vw\" srcset=\"https:\/\/www.welandstal.se\/content\/uploads\/2023\/01\/73A7012-kopiera.jpg 2500w, https:\/\/www.welandstal.se\/content\/uploads\/2023\/01\/73A7012-kopiera-300x200.jpg 300w, https:\/\/www.welandstal.se\/content\/uploads\/2023\/01\/73A7012-kopiera-1024x683.jpg 1024w, https:\/\/www.welandstal.se\/content\/uploads\/2023\/01\/73A7012-kopiera-768x512.jpg 768w, https:\/\/www.welandstal.se\/content\/uploads\/2023\/01\/73A7012-kopiera-1536x1024.jpg 1536w, https:\/\/www.welandstal.se\/content\/uploads\/2023\/01\/73A7012-kopiera-2048x1366.jpg 2048w\"><\/a><\/figure><figure class=\"weland-gallery_item swiper-slide\"><a href=\"https:\/\/www.welandstal.se\/content\/uploads\/2023\/06\/be00003273.jpg\" target=\"\" title=\"\" class=\"lightbox\"><img loading=\"lazy\" decoding=\"async\" width=\"2000\" height=\"1333\" src=\"https:\/\/www.welandstal.se\/content\/uploads\/2023\/06\/be00003273.jpg\" class=\"weland-gallery_image braavos-image\" alt=\"\" style=\"object-position:35% 49%\" sizes=\"auto, (min-width: px) 100vw, 100vw\" srcset=\"https:\/\/www.welandstal.se\/content\/uploads\/2023\/06\/be00003273.jpg 2000w, https:\/\/www.welandstal.se\/content\/uploads\/2023\/06\/be00003273-300x200.jpg 300w, https:\/\/www.welandstal.se\/content\/uploads\/2023\/06\/be00003273-1024x682.jpg 1024w, https:\/\/www.welandstal.se\/content\/uploads\/2023\/06\/be00003273-768x512.jpg 768w, https:\/\/www.welandstal.se\/content\/uploads\/2023\/06\/be00003273-1536x1024.jpg 1536w, https:\/\/www.welandstal.se\/content\/uploads\/2023\/06\/be00003273-600x400.jpg 600w\"><\/a><\/figure><figure class=\"weland-gallery_item swiper-slide\"><a href=\"https:\/\/www.welandstal.se\/content\/uploads\/2023\/04\/be00001875.jpeg\" target=\"\" title=\"\" class=\"lightbox\"><img loading=\"lazy\" decoding=\"async\" width=\"900\" height=\"600\" src=\"https:\/\/www.welandstal.se\/content\/uploads\/2023\/04\/be00001875.jpeg\" class=\"weland-gallery_image braavos-image\" alt=\"\" style=\"object-position:48.33% 57%\" sizes=\"auto, (min-width: px) 100vw, 100vw\" srcset=\"https:\/\/www.welandstal.se\/content\/uploads\/2023\/04\/be00001875.jpeg 900w, https:\/\/www.welandstal.se\/content\/uploads\/2023\/04\/be00001875-300x200.jpeg 300w, https:\/\/www.welandstal.se\/content\/uploads\/2023\/04\/be00001875-768x512.jpeg 768w, https:\/\/www.welandstal.se\/content\/uploads\/2023\/04\/be00001875-600x400.jpeg 600w\"><\/a><\/figure><\/div><div class=\"swiper-pagination\"><\/div><div class=\"swiper-navigation\"><div class=\"braavos-prev\"><i class=\"fa-regular fa-arrow-left\"><\/i><\/div><div class=\"braavos-next\"><i class=\"fa-regular fa-arrow-right\"><\/i><\/div><\/div><\/div><\/div><\/div><\/html>\n","protected":false},"excerpt":{"rendered":"<p>ProdukterProduktene fra oss ved Weland St\u00e5l er produserte, utviklede og testet i Sverige. De er laget for \u00e5 t\u00e5le nordiske [&hellip;]<\/p>\n","protected":false},"author":1,"featured_media":0,"parent":0,"menu_order":0,"comment_status":"closed","ping_status":"closed","template":"modules-page.php","meta":{"_acf_changed":false,"footnotes":""},"class_list":["post-12716","page","type-page","status-publish","hentry"],"acf":[],"_links":{"self":[{"href":"https:\/\/www.welandstal.se\/no\/wp-json\/wp\/v2\/pages\/12716","targetHints":{"allow":["GET"]}}],"collection":[{"href":"https:\/\/www.welandstal.se\/no\/wp-json\/wp\/v2\/pages"}],"about":[{"href":"https:\/\/www.welandstal.se\/no\/wp-json\/wp\/v2\/types\/page"}],"author":[{"embeddable":true,"href":"https:\/\/www.welandstal.se\/no\/wp-json\/wp\/v2\/users\/1"}],"replies":[{"embeddable":true,"href":"https:\/\/www.welandstal.se\/no\/wp-json\/wp\/v2\/comments?post=12716"}],"version-history":[{"count":9,"href":"https:\/\/www.welandstal.se\/no\/wp-json\/wp\/v2\/pages\/12716\/revisions"}],"predecessor-version":[{"id":16457,"href":"https:\/\/www.welandstal.se\/no\/wp-json\/wp\/v2\/pages\/12716\/revisions\/16457"}],"wp:attachment":[{"href":"https:\/\/www.welandstal.se\/no\/wp-json\/wp\/v2\/media?parent=12716"}],"curies":[{"name":"wp","href":"https:\/\/api.w.org\/{rel}","templated":true}]}}