{"id":12737,"date":"2023-04-02T20:55:24","date_gmt":"2023-04-02T18:55:24","guid":{"rendered":"https:\/\/www.welandstal.se\/produkter\/taksikkerhet\/"},"modified":"2025-06-04T15:57:40","modified_gmt":"2025-06-04T13:57:40","slug":"taksikkerhet","status":"publish","type":"page","link":"https:\/\/www.welandstal.se\/no\/produkter\/taksikkerhet\/","title":{"rendered":"Taksikkerhet"},"content":{"rendered":"<!DOCTYPE html>\n<html><meta http-equiv=\"Content-Type\" content=\"text\/html; charset=utf-8\"><div id=\"module-0\" class=\"braavos-module braavos-module-weland_breadcrumbs braavos-module-0 module-spacing-none\"><div class=\"braavos-module-inner\">\n<div class=\"braavos-breadcrumbs\">\n\t<nav aria-label=\"breadcrumbs\" class=\"rank-math-breadcrumb\"><p id=\"breadcrumbs\"><span class=\"last\">Hjem<\/span><\/p><\/nav><\/div>\n\n<\/div><\/div><div id=\"module-1\" class=\"braavos-module braavos-module-hero braavos-module-1 module-theme-light module-width-full content-position-left module-spacing-default\"><div class=\"braavos-module-inner\">\n\n<div class=\"braavos-background\">\n\n\t<img loading=\"lazy\" decoding=\"async\" width=\"1024\" height=\"410\" src=\"https:\/\/www.welandstal.se\/content\/uploads\/2024\/10\/taksakerhet-2000x800-be00003335-1024x410.jpg\" class=\"braavos-background__image braavos-image wide responsive\" alt=\"\" style=\"object-position:50% 50%\" sizes=\"auto, (min-width: px) 100vw, 100vw\" srcset=\"https:\/\/www.welandstal.se\/content\/uploads\/2024\/10\/taksakerhet-2000x800-be00003335-1024x410.jpg 1024w, https:\/\/www.welandstal.se\/content\/uploads\/2024\/10\/taksakerhet-2000x800-be00003335-300x120.jpg 300w, https:\/\/www.welandstal.se\/content\/uploads\/2024\/10\/taksakerhet-2000x800-be00003335-768x307.jpg 768w, https:\/\/www.welandstal.se\/content\/uploads\/2024\/10\/taksakerhet-2000x800-be00003335-1536x614.jpg 1536w, https:\/\/www.welandstal.se\/content\/uploads\/2024\/10\/taksakerhet-2000x800-be00003335-600x240.jpg 600w, https:\/\/www.welandstal.se\/content\/uploads\/2024\/10\/taksakerhet-2000x800-be00003335.jpg 2000w\">\n<\/div>\n\n\n\n<div class=\"braavos-foreground\">\n\n\t<div class=\"braavos-foreground__content\"><h3 class=\"braavos-heading braavos-hero_heading\">Taksikkerhet<\/h3><div class=\"braavos-hero_body-text\"><p>Weland St\u00e5l er en av Sveriges st\u00f8rste leverand\u00f8rer av taksikkerhetsprodukter. Vi har garantert en l\u00f8sning som oppfyller behovene dine.<\/p>\n<\/div><\/div>\n<\/div>\n\n<\/div><\/div><div id=\"module-2\" class=\"braavos-module braavos-module-posts_page braavos-module-2 module-layout-grid item-layout-card columns-4 module-spacing-none\"><div class=\"braavos-module-inner\"><h1 class=\"h2 braavos-heading\">Produktgrupper<\/h1>\n\n\t\t<div class=\"braavos-posts\">\n\n\t\t\n\t\t\t\t\t\t\t\n\t\t\t\t\n\t\t\t\t\t\t\t\t\n\t\t\t\t<article class=\"braavos-post post-12741\">\t\t\t\t\n\t\t\t\t<a href=\"https:\/\/www.welandstal.se\/no\/produkter\/taksikkerhet\/snofangere\/\" title=\"Sn\u00f8fangere\"><img loading=\"lazy\" decoding=\"async\" width=\"1024\" height=\"410\" src=\"https:\/\/www.welandstal.se\/content\/uploads\/2024\/10\/snorasskydd-2000x800-be00002253-1024x410.jpg\" class=\"braavos-image braavos-post__image\" alt=\"\" sizes=\"auto, (min-width: 768px) 100vw, (min-width: px) 0px, 50vw\" srcset=\"https:\/\/www.welandstal.se\/content\/uploads\/2024\/10\/snorasskydd-2000x800-be00002253-1024x410.jpg 1024w, https:\/\/www.welandstal.se\/content\/uploads\/2024\/10\/snorasskydd-2000x800-be00002253-300x120.jpg 300w, https:\/\/www.welandstal.se\/content\/uploads\/2024\/10\/snorasskydd-2000x800-be00002253-768x307.jpg 768w, https:\/\/www.welandstal.se\/content\/uploads\/2024\/10\/snorasskydd-2000x800-be00002253-1536x614.jpg 1536w, https:\/\/www.welandstal.se\/content\/uploads\/2024\/10\/snorasskydd-2000x800-be00002253-600x240.jpg 600w, https:\/\/www.welandstal.se\/content\/uploads\/2024\/10\/snorasskydd-2000x800-be00002253.jpg 2000w\"><\/a><h3 class=\"braavos-post__title\">Sn\u00f8fangere<\/h3><p class=\"braavos-post__excerpt\"><\/p><a href=\"https:\/\/www.welandstal.se\/no\/produkter\/taksikkerhet\/snofangere\/\" class=\"braavos-post__link\" title=\"Les mer\">Les mer<\/a>\t\t\t\t\n\t\t\t\t<\/article>\n\t\t\t\t\n\t\t\t\t\t\t\t\n\t\t\t\t\n\t\t\t\t\t\t\t\t\n\t\t\t\t<article class=\"braavos-post post-12742\">\t\t\t\t\n\t\t\t\t<a href=\"https:\/\/www.welandstal.se\/no\/produkter\/taksikkerhet\/takbroer\/\" title=\"Takbroer\"><img loading=\"lazy\" decoding=\"async\" width=\"1024\" height=\"480\" src=\"https:\/\/www.welandstal.se\/content\/uploads\/2023\/04\/be00003335-wide-1-1024x480.jpg\" class=\"braavos-image braavos-post__image\" alt=\"\" sizes=\"auto, (min-width: 768px) 100vw, (min-width: px) 0px, 50vw\" srcset=\"https:\/\/www.welandstal.se\/content\/uploads\/2023\/04\/be00003335-wide-1-1024x480.jpg 1024w, https:\/\/www.welandstal.se\/content\/uploads\/2023\/04\/be00003335-wide-1-300x141.jpg 300w, https:\/\/www.welandstal.se\/content\/uploads\/2023\/04\/be00003335-wide-1-768x360.jpg 768w, https:\/\/www.welandstal.se\/content\/uploads\/2023\/04\/be00003335-wide-1-1536x720.jpg 1536w, https:\/\/www.welandstal.se\/content\/uploads\/2023\/04\/be00003335-wide-1-2048x960.jpg 2048w, https:\/\/www.welandstal.se\/content\/uploads\/2023\/04\/be00003335-wide-1-600x281.jpg 600w\"><\/a><h3 class=\"braavos-post__title\">Takbroer<\/h3><p class=\"braavos-post__excerpt\"><\/p><a href=\"https:\/\/www.welandstal.se\/no\/produkter\/taksikkerhet\/takbroer\/\" class=\"braavos-post__link\" title=\"Les mer\">Les mer<\/a>\t\t\t\t\n\t\t\t\t<\/article>\n\t\t\t\t\n\t\t\t\t\t\t\t\n\t\t\t\t\n\t\t\t\t\t\t\t\t\n\t\t\t\t<article class=\"braavos-post post-12743\">\t\t\t\t\n\t\t\t\t<a href=\"https:\/\/www.welandstal.se\/no\/produkter\/taksikkerhet\/monerekkverk-og-livlinefeste\/\" title=\"M\u00f8nerekkverk og livlinefeste\"><img loading=\"lazy\" decoding=\"async\" width=\"1024\" height=\"682\" src=\"https:\/\/www.welandstal.se\/content\/uploads\/2023\/04\/Nockracke-livlinefaste_be00001827_ret-1024x682.jpg\" class=\"braavos-image braavos-post__image\" alt=\"\" sizes=\"auto, (min-width: 768px) 100vw, (min-width: px) 0px, 50vw\" srcset=\"https:\/\/www.welandstal.se\/content\/uploads\/2023\/04\/Nockracke-livlinefaste_be00001827_ret-1024x682.jpg 1024w, https:\/\/www.welandstal.se\/content\/uploads\/2023\/04\/Nockracke-livlinefaste_be00001827_ret-300x200.jpg 300w, https:\/\/www.welandstal.se\/content\/uploads\/2023\/04\/Nockracke-livlinefaste_be00001827_ret-768x512.jpg 768w, https:\/\/www.welandstal.se\/content\/uploads\/2023\/04\/Nockracke-livlinefaste_be00001827_ret-1536x1024.jpg 1536w, https:\/\/www.welandstal.se\/content\/uploads\/2023\/04\/Nockracke-livlinefaste_be00001827_ret-600x400.jpg 600w, https:\/\/www.welandstal.se\/content\/uploads\/2023\/04\/Nockracke-livlinefaste_be00001827_ret.jpg 2000w\"><\/a><h3 class=\"braavos-post__title\">M\u00f8nerekkverk og livlinefeste<\/h3><p class=\"braavos-post__excerpt\"><\/p><a href=\"https:\/\/www.welandstal.se\/no\/produkter\/taksikkerhet\/monerekkverk-og-livlinefeste\/\" class=\"braavos-post__link\" title=\"Les mer\">Les mer<\/a>\t\t\t\t\n\t\t\t\t<\/article>\n\t\t\t\t\n\t\t\t\t\t\t\t\n\t\t\t\t\n\t\t\t\t\t\t\t\t\n\t\t\t\t<article class=\"braavos-post post-22405\">\t\t\t\t\n\t\t\t\t<a href=\"https:\/\/www.welandstal.se\/no\/produkter\/taksikkerhet\/fallsikring\/\" title=\"Fallsikring\"><img loading=\"lazy\" decoding=\"async\" width=\"800\" height=\"600\" src=\"https:\/\/www.welandstal.se\/content\/uploads\/2025\/04\/fallskydd-800x600-be00003246.jpg\" class=\"braavos-image braavos-post__image\" alt=\"Fallskydd\" sizes=\"auto, (min-width: 768px) 100vw, (min-width: px) 0px, 50vw\" srcset=\"https:\/\/www.welandstal.se\/content\/uploads\/2025\/04\/fallskydd-800x600-be00003246.jpg 800w, https:\/\/www.welandstal.se\/content\/uploads\/2025\/04\/fallskydd-800x600-be00003246-300x225.jpg 300w, https:\/\/www.welandstal.se\/content\/uploads\/2025\/04\/fallskydd-800x600-be00003246-768x576.jpg 768w, https:\/\/www.welandstal.se\/content\/uploads\/2025\/04\/fallskydd-800x600-be00003246-600x450.jpg 600w\"><\/a><h3 class=\"braavos-post__title\">Fallsikring<\/h3><p class=\"braavos-post__excerpt\"><\/p><a href=\"https:\/\/www.welandstal.se\/no\/produkter\/taksikkerhet\/fallsikring\/\" class=\"braavos-post__link\" title=\"Les mer\">Les mer<\/a>\t\t\t\t\n\t\t\t\t<\/article>\n\t\t\t\t\n\t\t\t\t\t\t\t\n\t\t\t\t\n\t\t\t\t\t\t\t\t\n\t\t\t\t<article class=\"braavos-post post-12745\">\t\t\t\t\n\t\t\t\t<a href=\"https:\/\/www.welandstal.se\/no\/produkter\/taksikkerhet\/skorsteinsprodukter\/\" title=\"Skorsteinsprodukter\"><img loading=\"lazy\" decoding=\"async\" width=\"1024\" height=\"682\" src=\"https:\/\/www.welandstal.se\/content\/uploads\/2023\/04\/be00003929-1024x682.jpg\" class=\"braavos-image braavos-post__image\" alt=\"\" sizes=\"auto, (min-width: 768px) 100vw, (min-width: px) 0px, 50vw\" srcset=\"https:\/\/www.welandstal.se\/content\/uploads\/2023\/04\/be00003929-1024x682.jpg 1024w, https:\/\/www.welandstal.se\/content\/uploads\/2023\/04\/be00003929-300x200.jpg 300w, https:\/\/www.welandstal.se\/content\/uploads\/2023\/04\/be00003929-768x512.jpg 768w, https:\/\/www.welandstal.se\/content\/uploads\/2023\/04\/be00003929-1536x1024.jpg 1536w, https:\/\/www.welandstal.se\/content\/uploads\/2023\/04\/be00003929-600x400.jpg 600w, https:\/\/www.welandstal.se\/content\/uploads\/2023\/04\/be00003929.jpg 2000w\"><\/a><h3 class=\"braavos-post__title\">Skorsteinsprodukter<\/h3><p class=\"braavos-post__excerpt\"><\/p><a href=\"https:\/\/www.welandstal.se\/no\/produkter\/taksikkerhet\/skorsteinsprodukter\/\" class=\"braavos-post__link\" title=\"Les mer\">Les mer<\/a>\t\t\t\t\n\t\t\t\t<\/article>\n\t\t\t\t\n\t\t\t\t\t\t\t\n\t\t\t\t\n\t\t\t\t\t\t\t\t\n\t\t\t\t<article class=\"braavos-post post-12746\">\t\t\t\t\n\t\t\t\t<a href=\"https:\/\/www.welandstal.se\/no\/produkter\/taksikkerhet\/rekkverk-for-tak\/\" title=\"Rekkverk for tak\"><img loading=\"lazy\" decoding=\"async\" width=\"1024\" height=\"682\" src=\"https:\/\/www.welandstal.se\/content\/uploads\/2023\/05\/be00003829-small-1024x682.jpg\" class=\"braavos-image braavos-post__image\" alt=\"\" sizes=\"auto, (min-width: 768px) 100vw, (min-width: px) 0px, 50vw\" srcset=\"https:\/\/www.welandstal.se\/content\/uploads\/2023\/05\/be00003829-small-1024x682.jpg 1024w, https:\/\/www.welandstal.se\/content\/uploads\/2023\/05\/be00003829-small-300x200.jpg 300w, https:\/\/www.welandstal.se\/content\/uploads\/2023\/05\/be00003829-small-768x512.jpg 768w, https:\/\/www.welandstal.se\/content\/uploads\/2023\/05\/be00003829-small-1536x1024.jpg 1536w, https:\/\/www.welandstal.se\/content\/uploads\/2023\/05\/be00003829-small-600x400.jpg 600w, https:\/\/www.welandstal.se\/content\/uploads\/2023\/05\/be00003829-small.jpg 2000w\"><\/a><h3 class=\"braavos-post__title\">Rekkverk for tak<\/h3><p class=\"braavos-post__excerpt\"><\/p><a href=\"https:\/\/www.welandstal.se\/no\/produkter\/taksikkerhet\/rekkverk-for-tak\/\" class=\"braavos-post__link\" title=\"Les mer\">Les mer<\/a>\t\t\t\t\n\t\t\t\t<\/article>\n\t\t\t\t\n\t\t\t\t\t\t\t\n\t\t\t\t\n\t\t\t\t\t\t\t\t\n\t\t\t\t<article class=\"braavos-post post-12747\">\t\t\t\t\n\t\t\t\t<a href=\"https:\/\/www.welandstal.se\/no\/produkter\/taksikkerhet\/takstiger-og-sklisikring\/\" title=\"Takstiger og sklisikring\"><img loading=\"lazy\" decoding=\"async\" width=\"1024\" height=\"682\" src=\"https:\/\/www.welandstal.se\/content\/uploads\/2023\/05\/be00003244-small2-1024x682.jpg\" class=\"braavos-image braavos-post__image\" alt=\"\" sizes=\"auto, (min-width: 768px) 100vw, (min-width: px) 0px, 50vw\" srcset=\"https:\/\/www.welandstal.se\/content\/uploads\/2023\/05\/be00003244-small2-1024x682.jpg 1024w, https:\/\/www.welandstal.se\/content\/uploads\/2023\/05\/be00003244-small2-300x200.jpg 300w, https:\/\/www.welandstal.se\/content\/uploads\/2023\/05\/be00003244-small2-768x512.jpg 768w, https:\/\/www.welandstal.se\/content\/uploads\/2023\/05\/be00003244-small2-1536x1024.jpg 1536w, https:\/\/www.welandstal.se\/content\/uploads\/2023\/05\/be00003244-small2-600x400.jpg 600w, https:\/\/www.welandstal.se\/content\/uploads\/2023\/05\/be00003244-small2.jpg 2000w\"><\/a><h3 class=\"braavos-post__title\">Takstiger og sklisikring<\/h3><p class=\"braavos-post__excerpt\"><\/p><a href=\"https:\/\/www.welandstal.se\/no\/produkter\/taksikkerhet\/takstiger-og-sklisikring\/\" class=\"braavos-post__link\" title=\"Les mer\">Les mer<\/a>\t\t\t\t\n\t\t\t\t<\/article>\n\t\t\t\t\n\t\t\t\t\t\t\t\n\t\t\t\t\n\t\t\t\t\t\t\t\t\n\t\t\t\t<article class=\"braavos-post post-12624\">\t\t\t\t\n\t\t\t\t<a href=\"https:\/\/www.welandstal.se\/no\/produkter\/taksikkerhet\/annet\/\" title=\"Annet\"><img loading=\"lazy\" decoding=\"async\" width=\"1024\" height=\"683\" src=\"https:\/\/www.welandstal.se\/content\/uploads\/2024\/05\/be00003613-1024x683.jpg\" class=\"braavos-image braavos-post__image\" alt=\"\" sizes=\"auto, (min-width: 768px) 100vw, (min-width: px) 0px, 50vw\" srcset=\"https:\/\/www.welandstal.se\/content\/uploads\/2024\/05\/be00003613-1024x683.jpg 1024w, https:\/\/www.welandstal.se\/content\/uploads\/2024\/05\/be00003613-300x200.jpg 300w, https:\/\/www.welandstal.se\/content\/uploads\/2024\/05\/be00003613-768x512.jpg 768w, https:\/\/www.welandstal.se\/content\/uploads\/2024\/05\/be00003613-600x400.jpg 600w, https:\/\/www.welandstal.se\/content\/uploads\/2024\/05\/be00003613.jpg 1200w\"><\/a><h3 class=\"braavos-post__title\">Annet<\/h3><p class=\"braavos-post__excerpt\"><\/p><a href=\"https:\/\/www.welandstal.se\/no\/produkter\/taksikkerhet\/annet\/\" class=\"braavos-post__link\" title=\"Les mer\">Les mer<\/a>\t\t\t\t\n\t\t\t\t<\/article>\n\t\t\t\t\n\t\t\t\n\t\t\n\t<\/div>\n\n<\/div><\/div><div id=\"module-3\" class=\"braavos-module braavos-module-wysiwyg braavos-module-3 module-theme-none module-spacing-none\"><div class=\"braavos-module-inner\">\n<div class=\"braavos-content\">\n\t<p>Uansett om du har en bygning for forretningsform\u00e5l eller en privatbolig, finner du de riktige takstigene, takbroene, livlinene og sn\u00f8fangerne hos Weland St\u00e5l. Alle l\u00f8sningene v\u00e5re er utviklet og produsert av oss, slik at vi kan garantere kvalitet og holdbarhet. I tillegg er de enkle \u00e5 h\u00e5ndtere for mont\u00f8ren.<\/p>\n<p>Selvsagt oppfyller produktene v\u00e5re de strenge kravene til taksikkerhet. I faktabanken v\u00e5r finner du alle regler som gjelder for arbeid p\u00e5 tak. Der har du ogs\u00e5 tilgang til v\u00e5re r\u00e5d og informasjon om hvem som har ansvaret i ulike situasjoner.<\/p>\n<p>Weland St\u00e5ls sikkerhetsl\u00f8sninger kan brukes for en rekke ulike typer tak. Vi tilbyr smarte og effektive innfestingsl\u00f8sninger som passer de fleste underlag.<\/p>\n<\/div>\n<\/div><\/div><\/html>\n","protected":false},"excerpt":{"rendered":"<p>Hjem TaksikkerhetWeland St\u00e5l er en av Sveriges st\u00f8rste leverand\u00f8rer av taksikkerhetsprodukter. Vi har garantert en l\u00f8sning som oppfyller behovene dine. [&hellip;]<\/p>\n","protected":false},"author":3,"featured_media":14029,"parent":12716,"menu_order":0,"comment_status":"closed","ping_status":"closed","template":"modules-page.php","meta":{"_acf_changed":false,"footnotes":""},"class_list":["post-12737","page","type-page","status-publish","has-post-thumbnail","hentry"],"acf":[],"_links":{"self":[{"href":"https:\/\/www.welandstal.se\/no\/wp-json\/wp\/v2\/pages\/12737","targetHints":{"allow":["GET"]}}],"collection":[{"href":"https:\/\/www.welandstal.se\/no\/wp-json\/wp\/v2\/pages"}],"about":[{"href":"https:\/\/www.welandstal.se\/no\/wp-json\/wp\/v2\/types\/page"}],"author":[{"embeddable":true,"href":"https:\/\/www.welandstal.se\/no\/wp-json\/wp\/v2\/users\/3"}],"replies":[{"embeddable":true,"href":"https:\/\/www.welandstal.se\/no\/wp-json\/wp\/v2\/comments?post=12737"}],"version-history":[{"count":8,"href":"https:\/\/www.welandstal.se\/no\/wp-json\/wp\/v2\/pages\/12737\/revisions"}],"predecessor-version":[{"id":22413,"href":"https:\/\/www.welandstal.se\/no\/wp-json\/wp\/v2\/pages\/12737\/revisions\/22413"}],"up":[{"embeddable":true,"href":"https:\/\/www.welandstal.se\/no\/wp-json\/wp\/v2\/pages\/12716"}],"wp:featuredmedia":[{"embeddable":true,"href":"https:\/\/www.welandstal.se\/no\/wp-json\/wp\/v2\/media\/14029"}],"wp:attachment":[{"href":"https:\/\/www.welandstal.se\/no\/wp-json\/wp\/v2\/media?parent=12737"}],"curies":[{"name":"wp","href":"https:\/\/api.w.org\/{rel}","templated":true}]}}