{"id":12738,"date":"2023-04-02T20:56:07","date_gmt":"2023-04-02T18:56:07","guid":{"rendered":"https:\/\/www.welandstal.se\/produkter\/romning\/"},"modified":"2025-08-05T13:50:33","modified_gmt":"2025-08-05T11:50:33","slug":"romning","status":"publish","type":"page","link":"https:\/\/www.welandstal.se\/no\/produkter\/romning\/","title":{"rendered":"R\u00f8mning og adkomst"},"content":{"rendered":"<!DOCTYPE html>\n<html><meta http-equiv=\"Content-Type\" content=\"text\/html; charset=utf-8\"><div id=\"module-0\" class=\"braavos-module braavos-module-weland_breadcrumbs braavos-module-0 module-spacing-none\"><div class=\"braavos-module-inner\">\n<div class=\"braavos-breadcrumbs\">\n\t<nav aria-label=\"breadcrumbs\" class=\"rank-math-breadcrumb\"><p id=\"breadcrumbs\"><span class=\"last\">Hjem<\/span><\/p><\/nav><\/div>\n\n<\/div><\/div><div id=\"module-1\" class=\"braavos-module braavos-module-hero braavos-module-1 module-theme-light module-width-full content-position-left module-spacing-default\"><div class=\"braavos-module-inner\">\n\n<div class=\"braavos-background\">\n\n\t<img loading=\"lazy\" decoding=\"async\" width=\"1024\" height=\"410\" src=\"https:\/\/www.welandstal.se\/content\/uploads\/2024\/10\/utrymning-2000x800-be00002567-1024x410.jpg\" class=\"braavos-background__image braavos-image wide responsive\" alt=\"\" style=\"object-position:50% 50%\" sizes=\"auto, (min-width: px) 100vw, 100vw\" srcset=\"https:\/\/www.welandstal.se\/content\/uploads\/2024\/10\/utrymning-2000x800-be00002567-1024x410.jpg 1024w, https:\/\/www.welandstal.se\/content\/uploads\/2024\/10\/utrymning-2000x800-be00002567-300x120.jpg 300w, https:\/\/www.welandstal.se\/content\/uploads\/2024\/10\/utrymning-2000x800-be00002567-768x307.jpg 768w, https:\/\/www.welandstal.se\/content\/uploads\/2024\/10\/utrymning-2000x800-be00002567-1536x614.jpg 1536w, https:\/\/www.welandstal.se\/content\/uploads\/2024\/10\/utrymning-2000x800-be00002567-600x240.jpg 600w, https:\/\/www.welandstal.se\/content\/uploads\/2024\/10\/utrymning-2000x800-be00002567.jpg 2000w\">\n<\/div>\n\n\n\n<div class=\"braavos-foreground\">\n\n\t<div class=\"braavos-foreground__content\"><h3 class=\"braavos-heading braavos-hero_heading\">R\u00f8mning og adkomst<\/h3><div class=\"braavos-hero_body-text\"><p>N\u00e5r det gjelder r\u00f8mningsveier, er det viktig at man kan stole p\u00e5 produkter og l\u00f8sninger. Hos Weland utvikler vi produkter som gj\u00f8r jobben sin n\u00e5r det er n\u00f8dvendig. Stigene, plattformene og ryggb\u00f8ylene v\u00e5re b\u00e5de oppfyller h\u00f8ye sikkerhetskrav og takler det t\u00f8ffe nordiske klimaet. Sortimentet v\u00e5rt best\u00e5r i h\u00f8y grad av standardkomponenter som enkelt kan kombineres og tilpasses til dine krav og \u00f8nsker.<\/p>\n<\/div><\/div>\n<\/div>\n\n<\/div><\/div><div id=\"module-2\" class=\"braavos-module braavos-module-columns braavos-module-2 module-layout-grid item-layout-card columns-4 module-spacing-none\"><div class=\"braavos-module-inner\"><h1 class=\"h2 braavos-heading\">Produktgrupper<\/h1>\n\n<div class=\"braavos-posts\">\n\n\t\n\t\t\t\t\t\n\t\t\t\n\t\t\t\t\t\t<article class=\"braavos-post\">\n\n\t\t\t\t\t<a href=\"https:\/\/www.welandstal.se\/no\/produkter\/romning\/fasadestiger\/\" title=\"Les mer\" target=\"\"><img loading=\"lazy\" decoding=\"async\" width=\"682\" height=\"1024\" src=\"https:\/\/www.welandstal.se\/content\/uploads\/2024\/09\/be00003879-682x1024.jpg\" class=\"braavos-image braavos-post__image\" alt=\"\" style=\"object-position:57.5% 20%\" sizes=\"auto, (min-width: 768px) 25vw, (min-width: px) 0px, 50vw\" srcset=\"https:\/\/www.welandstal.se\/content\/uploads\/2024\/09\/be00003879-682x1024.jpg 682w, https:\/\/www.welandstal.se\/content\/uploads\/2024\/09\/be00003879-200x300.jpg 200w, https:\/\/www.welandstal.se\/content\/uploads\/2024\/09\/be00003879-768x1152.jpg 768w, https:\/\/www.welandstal.se\/content\/uploads\/2024\/09\/be00003879-1024x1536.jpg 1024w, https:\/\/www.welandstal.se\/content\/uploads\/2024\/09\/be00003879-600x900.jpg 600w, https:\/\/www.welandstal.se\/content\/uploads\/2024\/09\/be00003879.jpg 1075w\"><\/a><h3 class=\"braavos-post__title\">Fasadestiger<\/h3><a href=\"https:\/\/www.welandstal.se\/no\/produkter\/romning\/fasadestiger\/\" class=\"braavos-post__link\" title=\"Les mer\" target=\"\">Les mer<\/a>\n\t\t\t<\/article>\n\n\t\t\t\n\t\t\t\t\t\n\t\t\t\n\t\t\t\t\t\t<article class=\"braavos-post\">\n\n\t\t\t\t\t<a href=\"https:\/\/www.welandstal.se\/no\/produkter\/romning\/romningsplattform\/\" title=\"Les mer\" target=\"\"><img loading=\"lazy\" decoding=\"async\" width=\"682\" height=\"1024\" src=\"https:\/\/www.welandstal.se\/content\/uploads\/2024\/09\/be00003802-682x1024.jpg\" class=\"braavos-image braavos-post__image\" alt=\"\" style=\"object-position:61% 19.67%\" sizes=\"auto, (min-width: 768px) 25vw, (min-width: px) 0px, 50vw\" srcset=\"https:\/\/www.welandstal.se\/content\/uploads\/2024\/09\/be00003802-682x1024.jpg 682w, https:\/\/www.welandstal.se\/content\/uploads\/2024\/09\/be00003802-200x300.jpg 200w, https:\/\/www.welandstal.se\/content\/uploads\/2024\/09\/be00003802-768x1152.jpg 768w, https:\/\/www.welandstal.se\/content\/uploads\/2024\/09\/be00003802-1024x1536.jpg 1024w, https:\/\/www.welandstal.se\/content\/uploads\/2024\/09\/be00003802-600x900.jpg 600w, https:\/\/www.welandstal.se\/content\/uploads\/2024\/09\/be00003802.jpg 1075w\"><\/a><h3 class=\"braavos-post__title\">R\u00f8mningsplattform<\/h3><a href=\"https:\/\/www.welandstal.se\/no\/produkter\/romning\/romningsplattform\/\" class=\"braavos-post__link\" title=\"Les mer\" target=\"\">Les mer<\/a>\n\t\t\t<\/article>\n\n\t\t\t\n\t\t\t\t\t\n\t\t\t\n\t\t\t\t\t\t<article class=\"braavos-post\">\n\n\t\t\t\t\t<a href=\"https:\/\/www.welandstal.se\/no\/produkter\/romning\/gangbaner-og-gesimsbro\/\" title=\"Les mer\" target=\"\"><img loading=\"lazy\" decoding=\"async\" width=\"1024\" height=\"682\" src=\"https:\/\/www.welandstal.se\/content\/uploads\/2024\/09\/be00004202-1024x682.jpg\" class=\"braavos-image braavos-post__image\" alt=\"\" style=\"object-position:50% 50%\" sizes=\"auto, (min-width: 768px) 25vw, (min-width: px) 0px, 50vw\" srcset=\"https:\/\/www.welandstal.se\/content\/uploads\/2024\/09\/be00004202-1024x682.jpg 1024w, https:\/\/www.welandstal.se\/content\/uploads\/2024\/09\/be00004202-300x200.jpg 300w, https:\/\/www.welandstal.se\/content\/uploads\/2024\/09\/be00004202-768x512.jpg 768w, https:\/\/www.welandstal.se\/content\/uploads\/2024\/09\/be00004202-1536x1024.jpg 1536w, https:\/\/www.welandstal.se\/content\/uploads\/2024\/09\/be00004202-600x400.jpg 600w, https:\/\/www.welandstal.se\/content\/uploads\/2024\/09\/be00004202.jpg 2000w\"><\/a><h3 class=\"braavos-post__title\">Gangbaner og gesimsbro<\/h3><a href=\"https:\/\/www.welandstal.se\/no\/produkter\/romning\/gangbaner-og-gesimsbro\/\" class=\"braavos-post__link\" title=\"Les mer\" target=\"\">Les mer<\/a>\n\t\t\t<\/article>\n\n\t\t\t\n\t\t\t\t\t\n\t\t\t\n\t\t\t\t\t\t<article class=\"braavos-post\">\n\n\t\t\t\t\t<a href=\"https:\/\/www.welandstal.se\/no\/produkter\/romning\/takplattform\/\" title=\"Les mer\" target=\"\"><img loading=\"lazy\" decoding=\"async\" width=\"1024\" height=\"682\" src=\"https:\/\/www.welandstal.se\/content\/uploads\/2024\/09\/be00003482-1024x682.jpg\" class=\"braavos-image braavos-post__image\" alt=\"\" style=\"object-position:50% 50%\" sizes=\"auto, (min-width: 768px) 25vw, (min-width: px) 0px, 50vw\" srcset=\"https:\/\/www.welandstal.se\/content\/uploads\/2024\/09\/be00003482-1024x682.jpg 1024w, https:\/\/www.welandstal.se\/content\/uploads\/2024\/09\/be00003482-300x200.jpg 300w, https:\/\/www.welandstal.se\/content\/uploads\/2024\/09\/be00003482-768x512.jpg 768w, https:\/\/www.welandstal.se\/content\/uploads\/2024\/09\/be00003482-1536x1024.jpg 1536w, https:\/\/www.welandstal.se\/content\/uploads\/2024\/09\/be00003482-600x400.jpg 600w, https:\/\/www.welandstal.se\/content\/uploads\/2024\/09\/be00003482.jpg 2000w\"><\/a><h3 class=\"braavos-post__title\">Takplattform<\/h3><a href=\"https:\/\/www.welandstal.se\/no\/produkter\/romning\/takplattform\/\" class=\"braavos-post__link\" title=\"Les mer\" target=\"\">Les mer<\/a>\n\t\t\t<\/article>\n\n\t\t\t\n\t\t\n\t\n<\/div>\n\n<\/div><\/div><div id=\"module-3\" class=\"braavos-module braavos-module-wysiwyg braavos-module-3 module-theme-none module-spacing-none\"><div class=\"braavos-module-inner\">\n<div class=\"braavos-content\">\n\t<p style=\"text-align: center;\">Sortimentet v\u00e5rt best\u00e5r for det meste av standardkomponenter som enkelt kan kombineres og tilpasses dine behov og \u00f8nsker.<\/p>\n<\/div>\n<\/div><\/div><\/html>\n","protected":false},"excerpt":{"rendered":"<p>Hjem R\u00f8mning og adkomstN\u00e5r det gjelder r\u00f8mningsveier, er det viktig at man kan stole p\u00e5 produkter og l\u00f8sninger. Hos Weland [&hellip;]<\/p>\n","protected":false},"author":3,"featured_media":13367,"parent":12716,"menu_order":0,"comment_status":"closed","ping_status":"closed","template":"modules-page.php","meta":{"_acf_changed":false,"footnotes":""},"class_list":["post-12738","page","type-page","status-publish","has-post-thumbnail","hentry"],"acf":[],"_links":{"self":[{"href":"https:\/\/www.welandstal.se\/no\/wp-json\/wp\/v2\/pages\/12738","targetHints":{"allow":["GET"]}}],"collection":[{"href":"https:\/\/www.welandstal.se\/no\/wp-json\/wp\/v2\/pages"}],"about":[{"href":"https:\/\/www.welandstal.se\/no\/wp-json\/wp\/v2\/types\/page"}],"author":[{"embeddable":true,"href":"https:\/\/www.welandstal.se\/no\/wp-json\/wp\/v2\/users\/3"}],"replies":[{"embeddable":true,"href":"https:\/\/www.welandstal.se\/no\/wp-json\/wp\/v2\/comments?post=12738"}],"version-history":[{"count":9,"href":"https:\/\/www.welandstal.se\/no\/wp-json\/wp\/v2\/pages\/12738\/revisions"}],"predecessor-version":[{"id":22667,"href":"https:\/\/www.welandstal.se\/no\/wp-json\/wp\/v2\/pages\/12738\/revisions\/22667"}],"up":[{"embeddable":true,"href":"https:\/\/www.welandstal.se\/no\/wp-json\/wp\/v2\/pages\/12716"}],"wp:featuredmedia":[{"embeddable":true,"href":"https:\/\/www.welandstal.se\/no\/wp-json\/wp\/v2\/media\/13367"}],"wp:attachment":[{"href":"https:\/\/www.welandstal.se\/no\/wp-json\/wp\/v2\/media?parent=12738"}],"curies":[{"name":"wp","href":"https:\/\/api.w.org\/{rel}","templated":true}]}}