{"id":12739,"date":"2023-04-02T20:57:10","date_gmt":"2023-04-02T18:57:10","guid":{"rendered":"https:\/\/www.welandstal.se\/produkter\/solpanelfester\/"},"modified":"2026-02-05T13:12:47","modified_gmt":"2026-02-05T12:12:47","slug":"solpanelfester","status":"publish","type":"page","link":"https:\/\/www.welandstal.se\/no\/produkter\/solpanelfester\/","title":{"rendered":"Solpanelfester"},"content":{"rendered":"<!DOCTYPE html>\n<html><meta http-equiv=\"Content-Type\" content=\"text\/html; charset=utf-8\"><div id=\"module-0\" class=\"braavos-module braavos-module-weland_breadcrumbs braavos-module-0 module-spacing-none\"><div class=\"braavos-module-inner\">\n<div class=\"braavos-breadcrumbs\">\n\t<nav aria-label=\"breadcrumbs\" class=\"rank-math-breadcrumb\"><p id=\"breadcrumbs\"><span class=\"last\">Hjem<\/span><\/p><\/nav><\/div>\n\n<\/div><\/div><div id=\"module-1\" class=\"braavos-module braavos-module-hero braavos-module-1 module-theme-light module-width-full content-position-left module-spacing-default\"><div class=\"braavos-module-inner\">\n\n<div class=\"braavos-background\">\n\n\t<img loading=\"lazy\" decoding=\"async\" width=\"1024\" height=\"410\" src=\"https:\/\/www.welandstal.se\/content\/uploads\/2024\/10\/solpanelsfasten-2000x800-be00003981-1024x410.jpg\" class=\"braavos-background__image braavos-image wide responsive\" alt=\"\" style=\"object-position:50% 50%\" sizes=\"auto, (min-width: px) 100vw, 100vw\" srcset=\"https:\/\/www.welandstal.se\/content\/uploads\/2024\/10\/solpanelsfasten-2000x800-be00003981-1024x410.jpg 1024w, https:\/\/www.welandstal.se\/content\/uploads\/2024\/10\/solpanelsfasten-2000x800-be00003981-300x120.jpg 300w, https:\/\/www.welandstal.se\/content\/uploads\/2024\/10\/solpanelsfasten-2000x800-be00003981-768x307.jpg 768w, https:\/\/www.welandstal.se\/content\/uploads\/2024\/10\/solpanelsfasten-2000x800-be00003981-1536x614.jpg 1536w, https:\/\/www.welandstal.se\/content\/uploads\/2024\/10\/solpanelsfasten-2000x800-be00003981-600x240.jpg 600w, https:\/\/www.welandstal.se\/content\/uploads\/2024\/10\/solpanelsfasten-2000x800-be00003981.jpg 2000w\">\n<\/div>\n\n\n\n<div class=\"braavos-foreground\">\n\n\t<div class=\"braavos-foreground__content\"><h3 class=\"braavos-heading braavos-hero_heading\">Solpanelfester<\/h3><div class=\"braavos-hero_body-text\"><p>Vi vet hva vi gj\u00f8r. Med over 40 \u00e5rs erfaring innen taksikring og innfesting til tak, var det n\u00e6rliggende \u00e5 utvikle festesystemer for solpaneler.<\/p>\n<\/div><\/div>\n<\/div>\n\n<\/div><\/div><div id=\"module-2\" class=\"braavos-module braavos-module-columns braavos-module-2 module-layout-grid item-layout-card columns-3 module-spacing-none\"><div class=\"braavos-module-inner\"><h1 class=\"h2 braavos-heading\">Produktgrupper<\/h1>\n\n<div class=\"braavos-posts\">\n\n\t\n\t\t\t\t\t\n\t\t\t\n\t\t\t\t\t\t<article class=\"braavos-post\">\n\n\t\t\t\t\t<a href=\"https:\/\/www.welandstal.se\/no\/produkter\/solpanelfester\/parallelle-systemer\/\" title=\"Les mer\" target=\"\"><img loading=\"lazy\" decoding=\"async\" width=\"1024\" height=\"682\" src=\"https:\/\/www.welandstal.se\/content\/uploads\/2023\/04\/be00003990-1024x682.jpg\" class=\"braavos-image braavos-post__image\" alt=\"\" style=\"object-position:50% 50%\" sizes=\"auto, (min-width: 768px) 33.333333333333vw, (min-width: px) 0px, 50vw\" srcset=\"https:\/\/www.welandstal.se\/content\/uploads\/2023\/04\/be00003990-1024x682.jpg 1024w, https:\/\/www.welandstal.se\/content\/uploads\/2023\/04\/be00003990-300x200.jpg 300w, https:\/\/www.welandstal.se\/content\/uploads\/2023\/04\/be00003990-768x512.jpg 768w, https:\/\/www.welandstal.se\/content\/uploads\/2023\/04\/be00003990-1536x1024.jpg 1536w, https:\/\/www.welandstal.se\/content\/uploads\/2023\/04\/be00003990-600x400.jpg 600w, https:\/\/www.welandstal.se\/content\/uploads\/2023\/04\/be00003990.jpg 2000w\"><\/a><h3 class=\"braavos-post__title\">Parallelle systemer<\/h3><a href=\"https:\/\/www.welandstal.se\/no\/produkter\/solpanelfester\/parallelle-systemer\/\" class=\"braavos-post__link\" title=\"Les mer\" target=\"\">Les mer<\/a>\n\t\t\t<\/article>\n\n\t\t\t\n\t\t\t\t\t\n\t\t\t\n\t\t\t\t\t\t<article class=\"braavos-post\">\n\n\t\t\t\t\t<a href=\"https:\/\/www.welandstal.se\/no\/produkter\/solpanelfester\/lavt-skranende-system\/\" title=\"Les mer\" target=\"\"><img loading=\"lazy\" decoding=\"async\" width=\"1024\" height=\"768\" src=\"https:\/\/www.welandstal.se\/content\/uploads\/2025\/10\/laglutande-stabilisatormonterad-langsidesklamd-ost-vast-1200x900-14153466-1024x768.jpg\" class=\"braavos-image braavos-post__image\" alt=\"\" style=\"object-position:50% 50%\" sizes=\"auto, (min-width: 768px) 33.333333333333vw, (min-width: px) 0px, 50vw\" srcset=\"https:\/\/www.welandstal.se\/content\/uploads\/2025\/10\/laglutande-stabilisatormonterad-langsidesklamd-ost-vast-1200x900-14153466-1024x768.jpg 1024w, https:\/\/www.welandstal.se\/content\/uploads\/2025\/10\/laglutande-stabilisatormonterad-langsidesklamd-ost-vast-1200x900-14153466-300x225.jpg 300w, https:\/\/www.welandstal.se\/content\/uploads\/2025\/10\/laglutande-stabilisatormonterad-langsidesklamd-ost-vast-1200x900-14153466-768x576.jpg 768w, https:\/\/www.welandstal.se\/content\/uploads\/2025\/10\/laglutande-stabilisatormonterad-langsidesklamd-ost-vast-1200x900-14153466-600x450.jpg 600w, https:\/\/www.welandstal.se\/content\/uploads\/2025\/10\/laglutande-stabilisatormonterad-langsidesklamd-ost-vast-1200x900-14153466.jpg 1200w\"><\/a><h3 class=\"braavos-post__title\">Lavt skr\u00e5nende system<\/h3><a href=\"https:\/\/www.welandstal.se\/no\/produkter\/solpanelfester\/lavt-skranende-system\/\" class=\"braavos-post__link\" title=\"Les mer\" target=\"\">Les mer<\/a>\n\t\t\t<\/article>\n\n\t\t\t\n\t\t\t\t\t\n\t\t\t\n\t\t\t\t\t\t<article class=\"braavos-post\">\n\n\t\t\t\t\t<a href=\"https:\/\/www.welandstal.se\/no\/produkter\/solpanelfester\/markstativ\/\" title=\"Les mer\" target=\"\"><img loading=\"lazy\" decoding=\"async\" width=\"1024\" height=\"683\" src=\"https:\/\/www.welandstal.se\/content\/uploads\/2025\/01\/markstativ5-1200x800-1-1024x683.jpg\" class=\"braavos-image braavos-post__image\" alt=\"\" style=\"object-position:50% 50%\" sizes=\"auto, (min-width: 768px) 33.333333333333vw, (min-width: px) 0px, 50vw\" srcset=\"https:\/\/www.welandstal.se\/content\/uploads\/2025\/01\/markstativ5-1200x800-1-1024x683.jpg 1024w, https:\/\/www.welandstal.se\/content\/uploads\/2025\/01\/markstativ5-1200x800-1-300x200.jpg 300w, https:\/\/www.welandstal.se\/content\/uploads\/2025\/01\/markstativ5-1200x800-1-768x512.jpg 768w, https:\/\/www.welandstal.se\/content\/uploads\/2025\/01\/markstativ5-1200x800-1-600x400.jpg 600w, https:\/\/www.welandstal.se\/content\/uploads\/2025\/01\/markstativ5-1200x800-1.jpg 1200w\"><\/a><h3 class=\"braavos-post__title\">Markstativ<\/h3><a href=\"https:\/\/www.welandstal.se\/no\/produkter\/solpanelfester\/markstativ\/\" class=\"braavos-post__link\" title=\"Les mer\" target=\"\">Les mer<\/a>\n\t\t\t<\/article>\n\n\t\t\t\n\t\t\n\t\n<\/div>\n\n<\/div><\/div><div id=\"module-3\" class=\"braavos-module braavos-module-wysiwyg braavos-module-3 module-theme-none module-spacing-none\"><div class=\"braavos-module-inner\">\n<div class=\"braavos-content\">\n\t<div style=\"width: 1920px;\" class=\"wp-video\"><video class=\"wp-video-shortcode\" id=\"video-12739-1\" width=\"1920\" height=\"1080\" poster=\"https:\/\/www.welandstal.se\/content\/uploads\/2024\/08\/Weland-bild-18-scaled.jpg\" preload=\"metadata\" controls=\"controls\"><source type=\"video\/mp4\" src=\"https:\/\/www.welandstal.se\/content\/uploads\/2024\/08\/Weland-kortis.mp4?_=1\"><a href=\"https:\/\/www.welandstal.se\/content\/uploads\/2024\/08\/Weland-kortis.mp4\">https:\/\/www.welandstal.se\/content\/uploads\/2024\/08\/Weland-kortis.mp4<\/a><\/video><\/div>\n<p><strong><em>Se hele klippet her: <\/em><\/strong><a href=\"https:\/\/www.youtube.com\/watch?v=v0JK-2cm-9o\" target=\"_blank\" rel=\"noopener\">Weland St\u00e5l og OKQ8 samarbeider i unikt prosjekt om solenergi. (youtube.com)<\/a><\/p>\n<\/div>\n<\/div><\/div><\/html>\n","protected":false},"excerpt":{"rendered":"<p>Hjem SolpanelfesterVi vet hva vi gj\u00f8r. Med over 40 \u00e5rs erfaring innen taksikring og innfesting til tak, var det n\u00e6rliggende [&hellip;]<\/p>\n","protected":false},"author":3,"featured_media":14035,"parent":12716,"menu_order":0,"comment_status":"closed","ping_status":"closed","template":"modules-page.php","meta":{"_acf_changed":false,"footnotes":""},"class_list":["post-12739","page","type-page","status-publish","has-post-thumbnail","hentry"],"acf":[],"_links":{"self":[{"href":"https:\/\/www.welandstal.se\/no\/wp-json\/wp\/v2\/pages\/12739","targetHints":{"allow":["GET"]}}],"collection":[{"href":"https:\/\/www.welandstal.se\/no\/wp-json\/wp\/v2\/pages"}],"about":[{"href":"https:\/\/www.welandstal.se\/no\/wp-json\/wp\/v2\/types\/page"}],"author":[{"embeddable":true,"href":"https:\/\/www.welandstal.se\/no\/wp-json\/wp\/v2\/users\/3"}],"replies":[{"embeddable":true,"href":"https:\/\/www.welandstal.se\/no\/wp-json\/wp\/v2\/comments?post=12739"}],"version-history":[{"count":13,"href":"https:\/\/www.welandstal.se\/no\/wp-json\/wp\/v2\/pages\/12739\/revisions"}],"predecessor-version":[{"id":23954,"href":"https:\/\/www.welandstal.se\/no\/wp-json\/wp\/v2\/pages\/12739\/revisions\/23954"}],"up":[{"embeddable":true,"href":"https:\/\/www.welandstal.se\/no\/wp-json\/wp\/v2\/pages\/12716"}],"wp:featuredmedia":[{"embeddable":true,"href":"https:\/\/www.welandstal.se\/no\/wp-json\/wp\/v2\/media\/14035"}],"wp:attachment":[{"href":"https:\/\/www.welandstal.se\/no\/wp-json\/wp\/v2\/media?parent=12739"}],"curies":[{"name":"wp","href":"https:\/\/api.w.org\/{rel}","templated":true}]}}