{"id":12741,"date":"2023-04-02T21:00:03","date_gmt":"2023-04-02T19:00:03","guid":{"rendered":"https:\/\/www.welandstal.se\/produkter\/taksikkerhet\/snofangere\/"},"modified":"2025-08-12T10:43:00","modified_gmt":"2025-08-12T08:43:00","slug":"snofangere","status":"publish","type":"page","link":"https:\/\/www.welandstal.se\/no\/produkter\/taksikkerhet\/snofangere\/","title":{"rendered":"Sn\u00f8fangere"},"content":{"rendered":"<!DOCTYPE html>\n<html><meta http-equiv=\"Content-Type\" content=\"text\/html; charset=utf-8\"><div id=\"module-0\" class=\"braavos-module braavos-module-weland_breadcrumbs braavos-module-0 module-spacing-none\"><div class=\"braavos-module-inner\">\n<div class=\"braavos-breadcrumbs\">\n\t<nav aria-label=\"breadcrumbs\" class=\"rank-math-breadcrumb\"><p id=\"breadcrumbs\"><span class=\"last\">Hjem<\/span><\/p><\/nav><\/div>\n\n<\/div><\/div><div id=\"module-1\" class=\"braavos-module braavos-module-hero braavos-module-1 module-theme-light module-width-full content-position-left module-spacing-default\"><div class=\"braavos-module-inner\">\n\n<div class=\"braavos-background\">\n\n\t<img loading=\"lazy\" decoding=\"async\" width=\"1024\" height=\"410\" src=\"https:\/\/www.welandstal.se\/content\/uploads\/2024\/10\/snorasskydd-2000x800-be00002253-1024x410.jpg\" class=\"braavos-background__image braavos-image wide responsive\" alt=\"\" style=\"object-position:50% 50%\" sizes=\"auto, (min-width: px) 100vw, 100vw\" srcset=\"https:\/\/www.welandstal.se\/content\/uploads\/2024\/10\/snorasskydd-2000x800-be00002253-1024x410.jpg 1024w, https:\/\/www.welandstal.se\/content\/uploads\/2024\/10\/snorasskydd-2000x800-be00002253-300x120.jpg 300w, https:\/\/www.welandstal.se\/content\/uploads\/2024\/10\/snorasskydd-2000x800-be00002253-768x307.jpg 768w, https:\/\/www.welandstal.se\/content\/uploads\/2024\/10\/snorasskydd-2000x800-be00002253-1536x614.jpg 1536w, https:\/\/www.welandstal.se\/content\/uploads\/2024\/10\/snorasskydd-2000x800-be00002253-600x240.jpg 600w, https:\/\/www.welandstal.se\/content\/uploads\/2024\/10\/snorasskydd-2000x800-be00002253.jpg 2000w\">\n<\/div>\n\n\n\n<div class=\"braavos-foreground\">\n\n\t<div class=\"braavos-foreground__content\"><h1 class=\"h3 braavos-heading braavos-hero_heading\">Sn\u00f8fangere<\/h1><div class=\"braavos-hero_body-text\"><p>Weland tilbyr et bredt utvalg av produkter som gir bedre sikkerhet vinterstid. Sn\u00f8fangerne v\u00e5re er oppbygd ut fra prinsippet om lettmonterte deler som kan settes sammen til en l\u00f8sning som passer dine spesifikke behov.<\/p>\n<\/div><\/div>\n<\/div>\n\n<\/div><\/div><div id=\"module-2\" class=\"braavos-module braavos-module-posts_system braavos-module-2 module-layout-grid item-layout-banner columns-3 module-spacing-default\"><div class=\"braavos-module-inner\">\n\n\t\t<div class=\"braavos-posts\">\n\n\t\t\n\t\t\t\t\t\t\t\n\t\t\t\t\n\t\t\t\t\t\t\t\t\n\t\t\t\t<article class=\"braavos-post post-12766\">\t\t\t\t\n\t\t\t\t<a href=\"https:\/\/www.welandstal.se\/no\/produkter\/taksikkerhet\/snofangere\/snofanger-ror\/\" title=\"Sn\u00f8fanger med 3 r\u00f8r\"><img loading=\"lazy\" decoding=\"async\" width=\"900\" height=\"600\" src=\"https:\/\/www.welandstal.se\/content\/uploads\/2023\/03\/be00001879.jpg\" class=\"braavos-image braavos-post__image\" alt=\"\" sizes=\"auto, (min-width: 768px) 100vw, (min-width: px) 0px, 50vw\" srcset=\"https:\/\/www.welandstal.se\/content\/uploads\/2023\/03\/be00001879.jpg 900w, https:\/\/www.welandstal.se\/content\/uploads\/2023\/03\/be00001879-300x200.jpg 300w, https:\/\/www.welandstal.se\/content\/uploads\/2023\/03\/be00001879-768x512.jpg 768w, https:\/\/www.welandstal.se\/content\/uploads\/2023\/03\/be00001879-600x400.jpg 600w\"><h3 class=\"braavos-post__title\">Sn\u00f8fanger med 3 r\u00f8r<\/h3><\/a>\t\t\t\t\n\t\t\t\t<\/article>\n\t\t\t\t\n\t\t\t\t\t\t\t\n\t\t\t\t\n\t\t\t\t\t\t\t\t\n\t\t\t\t<article class=\"braavos-post post-12439\">\t\t\t\t\n\t\t\t\t<a href=\"https:\/\/www.welandstal.se\/no\/produkter\/taksikkerhet\/snofangere\/snofanger-i-profilrist\/\" title=\"Sn\u00f8fanger i profilrist\"><img loading=\"lazy\" decoding=\"async\" width=\"800\" height=\"600\" src=\"https:\/\/www.welandstal.se\/content\/uploads\/2023\/04\/be00001843.jpg\" class=\"braavos-image braavos-post__image\" alt=\"\" sizes=\"auto, (min-width: 768px) 100vw, (min-width: px) 0px, 50vw\" srcset=\"https:\/\/www.welandstal.se\/content\/uploads\/2023\/04\/be00001843.jpg 800w, https:\/\/www.welandstal.se\/content\/uploads\/2023\/04\/be00001843-300x225.jpg 300w, https:\/\/www.welandstal.se\/content\/uploads\/2023\/04\/be00001843-768x576.jpg 768w, https:\/\/www.welandstal.se\/content\/uploads\/2023\/04\/be00001843-600x450.jpg 600w\"><h3 class=\"braavos-post__title\">Sn\u00f8fanger i profilrist<\/h3><\/a>\t\t\t\t\n\t\t\t\t<\/article>\n\t\t\t\t\n\t\t\t\t\t\t\t\n\t\t\t\t\n\t\t\t\t\t\t\t\t\n\t\t\t\t<article class=\"braavos-post post-12464\">\t\t\t\t\n\t\t\t\t<a href=\"https:\/\/www.welandstal.se\/no\/produkter\/taksikkerhet\/snofangere\/isstopper\/\" title=\"Isstopper\"><img loading=\"lazy\" decoding=\"async\" width=\"1024\" height=\"682\" src=\"https:\/\/www.welandstal.se\/content\/uploads\/2023\/04\/be00001378-ref-1-1024x682.jpg\" class=\"braavos-image braavos-post__image\" alt=\"\" sizes=\"auto, (min-width: 768px) 100vw, (min-width: px) 0px, 50vw\" srcset=\"https:\/\/www.welandstal.se\/content\/uploads\/2023\/04\/be00001378-ref-1-1024x682.jpg 1024w, https:\/\/www.welandstal.se\/content\/uploads\/2023\/04\/be00001378-ref-1-300x200.jpg 300w, https:\/\/www.welandstal.se\/content\/uploads\/2023\/04\/be00001378-ref-1-768x512.jpg 768w, https:\/\/www.welandstal.se\/content\/uploads\/2023\/04\/be00001378-ref-1-1536x1024.jpg 1536w, https:\/\/www.welandstal.se\/content\/uploads\/2023\/04\/be00001378-ref-1-600x400.jpg 600w, https:\/\/www.welandstal.se\/content\/uploads\/2023\/04\/be00001378-ref-1.jpg 2000w\"><h3 class=\"braavos-post__title\">Isstopper<\/h3><\/a>\t\t\t\t\n\t\t\t\t<\/article>\n\t\t\t\t\n\t\t\t\n\t\t\n\t<\/div>\n\n<\/div><\/div><div id=\"module-3\" class=\"braavos-module braavos-module-wysiwyg braavos-module-3 module-theme-light module-spacing-none\"><div class=\"braavos-module-inner\">\n<div class=\"braavos-content\">\n\t<p>En viktig del av taksikringen er \u00e5 beskytte personer som g\u00e5r under takkanten fra sn\u00f8 og is som faller ned. Ved hjelp av v\u00e5re fleksible fester, kan sn\u00f8fangere monteres p\u00e5 en rekke ulike taktyper.<\/p>\n<p style=\"text-align: center;\"><a class=\"button\" style=\"text-align: center;\" href=\"https:\/\/legacy.welandstal.se\/takskyddKonfigurator\/produkt.asp?produktid=1\" target=\"_blank\" rel=\"noopener\">Kalkulator for sn\u00f8fangere<\/a><\/p>\n<\/div>\n<\/div><\/div><div id=\"module-4\" class=\"braavos-module braavos-module-weland_gallery braavos-module-4 module-layout-slider module-width-full module-spacing-default\"><div class=\"braavos-module-inner\"><div class=\"weland-gallery-slider\"><div class=\"weland-gallery items-5 swiper-wrapper\"><figure class=\"weland-gallery_item swiper-slide\"><a href=\"https:\/\/www.welandstal.se\/content\/uploads\/2023\/09\/snorasskydd_langa.jpg\" target=\"\" title=\"\" class=\"lightbox\"><img loading=\"lazy\" decoding=\"async\" width=\"720\" height=\"720\" src=\"https:\/\/www.welandstal.se\/content\/uploads\/2023\/09\/snorasskydd_langa.jpg\" class=\"weland-gallery_image braavos-image\" alt=\"\" style=\"object-position:50% 50%\" sizes=\"auto, (min-width: px) 100vw, 100vw\" srcset=\"https:\/\/www.welandstal.se\/content\/uploads\/2023\/09\/snorasskydd_langa.jpg 720w, https:\/\/www.welandstal.se\/content\/uploads\/2023\/09\/snorasskydd_langa-300x300.jpg 300w, https:\/\/www.welandstal.se\/content\/uploads\/2023\/09\/snorasskydd_langa-150x150.jpg 150w, https:\/\/www.welandstal.se\/content\/uploads\/2023\/09\/snorasskydd_langa-600x600.jpg 600w, https:\/\/www.welandstal.se\/content\/uploads\/2023\/09\/snorasskydd_langa-100x100.jpg 100w\"><\/a><\/figure><figure class=\"weland-gallery_item swiper-slide\"><a href=\"https:\/\/www.welandstal.se\/content\/uploads\/2023\/04\/Snorasskydd_forhojd_profildurk_falsat_av00001058.jpg\" target=\"\" title=\"\" class=\"lightbox\"><img loading=\"lazy\" decoding=\"async\" width=\"2000\" height=\"1239\" src=\"https:\/\/www.welandstal.se\/content\/uploads\/2023\/04\/Snorasskydd_forhojd_profildurk_falsat_av00001058.jpg\" class=\"weland-gallery_image braavos-image\" alt=\"\" style=\"object-position:50% 50%\" sizes=\"auto, (min-width: px) 100vw, 100vw\" srcset=\"https:\/\/www.welandstal.se\/content\/uploads\/2023\/04\/Snorasskydd_forhojd_profildurk_falsat_av00001058.jpg 2000w, https:\/\/www.welandstal.se\/content\/uploads\/2023\/04\/Snorasskydd_forhojd_profildurk_falsat_av00001058-300x186.jpg 300w, https:\/\/www.welandstal.se\/content\/uploads\/2023\/04\/Snorasskydd_forhojd_profildurk_falsat_av00001058-1024x634.jpg 1024w, https:\/\/www.welandstal.se\/content\/uploads\/2023\/04\/Snorasskydd_forhojd_profildurk_falsat_av00001058-768x476.jpg 768w, https:\/\/www.welandstal.se\/content\/uploads\/2023\/04\/Snorasskydd_forhojd_profildurk_falsat_av00001058-1536x952.jpg 1536w, https:\/\/www.welandstal.se\/content\/uploads\/2023\/04\/Snorasskydd_forhojd_profildurk_falsat_av00001058-600x372.jpg 600w\"><\/a><\/figure><figure class=\"weland-gallery_item swiper-slide\"><a href=\"https:\/\/www.welandstal.se\/content\/uploads\/2023\/04\/be00002618_cmyk-kopiera.jpg\" target=\"\" title=\"\" class=\"lightbox\"><img loading=\"lazy\" decoding=\"async\" width=\"2000\" height=\"1333\" src=\"https:\/\/www.welandstal.se\/content\/uploads\/2023\/04\/be00002618_cmyk-kopiera.jpg\" class=\"weland-gallery_image braavos-image\" alt=\"\" style=\"object-position:50% 50%\" sizes=\"auto, (min-width: px) 100vw, 100vw\" srcset=\"https:\/\/www.welandstal.se\/content\/uploads\/2023\/04\/be00002618_cmyk-kopiera.jpg 2000w, https:\/\/www.welandstal.se\/content\/uploads\/2023\/04\/be00002618_cmyk-kopiera-300x200.jpg 300w, https:\/\/www.welandstal.se\/content\/uploads\/2023\/04\/be00002618_cmyk-kopiera-1024x682.jpg 1024w, https:\/\/www.welandstal.se\/content\/uploads\/2023\/04\/be00002618_cmyk-kopiera-768x512.jpg 768w, https:\/\/www.welandstal.se\/content\/uploads\/2023\/04\/be00002618_cmyk-kopiera-1536x1024.jpg 1536w, https:\/\/www.welandstal.se\/content\/uploads\/2023\/04\/be00002618_cmyk-kopiera-600x400.jpg 600w\"><\/a><\/figure><figure class=\"weland-gallery_item swiper-slide\"><a href=\"https:\/\/www.welandstal.se\/content\/uploads\/2024\/04\/be00001804.jpg\" target=\"\" title=\"\" class=\"lightbox\"><img loading=\"lazy\" decoding=\"async\" width=\"900\" height=\"600\" src=\"https:\/\/www.welandstal.se\/content\/uploads\/2024\/04\/be00001804.jpg\" class=\"weland-gallery_image braavos-image\" alt=\"\" style=\"object-position:50% 50%\" sizes=\"auto, (min-width: px) 100vw, 100vw\" srcset=\"https:\/\/www.welandstal.se\/content\/uploads\/2024\/04\/be00001804.jpg 900w, https:\/\/www.welandstal.se\/content\/uploads\/2024\/04\/be00001804-300x200.jpg 300w, https:\/\/www.welandstal.se\/content\/uploads\/2024\/04\/be00001804-768x512.jpg 768w, https:\/\/www.welandstal.se\/content\/uploads\/2024\/04\/be00001804-600x400.jpg 600w\"><\/a><\/figure><figure class=\"weland-gallery_item swiper-slide\"><a href=\"https:\/\/www.welandstal.se\/content\/uploads\/2023\/04\/be00001880.jpg\" target=\"\" title=\"\" class=\"lightbox\"><img loading=\"lazy\" decoding=\"async\" width=\"900\" height=\"600\" src=\"https:\/\/www.welandstal.se\/content\/uploads\/2023\/04\/be00001880.jpg\" class=\"weland-gallery_image braavos-image\" alt=\"\" style=\"object-position:50% 50%\" sizes=\"auto, (min-width: px) 100vw, 100vw\" srcset=\"https:\/\/www.welandstal.se\/content\/uploads\/2023\/04\/be00001880.jpg 900w, https:\/\/www.welandstal.se\/content\/uploads\/2023\/04\/be00001880-300x200.jpg 300w, https:\/\/www.welandstal.se\/content\/uploads\/2023\/04\/be00001880-768x512.jpg 768w, https:\/\/www.welandstal.se\/content\/uploads\/2023\/04\/be00001880-600x400.jpg 600w\"><\/a><\/figure><\/div><div class=\"swiper-pagination\"><\/div><div class=\"swiper-navigation\"><div class=\"braavos-prev\"><i class=\"fa-regular fa-arrow-left\"><\/i><\/div><div class=\"braavos-next\"><i class=\"fa-regular fa-arrow-right\"><\/i><\/div><\/div><\/div><\/div><\/div><\/html>\n","protected":false},"excerpt":{"rendered":"<p>Hjem Sn\u00f8fangereWeland tilbyr et bredt utvalg av produkter som gir bedre sikkerhet vinterstid. Sn\u00f8fangerne v\u00e5re er oppbygd ut fra prinsippet [&hellip;]<\/p>\n","protected":false},"author":3,"featured_media":14053,"parent":12737,"menu_order":0,"comment_status":"closed","ping_status":"closed","template":"modules-page.php","meta":{"_acf_changed":false,"footnotes":""},"class_list":["post-12741","page","type-page","status-publish","has-post-thumbnail","hentry"],"acf":[],"_links":{"self":[{"href":"https:\/\/www.welandstal.se\/no\/wp-json\/wp\/v2\/pages\/12741","targetHints":{"allow":["GET"]}}],"collection":[{"href":"https:\/\/www.welandstal.se\/no\/wp-json\/wp\/v2\/pages"}],"about":[{"href":"https:\/\/www.welandstal.se\/no\/wp-json\/wp\/v2\/types\/page"}],"author":[{"embeddable":true,"href":"https:\/\/www.welandstal.se\/no\/wp-json\/wp\/v2\/users\/3"}],"replies":[{"embeddable":true,"href":"https:\/\/www.welandstal.se\/no\/wp-json\/wp\/v2\/comments?post=12741"}],"version-history":[{"count":10,"href":"https:\/\/www.welandstal.se\/no\/wp-json\/wp\/v2\/pages\/12741\/revisions"}],"predecessor-version":[{"id":22868,"href":"https:\/\/www.welandstal.se\/no\/wp-json\/wp\/v2\/pages\/12741\/revisions\/22868"}],"up":[{"embeddable":true,"href":"https:\/\/www.welandstal.se\/no\/wp-json\/wp\/v2\/pages\/12737"}],"wp:featuredmedia":[{"embeddable":true,"href":"https:\/\/www.welandstal.se\/no\/wp-json\/wp\/v2\/media\/14053"}],"wp:attachment":[{"href":"https:\/\/www.welandstal.se\/no\/wp-json\/wp\/v2\/media?parent=12741"}],"curies":[{"name":"wp","href":"https:\/\/api.w.org\/{rel}","templated":true}]}}