{"id":12742,"date":"2023-04-02T21:00:41","date_gmt":"2023-04-02T19:00:41","guid":{"rendered":"https:\/\/www.welandstal.se\/produkter\/taksikkerhet\/takbroer\/"},"modified":"2025-08-08T16:15:25","modified_gmt":"2025-08-08T14:15:25","slug":"takbroer","status":"publish","type":"page","link":"https:\/\/www.welandstal.se\/no\/produkter\/taksikkerhet\/takbroer\/","title":{"rendered":"Takbroer"},"content":{"rendered":"<!DOCTYPE html>\n<html><meta http-equiv=\"Content-Type\" content=\"text\/html; charset=utf-8\"><div id=\"module-0\" class=\"braavos-module braavos-module-weland_breadcrumbs braavos-module-0 module-spacing-none\"><div class=\"braavos-module-inner\">\n<div class=\"braavos-breadcrumbs\">\n\t<nav aria-label=\"breadcrumbs\" class=\"rank-math-breadcrumb\"><p id=\"breadcrumbs\"><span class=\"last\">Hjem<\/span><\/p><\/nav><\/div>\n\n<\/div><\/div><div id=\"module-1\" class=\"braavos-module braavos-module-hero braavos-module-1 module-theme-light module-width-full content-position-left module-spacing-default\"><div class=\"braavos-module-inner\">\n\n<div class=\"braavos-background\">\n\n\t<img loading=\"lazy\" decoding=\"async\" width=\"1024\" height=\"480\" src=\"https:\/\/www.welandstal.se\/content\/uploads\/2023\/04\/be00003335-wide-1-1024x480.jpg\" class=\"braavos-background__image braavos-image wide responsive\" alt=\"\" style=\"object-position:39.59% 38.24%\" sizes=\"auto, (min-width: px) 100vw, 100vw\" srcset=\"https:\/\/www.welandstal.se\/content\/uploads\/2023\/04\/be00003335-wide-1-1024x480.jpg 1024w, https:\/\/www.welandstal.se\/content\/uploads\/2023\/04\/be00003335-wide-1-300x141.jpg 300w, https:\/\/www.welandstal.se\/content\/uploads\/2023\/04\/be00003335-wide-1-768x360.jpg 768w, https:\/\/www.welandstal.se\/content\/uploads\/2023\/04\/be00003335-wide-1-1536x720.jpg 1536w, https:\/\/www.welandstal.se\/content\/uploads\/2023\/04\/be00003335-wide-1-2048x960.jpg 2048w, https:\/\/www.welandstal.se\/content\/uploads\/2023\/04\/be00003335-wide-1-600x281.jpg 600w\">\n<\/div>\n\n\n\n<div class=\"braavos-foreground\">\n\n\t<div class=\"braavos-foreground__content\"><h1 class=\"h3 braavos-heading braavos-hero_heading\">Takbroer<\/h1><div class=\"braavos-hero_body-text\"><p>Vi skaper trygghet for alle som har tak som sin arbeidsplass, og da er det viktig med p\u00e5litelige systemer. Med Welands lette og stabile takbro, kan man lage gangveier fram til steder som krever vedlikehold og forflytte seg p\u00e5 taket p\u00e5 en smidig m\u00e5te.<\/p>\n<\/div><\/div>\n<\/div>\n\n<\/div><\/div><div id=\"module-2\" class=\"braavos-module braavos-module-posts_system braavos-module-2 module-layout-grid item-layout-banner columns-3 module-spacing-default\"><div class=\"braavos-module-inner\">\n\n\t\t<div class=\"braavos-posts\">\n\n\t\t\n\t\t\t\t\t\t\t\n\t\t\t\t\n\t\t\t\t\t\t\t\t\n\t\t\t\t<article class=\"braavos-post post-12513\">\t\t\t\t\n\t\t\t\t<a href=\"https:\/\/www.welandstal.se\/no\/produkter\/taksikkerhet\/takbroer\/takbro\/\" title=\"Takbro\"><img loading=\"lazy\" decoding=\"async\" width=\"1024\" height=\"683\" src=\"https:\/\/www.welandstal.se\/content\/uploads\/2023\/04\/be00001398-1024x683.jpg\" class=\"braavos-image braavos-post__image\" alt=\"\" sizes=\"auto, (min-width: 768px) 100vw, (min-width: px) 0px, 50vw\" srcset=\"https:\/\/www.welandstal.se\/content\/uploads\/2023\/04\/be00001398-1024x683.jpg 1024w, https:\/\/www.welandstal.se\/content\/uploads\/2023\/04\/be00001398-300x200.jpg 300w, https:\/\/www.welandstal.se\/content\/uploads\/2023\/04\/be00001398-768x512.jpg 768w, https:\/\/www.welandstal.se\/content\/uploads\/2023\/04\/be00001398-1536x1024.jpg 1536w, https:\/\/www.welandstal.se\/content\/uploads\/2023\/04\/be00001398-2048x1365.jpg 2048w, https:\/\/www.welandstal.se\/content\/uploads\/2023\/04\/be00001398-600x400.jpg 600w\"><h3 class=\"braavos-post__title\">Takbro<\/h3><\/a>\t\t\t\t\n\t\t\t\t<\/article>\n\t\t\t\t\n\t\t\t\t\t\t\t\n\t\t\t\t\n\t\t\t\t\t\t\t\t\n\t\t\t\t<article class=\"braavos-post post-12711\">\t\t\t\t\n\t\t\t\t<a href=\"https:\/\/www.welandstal.se\/no\/produkter\/taksikkerhet\/takbroer\/takbro-med-lavt-feste\/\" title=\"Takbro med lavt feste\"><img loading=\"lazy\" decoding=\"async\" width=\"1024\" height=\"908\" src=\"https:\/\/www.welandstal.se\/content\/uploads\/2023\/06\/be00002440-1024x908.jpg\" class=\"braavos-image braavos-post__image\" alt=\"\" sizes=\"auto, (min-width: 768px) 100vw, (min-width: px) 0px, 50vw\" srcset=\"https:\/\/www.welandstal.se\/content\/uploads\/2023\/06\/be00002440-1024x908.jpg 1024w, https:\/\/www.welandstal.se\/content\/uploads\/2023\/06\/be00002440-300x266.jpg 300w, https:\/\/www.welandstal.se\/content\/uploads\/2023\/06\/be00002440-768x681.jpg 768w, https:\/\/www.welandstal.se\/content\/uploads\/2023\/06\/be00002440-1536x1362.jpg 1536w, https:\/\/www.welandstal.se\/content\/uploads\/2023\/06\/be00002440-600x532.jpg 600w, https:\/\/www.welandstal.se\/content\/uploads\/2023\/06\/be00002440.jpg 2000w\"><h3 class=\"braavos-post__title\">Takbro med lavt feste<\/h3><\/a>\t\t\t\t\n\t\t\t\t<\/article>\n\t\t\t\t\n\t\t\t\t\t\t\t\n\t\t\t\t\n\t\t\t\t\t\t\t\t\n\t\t\t\t<article class=\"braavos-post post-12697\">\t\t\t\t\n\t\t\t\t<a href=\"https:\/\/www.welandstal.se\/no\/produkter\/taksikkerhet\/takstiger-og-sklisikring\/takbro-brukt-som-takstige\/\" title=\"Takbro brukt som takstige\"><img loading=\"lazy\" decoding=\"async\" width=\"1024\" height=\"682\" src=\"https:\/\/www.welandstal.se\/content\/uploads\/2023\/04\/be00004467-1024x682.jpg\" class=\"braavos-image braavos-post__image\" alt=\"\" sizes=\"auto, (min-width: 768px) 100vw, (min-width: px) 0px, 50vw\" srcset=\"https:\/\/www.welandstal.se\/content\/uploads\/2023\/04\/be00004467-1024x682.jpg 1024w, https:\/\/www.welandstal.se\/content\/uploads\/2023\/04\/be00004467-300x200.jpg 300w, https:\/\/www.welandstal.se\/content\/uploads\/2023\/04\/be00004467-768x512.jpg 768w, https:\/\/www.welandstal.se\/content\/uploads\/2023\/04\/be00004467-1536x1024.jpg 1536w, https:\/\/www.welandstal.se\/content\/uploads\/2023\/04\/be00004467-600x400.jpg 600w, https:\/\/www.welandstal.se\/content\/uploads\/2023\/04\/be00004467.jpg 2000w\"><h3 class=\"braavos-post__title\">Takbro brukt som takstige<\/h3><\/a>\t\t\t\t\n\t\t\t\t<\/article>\n\t\t\t\t\n\t\t\t\n\t\t\n\t<\/div>\n\n<\/div><\/div><div id=\"module-3\" class=\"braavos-module braavos-module-wysiwyg braavos-module-3 module-theme-light module-spacing-default\"><div class=\"braavos-module-inner\">\n<div class=\"braavos-content\">\n\t<p style=\"text-align: left;\">Takbroen gir en komfortabel og trygg m\u00e5te \u00e5 bevege seg langs taket p\u00e5. Ved hjelp av standardfestene v\u00e5re kan man tilpasse takbroen til en rekke taktyper, og dermed tilpasse produktet etter dine spesifikke behov.<\/p>\n<p><mq:ch val=\"\n\"><\/mq:ch><\/p>\n<p style=\"text-align: center;\"><a class=\"button\" href=\"https:\/\/legacy.welandstal.se\/takskyddKonfigurator\/produkt.asp?produktid=39\" target=\"_blank\" rel=\"noopener\">Kalkulator for takbroer<\/a><\/p>\n<\/div>\n<\/div><\/div><div id=\"module-4\" class=\"braavos-module braavos-module-weland_gallery braavos-module-4 module-layout-slider module-width-full module-spacing-none\"><div class=\"braavos-module-inner\"><div class=\"weland-gallery-slider\"><div class=\"weland-gallery items-5 swiper-wrapper\"><figure class=\"weland-gallery_item swiper-slide\"><a href=\"https:\/\/www.welandstal.se\/content\/uploads\/2023\/04\/be00004417.jpg\" target=\"\" title=\"\" class=\"lightbox\"><img loading=\"lazy\" decoding=\"async\" width=\"1920\" height=\"1280\" src=\"https:\/\/www.welandstal.se\/content\/uploads\/2023\/04\/be00004417.jpg\" class=\"weland-gallery_image braavos-image\" alt=\"\" style=\"object-position:50% 50%\" sizes=\"auto, (min-width: px) 100vw, 100vw\" srcset=\"https:\/\/www.welandstal.se\/content\/uploads\/2023\/04\/be00004417.jpg 1920w, https:\/\/www.welandstal.se\/content\/uploads\/2023\/04\/be00004417-300x200.jpg 300w, https:\/\/www.welandstal.se\/content\/uploads\/2023\/04\/be00004417-1024x683.jpg 1024w, https:\/\/www.welandstal.se\/content\/uploads\/2023\/04\/be00004417-768x512.jpg 768w, https:\/\/www.welandstal.se\/content\/uploads\/2023\/04\/be00004417-1536x1024.jpg 1536w, https:\/\/www.welandstal.se\/content\/uploads\/2023\/04\/be00004417-600x400.jpg 600w\"><\/a><\/figure><figure class=\"weland-gallery_item swiper-slide\"><a href=\"https:\/\/www.welandstal.se\/content\/uploads\/2023\/06\/be00003256.jpg\" target=\"\" title=\"\" class=\"lightbox\"><img loading=\"lazy\" decoding=\"async\" width=\"2000\" height=\"1333\" src=\"https:\/\/www.welandstal.se\/content\/uploads\/2023\/06\/be00003256.jpg\" class=\"weland-gallery_image braavos-image\" alt=\"\" style=\"object-position:29.67% 51%\" sizes=\"auto, (min-width: px) 100vw, 100vw\" srcset=\"https:\/\/www.welandstal.se\/content\/uploads\/2023\/06\/be00003256.jpg 2000w, https:\/\/www.welandstal.se\/content\/uploads\/2023\/06\/be00003256-300x200.jpg 300w, https:\/\/www.welandstal.se\/content\/uploads\/2023\/06\/be00003256-1024x682.jpg 1024w, https:\/\/www.welandstal.se\/content\/uploads\/2023\/06\/be00003256-768x512.jpg 768w, https:\/\/www.welandstal.se\/content\/uploads\/2023\/06\/be00003256-1536x1024.jpg 1536w, https:\/\/www.welandstal.se\/content\/uploads\/2023\/06\/be00003256-600x400.jpg 600w\"><\/a><\/figure><figure class=\"weland-gallery_item swiper-slide\"><a href=\"https:\/\/www.welandstal.se\/content\/uploads\/2023\/04\/be00002443.jpg\" target=\"\" title=\"\" class=\"lightbox\"><img loading=\"lazy\" decoding=\"async\" width=\"2000\" height=\"1333\" src=\"https:\/\/www.welandstal.se\/content\/uploads\/2023\/04\/be00002443.jpg\" class=\"weland-gallery_image braavos-image\" alt=\"\" style=\"object-position:50% 50%\" sizes=\"auto, (min-width: px) 100vw, 100vw\" srcset=\"https:\/\/www.welandstal.se\/content\/uploads\/2023\/04\/be00002443.jpg 2000w, https:\/\/www.welandstal.se\/content\/uploads\/2023\/04\/be00002443-300x200.jpg 300w, https:\/\/www.welandstal.se\/content\/uploads\/2023\/04\/be00002443-1024x682.jpg 1024w, https:\/\/www.welandstal.se\/content\/uploads\/2023\/04\/be00002443-768x512.jpg 768w, https:\/\/www.welandstal.se\/content\/uploads\/2023\/04\/be00002443-1536x1024.jpg 1536w, https:\/\/www.welandstal.se\/content\/uploads\/2023\/04\/be00002443-600x400.jpg 600w\"><\/a><\/figure><figure class=\"weland-gallery_item swiper-slide\"><a href=\"https:\/\/www.welandstal.se\/content\/uploads\/2023\/04\/taksaekerhet-be00002676.jpeg\" target=\"\" title=\"\" class=\"lightbox\"><img loading=\"lazy\" decoding=\"async\" width=\"1200\" height=\"800\" src=\"https:\/\/www.welandstal.se\/content\/uploads\/2023\/04\/taksaekerhet-be00002676.jpeg\" class=\"weland-gallery_image braavos-image\" alt=\"\" style=\"object-position:50% 50%\" sizes=\"auto, (min-width: px) 100vw, 100vw\" srcset=\"https:\/\/www.welandstal.se\/content\/uploads\/2023\/04\/taksaekerhet-be00002676.jpeg 1200w, https:\/\/www.welandstal.se\/content\/uploads\/2023\/04\/taksaekerhet-be00002676-300x200.jpeg 300w, https:\/\/www.welandstal.se\/content\/uploads\/2023\/04\/taksaekerhet-be00002676-1024x683.jpeg 1024w, https:\/\/www.welandstal.se\/content\/uploads\/2023\/04\/taksaekerhet-be00002676-768x512.jpeg 768w, https:\/\/www.welandstal.se\/content\/uploads\/2023\/04\/taksaekerhet-be00002676-600x400.jpeg 600w\"><\/a><\/figure><figure class=\"weland-gallery_item swiper-slide\"><a href=\"https:\/\/www.welandstal.se\/content\/uploads\/2023\/03\/weland_stal__73A7712.jpg\" target=\"\" title=\"\" class=\"lightbox\"><img loading=\"lazy\" decoding=\"async\" width=\"1500\" height=\"1000\" src=\"https:\/\/www.welandstal.se\/content\/uploads\/2023\/03\/weland_stal__73A7712.jpg\" class=\"weland-gallery_image braavos-image\" alt=\"\" style=\"object-position:25.67% 67.5%\" sizes=\"auto, (min-width: px) 100vw, 100vw\" srcset=\"https:\/\/www.welandstal.se\/content\/uploads\/2023\/03\/weland_stal__73A7712.jpg 1500w, https:\/\/www.welandstal.se\/content\/uploads\/2023\/03\/weland_stal__73A7712-300x200.jpg 300w, https:\/\/www.welandstal.se\/content\/uploads\/2023\/03\/weland_stal__73A7712-1024x683.jpg 1024w, https:\/\/www.welandstal.se\/content\/uploads\/2023\/03\/weland_stal__73A7712-768x512.jpg 768w\"><\/a><\/figure><\/div><div class=\"swiper-pagination\"><\/div><div class=\"swiper-navigation\"><div class=\"braavos-prev\"><i class=\"fa-regular fa-arrow-left\"><\/i><\/div><div class=\"braavos-next\"><i class=\"fa-regular fa-arrow-right\"><\/i><\/div><\/div><\/div><\/div><\/div><\/html>\n","protected":false},"excerpt":{"rendered":"<p>Hjem TakbroerVi skaper trygghet for alle som har tak som sin arbeidsplass, og da er det viktig med p\u00e5litelige systemer. [&hellip;]<\/p>\n","protected":false},"author":3,"featured_media":15286,"parent":12737,"menu_order":1,"comment_status":"closed","ping_status":"closed","template":"modules-page.php","meta":{"_acf_changed":false,"footnotes":""},"class_list":["post-12742","page","type-page","status-publish","has-post-thumbnail","hentry"],"acf":[],"_links":{"self":[{"href":"https:\/\/www.welandstal.se\/no\/wp-json\/wp\/v2\/pages\/12742","targetHints":{"allow":["GET"]}}],"collection":[{"href":"https:\/\/www.welandstal.se\/no\/wp-json\/wp\/v2\/pages"}],"about":[{"href":"https:\/\/www.welandstal.se\/no\/wp-json\/wp\/v2\/types\/page"}],"author":[{"embeddable":true,"href":"https:\/\/www.welandstal.se\/no\/wp-json\/wp\/v2\/users\/3"}],"replies":[{"embeddable":true,"href":"https:\/\/www.welandstal.se\/no\/wp-json\/wp\/v2\/comments?post=12742"}],"version-history":[{"count":8,"href":"https:\/\/www.welandstal.se\/no\/wp-json\/wp\/v2\/pages\/12742\/revisions"}],"predecessor-version":[{"id":22865,"href":"https:\/\/www.welandstal.se\/no\/wp-json\/wp\/v2\/pages\/12742\/revisions\/22865"}],"up":[{"embeddable":true,"href":"https:\/\/www.welandstal.se\/no\/wp-json\/wp\/v2\/pages\/12737"}],"wp:featuredmedia":[{"embeddable":true,"href":"https:\/\/www.welandstal.se\/no\/wp-json\/wp\/v2\/media\/15286"}],"wp:attachment":[{"href":"https:\/\/www.welandstal.se\/no\/wp-json\/wp\/v2\/media?parent=12742"}],"curies":[{"name":"wp","href":"https:\/\/api.w.org\/{rel}","templated":true}]}}