{"id":12743,"date":"2023-04-02T21:01:14","date_gmt":"2023-04-02T19:01:14","guid":{"rendered":"https:\/\/www.welandstal.se\/produkter\/taksikkerhet\/monerekkverk-og-livlinefeste\/"},"modified":"2025-08-12T12:30:44","modified_gmt":"2025-08-12T10:30:44","slug":"monerekkverk-og-livlinefeste","status":"publish","type":"page","link":"https:\/\/www.welandstal.se\/no\/produkter\/taksikkerhet\/monerekkverk-og-livlinefeste\/","title":{"rendered":"M\u00f8nerekkverk og livlinefeste"},"content":{"rendered":"<!DOCTYPE html>\n<html><meta http-equiv=\"Content-Type\" content=\"text\/html; charset=utf-8\"><div id=\"module-0\" class=\"braavos-module braavos-module-weland_breadcrumbs braavos-module-0 module-spacing-none\"><div class=\"braavos-module-inner\">\n<div class=\"braavos-breadcrumbs\">\n\t<nav aria-label=\"breadcrumbs\" class=\"rank-math-breadcrumb\"><p id=\"breadcrumbs\"><span class=\"last\">Hjem<\/span><\/p><\/nav><\/div>\n\n<\/div><\/div><div id=\"module-1\" class=\"braavos-module braavos-module-hero braavos-module-1 module-theme-light module-width-full content-position-left module-spacing-default\"><div class=\"braavos-module-inner\">\n\n<div class=\"braavos-background\">\n\n\t<img loading=\"lazy\" decoding=\"async\" width=\"1024\" height=\"682\" src=\"https:\/\/www.welandstal.se\/content\/uploads\/2023\/04\/Nockracke-livlinefaste_be00001827_ret-1024x682.jpg\" class=\"braavos-background__image braavos-image wide responsive\" alt=\"\" style=\"object-position:50% 50%\" sizes=\"auto, (min-width: px) 100vw, 100vw\" srcset=\"https:\/\/www.welandstal.se\/content\/uploads\/2023\/04\/Nockracke-livlinefaste_be00001827_ret-1024x682.jpg 1024w, https:\/\/www.welandstal.se\/content\/uploads\/2023\/04\/Nockracke-livlinefaste_be00001827_ret-300x200.jpg 300w, https:\/\/www.welandstal.se\/content\/uploads\/2023\/04\/Nockracke-livlinefaste_be00001827_ret-768x512.jpg 768w, https:\/\/www.welandstal.se\/content\/uploads\/2023\/04\/Nockracke-livlinefaste_be00001827_ret-1536x1024.jpg 1536w, https:\/\/www.welandstal.se\/content\/uploads\/2023\/04\/Nockracke-livlinefaste_be00001827_ret-600x400.jpg 600w, https:\/\/www.welandstal.se\/content\/uploads\/2023\/04\/Nockracke-livlinefaste_be00001827_ret.jpg 2000w\">\n<\/div>\n\n\n\n<div class=\"braavos-foreground\">\n\n\t<div class=\"braavos-foreground__content\"><h1 class=\"h3 braavos-heading braavos-hero_heading\">M\u00f8nerekkverk og livlinefeste<\/h1><div class=\"braavos-hero_body-text\"><p>Weland har mange \u00e5rs erfaring med taksikringsprodukter. V\u00e5re fester for livliner gj\u00f8r det enkelt og fleksibelt \u00e5 arbeide p\u00e5 taket p\u00e5 en sikker m\u00e5te.<\/p>\n<\/div><\/div>\n<\/div>\n\n<\/div><\/div><div id=\"module-2\" class=\"braavos-module braavos-module-posts_system braavos-module-2 module-layout-grid item-layout-banner columns-2 module-spacing-none\"><div class=\"braavos-module-inner\">\n\n\t\t<div class=\"braavos-posts\">\n\n\t\t\n\t\t\t\t\t\t\t\n\t\t\t\t\n\t\t\t\t\t\t\t\t\n\t\t\t\t<article class=\"braavos-post post-12560\">\t\t\t\t\n\t\t\t\t<a href=\"https:\/\/www.welandstal.se\/no\/produkter\/taksikkerhet\/monerekkverk-og-livlinefeste\/mone-og-takfotrekkverk\/\" title=\"M\u00f8ne- og takfotrekkverk\"><img loading=\"lazy\" decoding=\"async\" width=\"900\" height=\"600\" src=\"https:\/\/www.welandstal.se\/content\/uploads\/2023\/04\/be00001865-1.jpg\" class=\"braavos-image braavos-post__image\" alt=\"\" sizes=\"auto, (min-width: 768px) 100vw, (min-width: px) 0px, 50vw\" srcset=\"https:\/\/www.welandstal.se\/content\/uploads\/2023\/04\/be00001865-1.jpg 900w, https:\/\/www.welandstal.se\/content\/uploads\/2023\/04\/be00001865-1-300x200.jpg 300w, https:\/\/www.welandstal.se\/content\/uploads\/2023\/04\/be00001865-1-768x512.jpg 768w, https:\/\/www.welandstal.se\/content\/uploads\/2023\/04\/be00001865-1-600x400.jpg 600w\"><h3 class=\"braavos-post__title\">M\u00f8ne- og takfotrekkverk<\/h3><\/a>\t\t\t\t\n\t\t\t\t<\/article>\n\t\t\t\t\n\t\t\t\t\t\t\t\n\t\t\t\t\n\t\t\t\t\t\t\t\t\n\t\t\t\t<article class=\"braavos-post post-12677\">\t\t\t\t\n\t\t\t\t<a href=\"https:\/\/www.welandstal.se\/no\/produkter\/taksikkerhet\/monerekkverk-og-livlinefeste\/livlinefeste-forankringspunkt\/\" title=\"Livlinefeste\/forankringspunkt\"><img loading=\"lazy\" decoding=\"async\" width=\"922\" height=\"718\" src=\"https:\/\/www.welandstal.se\/content\/uploads\/2023\/04\/Skarmklipp.jpg\" class=\"braavos-image braavos-post__image\" alt=\"\" sizes=\"auto, (min-width: 768px) 100vw, (min-width: px) 0px, 50vw\" srcset=\"https:\/\/www.welandstal.se\/content\/uploads\/2023\/04\/Skarmklipp.jpg 922w, https:\/\/www.welandstal.se\/content\/uploads\/2023\/04\/Skarmklipp-300x234.jpg 300w, https:\/\/www.welandstal.se\/content\/uploads\/2023\/04\/Skarmklipp-768x598.jpg 768w, https:\/\/www.welandstal.se\/content\/uploads\/2023\/04\/Skarmklipp-600x467.jpg 600w\"><h3 class=\"braavos-post__title\">Livlinefeste\/forankringspunkt<\/h3><\/a>\t\t\t\t\n\t\t\t\t<\/article>\n\t\t\t\t\n\t\t\t\n\t\t\n\t<\/div>\n\n<\/div><\/div><div id=\"module-3\" class=\"braavos-module braavos-module-wysiwyg braavos-module-3 module-theme-light module-spacing-default\"><div class=\"braavos-module-inner\">\n<div class=\"braavos-content\">\n\t<p>Welands fester brukes til \u00e5 forankre livlinen ved forefallende arbeid p\u00e5 tak. Hvis takhellingen er mindre enn 1:10 (6 grader) g\u00e5r det fint \u00e5 bruke livlinekroken. Ved en brattere helling brukes m\u00f8nerekkverk.<\/p>\n<p style=\"text-align: center;\"><a class=\"button\" href=\"https:\/\/legacy.welandstal.se\/takskyddKonfigurator\/produkt.asp?produktid=19\" target=\"_blank\" rel=\"noopener\">Kalkulator for m\u00f8nerekkverk<\/a><a class=\"button\" href=\"https:\/\/legacy.welandstal.se\/takskyddKonfigurator\/produkt.asp?produktid=564\" target=\"_blank\" rel=\"noopener\">Kalkulator for livlinefeste<\/a><\/p>\n<\/div>\n<\/div><\/div><div id=\"module-4\" class=\"braavos-module braavos-module-weland_gallery braavos-module-4 module-layout-slider module-width-full module-spacing-none\"><div class=\"braavos-module-inner\"><div class=\"weland-gallery-slider\"><div class=\"weland-gallery items-4 swiper-wrapper\"><figure class=\"weland-gallery_item swiper-slide\"><a href=\"https:\/\/www.welandstal.se\/content\/uploads\/2023\/04\/be00001312.jpg\" target=\"\" title=\"\" class=\"lightbox\"><img loading=\"lazy\" decoding=\"async\" width=\"1333\" height=\"2000\" src=\"https:\/\/www.welandstal.se\/content\/uploads\/2023\/04\/be00001312.jpg\" class=\"weland-gallery_image braavos-image\" alt=\"\" style=\"object-position:50% 50%\" sizes=\"auto, (min-width: px) 100vw, 100vw\" srcset=\"https:\/\/www.welandstal.se\/content\/uploads\/2023\/04\/be00001312.jpg 1333w, https:\/\/www.welandstal.se\/content\/uploads\/2023\/04\/be00001312-200x300.jpg 200w, https:\/\/www.welandstal.se\/content\/uploads\/2023\/04\/be00001312-682x1024.jpg 682w, https:\/\/www.welandstal.se\/content\/uploads\/2023\/04\/be00001312-768x1152.jpg 768w, https:\/\/www.welandstal.se\/content\/uploads\/2023\/04\/be00001312-1024x1536.jpg 1024w, https:\/\/www.welandstal.se\/content\/uploads\/2023\/04\/be00001312-600x900.jpg 600w\"><\/a><\/figure><figure class=\"weland-gallery_item swiper-slide\"><a href=\"https:\/\/www.welandstal.se\/content\/uploads\/2023\/04\/FP5150_montagebild_falsat.jpg\" target=\"\" title=\"\" class=\"lightbox\"><img loading=\"lazy\" decoding=\"async\" width=\"2176\" height=\"2176\" src=\"https:\/\/www.welandstal.se\/content\/uploads\/2023\/04\/FP5150_montagebild_falsat.jpg\" class=\"weland-gallery_image braavos-image\" alt=\"\" style=\"object-position:50% 50%\" sizes=\"auto, (min-width: px) 100vw, 100vw\" srcset=\"https:\/\/www.welandstal.se\/content\/uploads\/2023\/04\/FP5150_montagebild_falsat.jpg 2176w, https:\/\/www.welandstal.se\/content\/uploads\/2023\/04\/FP5150_montagebild_falsat-300x300.jpg 300w, https:\/\/www.welandstal.se\/content\/uploads\/2023\/04\/FP5150_montagebild_falsat-1024x1024.jpg 1024w, https:\/\/www.welandstal.se\/content\/uploads\/2023\/04\/FP5150_montagebild_falsat-150x150.jpg 150w, https:\/\/www.welandstal.se\/content\/uploads\/2023\/04\/FP5150_montagebild_falsat-768x768.jpg 768w, https:\/\/www.welandstal.se\/content\/uploads\/2023\/04\/FP5150_montagebild_falsat-1536x1536.jpg 1536w, https:\/\/www.welandstal.se\/content\/uploads\/2023\/04\/FP5150_montagebild_falsat-2048x2048.jpg 2048w, https:\/\/www.welandstal.se\/content\/uploads\/2023\/04\/FP5150_montagebild_falsat-600x600.jpg 600w, https:\/\/www.welandstal.se\/content\/uploads\/2023\/04\/FP5150_montagebild_falsat-100x100.jpg 100w\"><\/a><\/figure><figure class=\"weland-gallery_item swiper-slide\"><a href=\"https:\/\/www.welandstal.se\/content\/uploads\/2023\/04\/be00001871.jpeg\" target=\"\" title=\"\" class=\"lightbox\"><img loading=\"lazy\" decoding=\"async\" width=\"900\" height=\"600\" src=\"https:\/\/www.welandstal.se\/content\/uploads\/2023\/04\/be00001871.jpeg\" class=\"weland-gallery_image braavos-image\" alt=\"\" style=\"object-position:50% 50%\" sizes=\"auto, (min-width: px) 100vw, 100vw\" srcset=\"https:\/\/www.welandstal.se\/content\/uploads\/2023\/04\/be00001871.jpeg 900w, https:\/\/www.welandstal.se\/content\/uploads\/2023\/04\/be00001871-300x200.jpeg 300w, https:\/\/www.welandstal.se\/content\/uploads\/2023\/04\/be00001871-768x512.jpeg 768w, https:\/\/www.welandstal.se\/content\/uploads\/2023\/04\/be00001871-600x400.jpeg 600w\"><\/a><\/figure><figure class=\"weland-gallery_item swiper-slide\"><a href=\"https:\/\/www.welandstal.se\/content\/uploads\/2023\/04\/prod_2382_140625.jpeg\" target=\"\" title=\"\" class=\"lightbox\"><img loading=\"lazy\" decoding=\"async\" width=\"1200\" height=\"600\" src=\"https:\/\/www.welandstal.se\/content\/uploads\/2023\/04\/prod_2382_140625.jpeg\" class=\"weland-gallery_image braavos-image\" alt=\"\" style=\"object-position:50% 50%\" sizes=\"auto, (min-width: px) 100vw, 100vw\" srcset=\"https:\/\/www.welandstal.se\/content\/uploads\/2023\/04\/prod_2382_140625.jpeg 1200w, https:\/\/www.welandstal.se\/content\/uploads\/2023\/04\/prod_2382_140625-300x150.jpeg 300w, https:\/\/www.welandstal.se\/content\/uploads\/2023\/04\/prod_2382_140625-1024x512.jpeg 1024w, https:\/\/www.welandstal.se\/content\/uploads\/2023\/04\/prod_2382_140625-768x384.jpeg 768w, https:\/\/www.welandstal.se\/content\/uploads\/2023\/04\/prod_2382_140625-600x300.jpeg 600w\"><\/a><\/figure><\/div><div class=\"swiper-pagination\"><\/div><div class=\"swiper-navigation\"><div class=\"braavos-prev\"><i class=\"fa-regular fa-arrow-left\"><\/i><\/div><div class=\"braavos-next\"><i class=\"fa-regular fa-arrow-right\"><\/i><\/div><\/div><\/div><\/div><\/div><\/html>\n","protected":false},"excerpt":{"rendered":"<p>Hjem M\u00f8nerekkverk og livlinefesteWeland har mange \u00e5rs erfaring med taksikringsprodukter. V\u00e5re fester for livliner gj\u00f8r det enkelt og fleksibelt \u00e5 [&hellip;]<\/p>\n","protected":false},"author":3,"featured_media":15299,"parent":12737,"menu_order":2,"comment_status":"closed","ping_status":"closed","template":"modules-page.php","meta":{"_acf_changed":false,"footnotes":""},"class_list":["post-12743","page","type-page","status-publish","has-post-thumbnail","hentry"],"acf":[],"_links":{"self":[{"href":"https:\/\/www.welandstal.se\/no\/wp-json\/wp\/v2\/pages\/12743","targetHints":{"allow":["GET"]}}],"collection":[{"href":"https:\/\/www.welandstal.se\/no\/wp-json\/wp\/v2\/pages"}],"about":[{"href":"https:\/\/www.welandstal.se\/no\/wp-json\/wp\/v2\/types\/page"}],"author":[{"embeddable":true,"href":"https:\/\/www.welandstal.se\/no\/wp-json\/wp\/v2\/users\/3"}],"replies":[{"embeddable":true,"href":"https:\/\/www.welandstal.se\/no\/wp-json\/wp\/v2\/comments?post=12743"}],"version-history":[{"count":4,"href":"https:\/\/www.welandstal.se\/no\/wp-json\/wp\/v2\/pages\/12743\/revisions"}],"predecessor-version":[{"id":22873,"href":"https:\/\/www.welandstal.se\/no\/wp-json\/wp\/v2\/pages\/12743\/revisions\/22873"}],"up":[{"embeddable":true,"href":"https:\/\/www.welandstal.se\/no\/wp-json\/wp\/v2\/pages\/12737"}],"wp:featuredmedia":[{"embeddable":true,"href":"https:\/\/www.welandstal.se\/no\/wp-json\/wp\/v2\/media\/15299"}],"wp:attachment":[{"href":"https:\/\/www.welandstal.se\/no\/wp-json\/wp\/v2\/media?parent=12743"}],"curies":[{"name":"wp","href":"https:\/\/api.w.org\/{rel}","templated":true}]}}