{"id":12745,"date":"2023-04-02T21:03:24","date_gmt":"2023-04-02T19:03:24","guid":{"rendered":"https:\/\/www.welandstal.se\/produkter\/taksikkerhet\/skorsteinsprodukter\/"},"modified":"2025-08-14T13:23:07","modified_gmt":"2025-08-14T11:23:07","slug":"skorsteinsprodukter","status":"publish","type":"page","link":"https:\/\/www.welandstal.se\/no\/produkter\/taksikkerhet\/skorsteinsprodukter\/","title":{"rendered":"Skorsteinsprodukter"},"content":{"rendered":"<!DOCTYPE html>\n<html><meta http-equiv=\"Content-Type\" content=\"text\/html; charset=utf-8\"><div id=\"module-0\" class=\"braavos-module braavos-module-weland_breadcrumbs braavos-module-0 module-spacing-none\"><div class=\"braavos-module-inner\">\n<div class=\"braavos-breadcrumbs\">\n\t<nav aria-label=\"breadcrumbs\" class=\"rank-math-breadcrumb\"><p id=\"breadcrumbs\"><span class=\"last\">Hjem<\/span><\/p><\/nav><\/div>\n\n<\/div><\/div><div id=\"module-1\" class=\"braavos-module braavos-module-hero braavos-module-1 module-theme-light module-width-full content-position-left module-spacing-default\"><div class=\"braavos-module-inner\">\n\n<div class=\"braavos-background\">\n\n\t<img loading=\"lazy\" decoding=\"async\" width=\"1024\" height=\"682\" src=\"https:\/\/www.welandstal.se\/content\/uploads\/2023\/04\/be00003929-1024x682.jpg\" class=\"braavos-background__image braavos-image wide responsive\" alt=\"\" style=\"object-position:69.14% 53.52%\" sizes=\"auto, (min-width: px) 100vw, 100vw\" srcset=\"https:\/\/www.welandstal.se\/content\/uploads\/2023\/04\/be00003929-1024x682.jpg 1024w, https:\/\/www.welandstal.se\/content\/uploads\/2023\/04\/be00003929-300x200.jpg 300w, https:\/\/www.welandstal.se\/content\/uploads\/2023\/04\/be00003929-768x512.jpg 768w, https:\/\/www.welandstal.se\/content\/uploads\/2023\/04\/be00003929-1536x1024.jpg 1536w, https:\/\/www.welandstal.se\/content\/uploads\/2023\/04\/be00003929-600x400.jpg 600w, https:\/\/www.welandstal.se\/content\/uploads\/2023\/04\/be00003929.jpg 2000w\">\n<\/div>\n\n\n\n<div class=\"braavos-foreground\">\n\n\t<div class=\"braavos-foreground__content\"><h1 class=\"h3 braavos-heading braavos-hero_heading\">Skorsteinsprodukter<\/h1><div class=\"braavos-hero_body-text\"><p>Det skal v\u00e6re en trygg og lett tilgjengelig vei opp til skorsteinen. Det er ogs\u00e5 n\u00f8dvendig med spesiall\u00f8sninger for \u00e5 forankre festene p\u00e5 skorsteinen p\u00e5 en sikker m\u00e5te. Weland har produktene som lever opp til forventningene.<\/p>\n<\/div><\/div>\n<\/div>\n\n<\/div><\/div><div id=\"module-2\" class=\"braavos-module braavos-module-posts_system braavos-module-2 module-layout-grid item-layout-banner columns-3 module-spacing-none\"><div class=\"braavos-module-inner\">\n\n\t\t<div class=\"braavos-posts\">\n\n\t\t\n\t\t\t\t\t\t\t\n\t\t\t\t\n\t\t\t\t\t\t\t\t\n\t\t\t\t<article class=\"braavos-post post-12700\">\t\t\t\t\n\t\t\t\t<a href=\"https:\/\/www.welandstal.se\/no\/produkter\/taksikkerhet\/skorsteinsprodukter\/nedfellbar-skorsteinsplattform\/\" title=\"Nedfellbar skorsteinsplattform\"><img loading=\"lazy\" decoding=\"async\" width=\"1024\" height=\"683\" src=\"https:\/\/www.welandstal.se\/content\/uploads\/2023\/04\/fallbar-skorstensplattform-profilerat-plattak-1200x800-1-1024x683.jpg\" class=\"braavos-image braavos-post__image\" alt=\"\" sizes=\"auto, (min-width: 768px) 100vw, (min-width: px) 0px, 50vw\" srcset=\"https:\/\/www.welandstal.se\/content\/uploads\/2023\/04\/fallbar-skorstensplattform-profilerat-plattak-1200x800-1-1024x683.jpg 1024w, https:\/\/www.welandstal.se\/content\/uploads\/2023\/04\/fallbar-skorstensplattform-profilerat-plattak-1200x800-1-300x200.jpg 300w, https:\/\/www.welandstal.se\/content\/uploads\/2023\/04\/fallbar-skorstensplattform-profilerat-plattak-1200x800-1-768x512.jpg 768w, https:\/\/www.welandstal.se\/content\/uploads\/2023\/04\/fallbar-skorstensplattform-profilerat-plattak-1200x800-1-600x400.jpg 600w, https:\/\/www.welandstal.se\/content\/uploads\/2023\/04\/fallbar-skorstensplattform-profilerat-plattak-1200x800-1.jpg 1200w\"><h3 class=\"braavos-post__title\">Nedfellbar skorsteinsplattform<\/h3><\/a>\t\t\t\t\n\t\t\t\t<\/article>\n\t\t\t\t\n\t\t\t\t\t\t\t\n\t\t\t\t\n\t\t\t\t\t\t\t\t\n\t\t\t\t<article class=\"braavos-post post-12701\">\t\t\t\t\n\t\t\t\t<a href=\"https:\/\/www.welandstal.se\/no\/produkter\/taksikkerhet\/skorsteinsprodukter\/skorsteinsplattform\/\" title=\"Skorsteinsplattform\"><img loading=\"lazy\" decoding=\"async\" width=\"1024\" height=\"512\" src=\"https:\/\/www.welandstal.se\/content\/uploads\/2023\/04\/prod_be2398_140807-1024x512.jpeg\" class=\"braavos-image braavos-post__image\" alt=\"\" sizes=\"auto, (min-width: 768px) 100vw, (min-width: px) 0px, 50vw\" srcset=\"https:\/\/www.welandstal.se\/content\/uploads\/2023\/04\/prod_be2398_140807-1024x512.jpeg 1024w, https:\/\/www.welandstal.se\/content\/uploads\/2023\/04\/prod_be2398_140807-300x150.jpeg 300w, https:\/\/www.welandstal.se\/content\/uploads\/2023\/04\/prod_be2398_140807-768x384.jpeg 768w, https:\/\/www.welandstal.se\/content\/uploads\/2023\/04\/prod_be2398_140807-600x300.jpeg 600w, https:\/\/www.welandstal.se\/content\/uploads\/2023\/04\/prod_be2398_140807.jpeg 1200w\"><h3 class=\"braavos-post__title\">Skorsteinsplattform<\/h3><\/a>\t\t\t\t\n\t\t\t\t<\/article>\n\t\t\t\t\n\t\t\t\t\t\t\t\n\t\t\t\t\n\t\t\t\t\t\t\t\t\n\t\t\t\t<article class=\"braavos-post post-12702\">\t\t\t\t\n\t\t\t\t<a href=\"https:\/\/www.welandstal.se\/no\/produkter\/taksikkerhet\/skorsteinsprodukter\/skorsteinsband\/\" title=\"Skorsteinsb\u00e5nd\"><img loading=\"lazy\" decoding=\"async\" width=\"1024\" height=\"512\" src=\"https:\/\/www.welandstal.se\/content\/uploads\/2023\/04\/prod_be2397_140807-1024x512.jpeg\" class=\"braavos-image braavos-post__image\" alt=\"skorsteinsstige\" sizes=\"auto, (min-width: 768px) 100vw, (min-width: px) 0px, 50vw\" srcset=\"https:\/\/www.welandstal.se\/content\/uploads\/2023\/04\/prod_be2397_140807-1024x512.jpeg 1024w, https:\/\/www.welandstal.se\/content\/uploads\/2023\/04\/prod_be2397_140807-300x150.jpeg 300w, https:\/\/www.welandstal.se\/content\/uploads\/2023\/04\/prod_be2397_140807-768x384.jpeg 768w, https:\/\/www.welandstal.se\/content\/uploads\/2023\/04\/prod_be2397_140807-600x300.jpeg 600w, https:\/\/www.welandstal.se\/content\/uploads\/2023\/04\/prod_be2397_140807.jpeg 1200w\"><h3 class=\"braavos-post__title\">Skorsteinsb\u00e5nd<\/h3><\/a>\t\t\t\t\n\t\t\t\t<\/article>\n\t\t\t\t\n\t\t\t\n\t\t\n\t<\/div>\n\n<\/div><\/div><div id=\"module-3\" class=\"braavos-module braavos-module-wysiwyg braavos-module-3 module-theme-light module-spacing-default\"><div class=\"braavos-module-inner\">\n<div class=\"braavos-content\">\n\t<div class=\"thread-list-item-message-column\">\n<div>\n<div class=\"message ql-snow\">\n<div class=\"ql-editor\" style=\"text-align: center;\">\n<p style=\"text-align: left;\">Med produkter fra oss kan du skape et trygt milj\u00f8 rundt skorsteinen. De fleksible skorsteinsproduktene v\u00e5re leveres komplette med bro, konsoller og innfestingsdeler. Plattformens ben, skorsteinsbeslag og fester kan reguleres for ulike takhellinger, skorsteinsh\u00f8yder og -bredder, hvilket gj\u00f8r det enkelt \u00e5 sette sammen en komplett l\u00f8sning til ditt spesifikke tak.<\/p>\n<p><a class=\"button\" href=\"https:\/\/legacy.welandstal.se\/takskyddKonfigurator\/produkt.asp?produktid=300\" target=\"_blank\" rel=\"noopener\">Kalkulator for Skorsteinsprodukter<\/a><\/p>\n<\/div>\n<\/div>\n<\/div>\n<\/div>\n<\/div>\n<\/div><\/div><\/html>\n","protected":false},"excerpt":{"rendered":"<p>Hjem SkorsteinsprodukterDet skal v\u00e6re en trygg og lett tilgjengelig vei opp til skorsteinen. Det er ogs\u00e5 n\u00f8dvendig med spesiall\u00f8sninger for [&hellip;]<\/p>\n","protected":false},"author":3,"featured_media":15308,"parent":12737,"menu_order":4,"comment_status":"closed","ping_status":"closed","template":"modules-page.php","meta":{"_acf_changed":false,"footnotes":""},"class_list":["post-12745","page","type-page","status-publish","has-post-thumbnail","hentry"],"acf":[],"_links":{"self":[{"href":"https:\/\/www.welandstal.se\/no\/wp-json\/wp\/v2\/pages\/12745","targetHints":{"allow":["GET"]}}],"collection":[{"href":"https:\/\/www.welandstal.se\/no\/wp-json\/wp\/v2\/pages"}],"about":[{"href":"https:\/\/www.welandstal.se\/no\/wp-json\/wp\/v2\/types\/page"}],"author":[{"embeddable":true,"href":"https:\/\/www.welandstal.se\/no\/wp-json\/wp\/v2\/users\/3"}],"replies":[{"embeddable":true,"href":"https:\/\/www.welandstal.se\/no\/wp-json\/wp\/v2\/comments?post=12745"}],"version-history":[{"count":6,"href":"https:\/\/www.welandstal.se\/no\/wp-json\/wp\/v2\/pages\/12745\/revisions"}],"predecessor-version":[{"id":22897,"href":"https:\/\/www.welandstal.se\/no\/wp-json\/wp\/v2\/pages\/12745\/revisions\/22897"}],"up":[{"embeddable":true,"href":"https:\/\/www.welandstal.se\/no\/wp-json\/wp\/v2\/pages\/12737"}],"wp:featuredmedia":[{"embeddable":true,"href":"https:\/\/www.welandstal.se\/no\/wp-json\/wp\/v2\/media\/15308"}],"wp:attachment":[{"href":"https:\/\/www.welandstal.se\/no\/wp-json\/wp\/v2\/media?parent=12745"}],"curies":[{"name":"wp","href":"https:\/\/api.w.org\/{rel}","templated":true}]}}