{"id":12746,"date":"2023-04-02T21:04:57","date_gmt":"2023-04-02T19:04:57","guid":{"rendered":"https:\/\/www.welandstal.se\/produkter\/taksikkerhet\/sikkerhetsrekkverk-for-tak\/"},"modified":"2025-09-09T11:02:15","modified_gmt":"2025-09-09T09:02:15","slug":"rekkverk-for-tak","status":"publish","type":"page","link":"https:\/\/www.welandstal.se\/no\/produkter\/taksikkerhet\/rekkverk-for-tak\/","title":{"rendered":"Rekkverk for tak"},"content":{"rendered":"<!DOCTYPE html>\n<html><meta http-equiv=\"Content-Type\" content=\"text\/html; charset=utf-8\"><div id=\"module-0\" class=\"braavos-module braavos-module-weland_breadcrumbs braavos-module-0 module-spacing-none\"><div class=\"braavos-module-inner\">\n<div class=\"braavos-breadcrumbs\">\n\t<nav aria-label=\"breadcrumbs\" class=\"rank-math-breadcrumb\"><p id=\"breadcrumbs\"><span class=\"last\">Hjem<\/span><\/p><\/nav><\/div>\n\n<\/div><\/div><div id=\"module-1\" class=\"braavos-module braavos-module-hero braavos-module-1 module-theme-light module-width-full content-position-left module-spacing-default\"><div class=\"braavos-module-inner\">\n\n<div class=\"braavos-background\">\n\n\t<img loading=\"lazy\" decoding=\"async\" width=\"1024\" height=\"682\" src=\"https:\/\/www.welandstal.se\/content\/uploads\/2023\/05\/be00003829-small-1024x682.jpg\" class=\"braavos-background__image braavos-image wide responsive\" alt=\"\" style=\"object-position:50% 50%\" sizes=\"auto, (min-width: px) 100vw, 100vw\" srcset=\"https:\/\/www.welandstal.se\/content\/uploads\/2023\/05\/be00003829-small-1024x682.jpg 1024w, https:\/\/www.welandstal.se\/content\/uploads\/2023\/05\/be00003829-small-300x200.jpg 300w, https:\/\/www.welandstal.se\/content\/uploads\/2023\/05\/be00003829-small-768x512.jpg 768w, https:\/\/www.welandstal.se\/content\/uploads\/2023\/05\/be00003829-small-1536x1024.jpg 1536w, https:\/\/www.welandstal.se\/content\/uploads\/2023\/05\/be00003829-small-600x400.jpg 600w, https:\/\/www.welandstal.se\/content\/uploads\/2023\/05\/be00003829-small.jpg 2000w\">\n<\/div>\n\n\n\n<div class=\"braavos-foreground\">\n\n\t<div class=\"braavos-foreground__content\"><h1 class=\"h3 braavos-heading braavos-hero_heading\">Rekkverk for tak<\/h1><div class=\"braavos-hero_body-text\"><div class=\"thread-list-item-message-column\">\n<div>\n<div class=\"message ql-snow\">\n<div class=\"ql-editor\">\n<p>Rekkverkene fra Weland er enkle og stabile l\u00f8sninger som forhindrer alvorlige fallulykker p\u00e5 tak. Vi tilbyr tre ulike typer rekkverk, i h\u00f8ydene 500mm og 1100mm.<\/p>\n<\/div>\n<\/div>\n<\/div>\n<\/div>\n<\/div><\/div>\n<\/div>\n\n<\/div><\/div><div id=\"module-2\" class=\"braavos-module braavos-module-posts_system braavos-module-2 module-layout-grid item-layout-banner columns-3 module-spacing-none\"><div class=\"braavos-module-inner\">\n\n\t\t<div class=\"braavos-posts\">\n\n\t\t\n\t\t\t\t\t\t\t\n\t\t\t\t\n\t\t\t\t\t\t\t\t\n\t\t\t\t<article class=\"braavos-post post-12621\">\t\t\t\t\n\t\t\t\t<a href=\"https:\/\/www.welandstal.se\/no\/produkter\/taksikkerhet\/rekkverk-for-tak\/rekkverk-hoyde-500-mm\/\" title=\"Rekkverk, h\u00f8yde 500&nbsp;mm\"><img loading=\"lazy\" decoding=\"async\" width=\"1024\" height=\"683\" src=\"https:\/\/www.welandstal.se\/content\/uploads\/2023\/04\/be00002632-1024x683.jpeg\" class=\"braavos-image braavos-post__image\" alt=\"\" sizes=\"auto, (min-width: 768px) 100vw, (min-width: px) 0px, 50vw\" srcset=\"https:\/\/www.welandstal.se\/content\/uploads\/2023\/04\/be00002632-1024x683.jpeg 1024w, https:\/\/www.welandstal.se\/content\/uploads\/2023\/04\/be00002632-300x200.jpeg 300w, https:\/\/www.welandstal.se\/content\/uploads\/2023\/04\/be00002632-768x512.jpeg 768w, https:\/\/www.welandstal.se\/content\/uploads\/2023\/04\/be00002632-600x400.jpeg 600w, https:\/\/www.welandstal.se\/content\/uploads\/2023\/04\/be00002632.jpeg 1200w\"><h3 class=\"braavos-post__title\">Rekkverk, h\u00f8yde 500&nbsp;mm<\/h3><\/a>\t\t\t\t\n\t\t\t\t<\/article>\n\t\t\t\t\n\t\t\t\t\t\t\t\n\t\t\t\t\n\t\t\t\t\t\t\t\t\n\t\t\t\t<article class=\"braavos-post post-12703\">\t\t\t\t\n\t\t\t\t<a href=\"https:\/\/www.welandstal.se\/no\/produkter\/taksikkerhet\/rekkverk-for-tak\/rekkverk-hoyde-1100-mm\/\" title=\"Rekkverk, h\u00f8yde 1100&nbsp;mm\"><img loading=\"lazy\" decoding=\"async\" width=\"1024\" height=\"682\" src=\"https:\/\/www.welandstal.se\/content\/uploads\/2023\/04\/be00001280-1024x682.jpg\" class=\"braavos-image braavos-post__image\" alt=\"\" sizes=\"auto, (min-width: 768px) 100vw, (min-width: px) 0px, 50vw\" srcset=\"https:\/\/www.welandstal.se\/content\/uploads\/2023\/04\/be00001280-1024x682.jpg 1024w, https:\/\/www.welandstal.se\/content\/uploads\/2023\/04\/be00001280-300x200.jpg 300w, https:\/\/www.welandstal.se\/content\/uploads\/2023\/04\/be00001280-768x512.jpg 768w, https:\/\/www.welandstal.se\/content\/uploads\/2023\/04\/be00001280-1536x1024.jpg 1536w, https:\/\/www.welandstal.se\/content\/uploads\/2023\/04\/be00001280-600x400.jpg 600w, https:\/\/www.welandstal.se\/content\/uploads\/2023\/04\/be00001280.jpg 2000w\"><h3 class=\"braavos-post__title\">Rekkverk, h\u00f8yde 1100&nbsp;mm<\/h3><\/a>\t\t\t\t\n\t\t\t\t<\/article>\n\t\t\t\t\n\t\t\t\t\t\t\t\n\t\t\t\t\n\t\t\t\t\t\t\t\t\n\t\t\t\t<article class=\"braavos-post post-12704\">\t\t\t\t\n\t\t\t\t<a href=\"https:\/\/www.welandstal.se\/no\/produkter\/taksikkerhet\/rekkverk-for-tak\/rekkverk-justerbart-hoyde-1100-mm\/\" title=\"Rekkverk justerbart, h\u00f8yde 1100 mm\"><img loading=\"lazy\" decoding=\"async\" width=\"1024\" height=\"682\" src=\"https:\/\/www.welandstal.se\/content\/uploads\/2023\/04\/EU-racke-be00003829-1-1024x682.jpg\" class=\"braavos-image braavos-post__image\" alt=\"\" sizes=\"auto, (min-width: 768px) 100vw, (min-width: px) 0px, 50vw\" srcset=\"https:\/\/www.welandstal.se\/content\/uploads\/2023\/04\/EU-racke-be00003829-1-1024x682.jpg 1024w, https:\/\/www.welandstal.se\/content\/uploads\/2023\/04\/EU-racke-be00003829-1-300x200.jpg 300w, https:\/\/www.welandstal.se\/content\/uploads\/2023\/04\/EU-racke-be00003829-1-768x512.jpg 768w, https:\/\/www.welandstal.se\/content\/uploads\/2023\/04\/EU-racke-be00003829-1-1536x1024.jpg 1536w, https:\/\/www.welandstal.se\/content\/uploads\/2023\/04\/EU-racke-be00003829-1-600x400.jpg 600w, https:\/\/www.welandstal.se\/content\/uploads\/2023\/04\/EU-racke-be00003829-1.jpg 2000w\"><h3 class=\"braavos-post__title\">Rekkverk justerbart, h\u00f8yde 1100 mm<\/h3><\/a>\t\t\t\t\n\t\t\t\t<\/article>\n\t\t\t\t\n\t\t\t\n\t\t\n\t<\/div>\n\n<\/div><\/div><div id=\"module-3\" class=\"braavos-module braavos-module-wysiwyg braavos-module-3 module-theme-light module-spacing-default\"><div class=\"braavos-module-inner\">\n<div class=\"braavos-content\">\n\t<p>V\u00e5rt utvalg av rekkverk forhindrer fall langs takkanter, r\u00f8mningsveier eller arbeidsflater og reduserer risikoen for gjennomtr\u00e5kk rundt takluker, vinduer, brannventilasjon og skylights.<\/p>\n<p style=\"text-align: center;\"><a class=\"button\" href=\"https:\/\/legacy.welandstal.se\/takskyddKonfigurator\/produkt.asp?produktid=42\" target=\"_blank\" rel=\"noopener\">Kalkulator for Takrekkverk<\/a><\/p>\n<\/div>\n<\/div><\/div><\/html>\n","protected":false},"excerpt":{"rendered":"<p>Hjem Rekkverk for tak Rekkverkene fra Weland er enkle og stabile l\u00f8sninger som forhindrer alvorlige fallulykker p\u00e5 tak. Vi tilbyr [&hellip;]<\/p>\n","protected":false},"author":3,"featured_media":15314,"parent":12737,"menu_order":5,"comment_status":"closed","ping_status":"closed","template":"modules-page.php","meta":{"_acf_changed":false,"footnotes":""},"class_list":["post-12746","page","type-page","status-publish","has-post-thumbnail","hentry"],"acf":[],"_links":{"self":[{"href":"https:\/\/www.welandstal.se\/no\/wp-json\/wp\/v2\/pages\/12746","targetHints":{"allow":["GET"]}}],"collection":[{"href":"https:\/\/www.welandstal.se\/no\/wp-json\/wp\/v2\/pages"}],"about":[{"href":"https:\/\/www.welandstal.se\/no\/wp-json\/wp\/v2\/types\/page"}],"author":[{"embeddable":true,"href":"https:\/\/www.welandstal.se\/no\/wp-json\/wp\/v2\/users\/3"}],"replies":[{"embeddable":true,"href":"https:\/\/www.welandstal.se\/no\/wp-json\/wp\/v2\/comments?post=12746"}],"version-history":[{"count":5,"href":"https:\/\/www.welandstal.se\/no\/wp-json\/wp\/v2\/pages\/12746\/revisions"}],"predecessor-version":[{"id":23151,"href":"https:\/\/www.welandstal.se\/no\/wp-json\/wp\/v2\/pages\/12746\/revisions\/23151"}],"up":[{"embeddable":true,"href":"https:\/\/www.welandstal.se\/no\/wp-json\/wp\/v2\/pages\/12737"}],"wp:featuredmedia":[{"embeddable":true,"href":"https:\/\/www.welandstal.se\/no\/wp-json\/wp\/v2\/media\/15314"}],"wp:attachment":[{"href":"https:\/\/www.welandstal.se\/no\/wp-json\/wp\/v2\/media?parent=12746"}],"curies":[{"name":"wp","href":"https:\/\/api.w.org\/{rel}","templated":true}]}}