{"id":12747,"date":"2023-04-02T21:05:42","date_gmt":"2023-04-02T19:05:42","guid":{"rendered":"https:\/\/www.welandstal.se\/produkter\/taksikkerhet\/takstiger-taktrinn-og-sklisikring\/"},"modified":"2025-09-09T11:19:07","modified_gmt":"2025-09-09T09:19:07","slug":"takstiger-og-sklisikring","status":"publish","type":"page","link":"https:\/\/www.welandstal.se\/no\/produkter\/taksikkerhet\/takstiger-og-sklisikring\/","title":{"rendered":"Takstiger og sklisikring"},"content":{"rendered":"<!DOCTYPE html>\n<html><meta http-equiv=\"Content-Type\" content=\"text\/html; charset=utf-8\"><div id=\"module-0\" class=\"braavos-module braavos-module-weland_breadcrumbs braavos-module-0 module-spacing-none\"><div class=\"braavos-module-inner\">\n<div class=\"braavos-breadcrumbs\">\n\t<nav aria-label=\"breadcrumbs\" class=\"rank-math-breadcrumb\"><p id=\"breadcrumbs\"><span class=\"last\">Hjem<\/span><\/p><\/nav><\/div>\n\n<\/div><\/div><div id=\"module-1\" class=\"braavos-module braavos-module-hero braavos-module-1 module-theme-light module-width-full content-position-left module-spacing-default\"><div class=\"braavos-module-inner\">\n\n<div class=\"braavos-background\">\n\n\t<img loading=\"lazy\" decoding=\"async\" width=\"1024\" height=\"682\" src=\"https:\/\/www.welandstal.se\/content\/uploads\/2023\/05\/be00003244-small2-1024x682.jpg\" class=\"braavos-background__image braavos-image wide responsive\" alt=\"\" style=\"object-position:50% 50%\" sizes=\"auto, (min-width: px) 100vw, 100vw\" srcset=\"https:\/\/www.welandstal.se\/content\/uploads\/2023\/05\/be00003244-small2-1024x682.jpg 1024w, https:\/\/www.welandstal.se\/content\/uploads\/2023\/05\/be00003244-small2-300x200.jpg 300w, https:\/\/www.welandstal.se\/content\/uploads\/2023\/05\/be00003244-small2-768x512.jpg 768w, https:\/\/www.welandstal.se\/content\/uploads\/2023\/05\/be00003244-small2-1536x1024.jpg 1536w, https:\/\/www.welandstal.se\/content\/uploads\/2023\/05\/be00003244-small2-600x400.jpg 600w, https:\/\/www.welandstal.se\/content\/uploads\/2023\/05\/be00003244-small2.jpg 2000w\">\n<\/div>\n\n\n\n<div class=\"braavos-foreground\">\n\n\t<div class=\"braavos-foreground__content\"><h1 class=\"h3 braavos-heading braavos-hero_heading\">Takstiger og sklisikring<\/h1><div class=\"braavos-hero_body-text\"><p>Stiger er viktige for \u00e5 kunne forflytte seg p\u00e5 en sikker m\u00e5te under arbeid p\u00e5 tak. Weland har l\u00f8sninger for innfesting av stiger til de fleste typer tak.<\/p>\n<\/div><\/div>\n<\/div>\n\n<\/div><\/div><div id=\"module-2\" class=\"braavos-module braavos-module-posts_system braavos-module-2 module-layout-grid item-layout-banner columns-4 module-spacing-none\"><div class=\"braavos-module-inner\">\n\n\t\t<div class=\"braavos-posts\">\n\n\t\t\n\t\t\t\t\t\t\t\n\t\t\t\t\n\t\t\t\t\t\t\t\t\n\t\t\t\t<article class=\"braavos-post post-12693\">\t\t\t\t\n\t\t\t\t<a href=\"https:\/\/www.welandstal.se\/no\/produkter\/taksikkerhet\/takstiger-og-sklisikring\/takstige\/\" title=\"Takstige\"><img loading=\"lazy\" decoding=\"async\" width=\"1024\" height=\"682\" src=\"https:\/\/www.welandstal.se\/content\/uploads\/2023\/04\/be00002255-1-1024x682.jpg\" class=\"braavos-image braavos-post__image\" alt=\"Takstege svart\" sizes=\"auto, (min-width: 768px) 100vw, (min-width: px) 0px, 50vw\" srcset=\"https:\/\/www.welandstal.se\/content\/uploads\/2023\/04\/be00002255-1-1024x682.jpg 1024w, https:\/\/www.welandstal.se\/content\/uploads\/2023\/04\/be00002255-1-300x200.jpg 300w, https:\/\/www.welandstal.se\/content\/uploads\/2023\/04\/be00002255-1-768x512.jpg 768w, https:\/\/www.welandstal.se\/content\/uploads\/2023\/04\/be00002255-1-1536x1024.jpg 1536w, https:\/\/www.welandstal.se\/content\/uploads\/2023\/04\/be00002255-1-600x400.jpg 600w, https:\/\/www.welandstal.se\/content\/uploads\/2023\/04\/be00002255-1.jpg 2000w\"><h3 class=\"braavos-post__title\">Takstige<\/h3><\/a>\t\t\t\t\n\t\t\t\t<\/article>\n\t\t\t\t\n\t\t\t\t\t\t\t\n\t\t\t\t\n\t\t\t\t\t\t\t\t\n\t\t\t\t<article class=\"braavos-post post-12697\">\t\t\t\t\n\t\t\t\t<a href=\"https:\/\/www.welandstal.se\/no\/produkter\/taksikkerhet\/takstiger-og-sklisikring\/takbro-brukt-som-takstige\/\" title=\"Takbro brukt som takstige\"><img loading=\"lazy\" decoding=\"async\" width=\"1024\" height=\"682\" src=\"https:\/\/www.welandstal.se\/content\/uploads\/2023\/04\/be00004467-1024x682.jpg\" class=\"braavos-image braavos-post__image\" alt=\"\" sizes=\"auto, (min-width: 768px) 100vw, (min-width: px) 0px, 50vw\" srcset=\"https:\/\/www.welandstal.se\/content\/uploads\/2023\/04\/be00004467-1024x682.jpg 1024w, https:\/\/www.welandstal.se\/content\/uploads\/2023\/04\/be00004467-300x200.jpg 300w, https:\/\/www.welandstal.se\/content\/uploads\/2023\/04\/be00004467-768x512.jpg 768w, https:\/\/www.welandstal.se\/content\/uploads\/2023\/04\/be00004467-1536x1024.jpg 1536w, https:\/\/www.welandstal.se\/content\/uploads\/2023\/04\/be00004467-600x400.jpg 600w, https:\/\/www.welandstal.se\/content\/uploads\/2023\/04\/be00004467.jpg 2000w\"><h3 class=\"braavos-post__title\">Takbro brukt som takstige<\/h3><\/a>\t\t\t\t\n\t\t\t\t<\/article>\n\t\t\t\t\n\t\t\t\t\t\t\t\n\t\t\t\t\n\t\t\t\t\t\t\t\t\n\t\t\t\t<article class=\"braavos-post post-12694\">\t\t\t\t\n\t\t\t\t<a href=\"https:\/\/www.welandstal.se\/no\/produkter\/taksikkerhet\/takstiger-og-sklisikring\/universaltakstige\/\" title=\"Universaltakstige\"><img loading=\"lazy\" decoding=\"async\" width=\"1024\" height=\"682\" src=\"https:\/\/www.welandstal.se\/content\/uploads\/2023\/04\/be00001375-1-1024x682.jpg\" class=\"braavos-image braavos-post__image\" alt=\"\" sizes=\"auto, (min-width: 768px) 100vw, (min-width: px) 0px, 50vw\" srcset=\"https:\/\/www.welandstal.se\/content\/uploads\/2023\/04\/be00001375-1-1024x682.jpg 1024w, https:\/\/www.welandstal.se\/content\/uploads\/2023\/04\/be00001375-1-300x200.jpg 300w, https:\/\/www.welandstal.se\/content\/uploads\/2023\/04\/be00001375-1-768x512.jpg 768w, https:\/\/www.welandstal.se\/content\/uploads\/2023\/04\/be00001375-1-1536x1024.jpg 1536w, https:\/\/www.welandstal.se\/content\/uploads\/2023\/04\/be00001375-1-600x400.jpg 600w, https:\/\/www.welandstal.se\/content\/uploads\/2023\/04\/be00001375-1.jpg 2000w\"><h3 class=\"braavos-post__title\">Universaltakstige<\/h3><\/a>\t\t\t\t\n\t\t\t\t<\/article>\n\t\t\t\t\n\t\t\t\t\t\t\t\n\t\t\t\t\n\t\t\t\t\t\t\t\t\n\t\t\t\t<article class=\"braavos-post post-12705\">\t\t\t\t\n\t\t\t\t<a href=\"https:\/\/www.welandstal.se\/no\/produkter\/taksikkerhet\/takstiger-og-sklisikring\/sklisikring\/\" title=\"Sklisikring\"><img loading=\"lazy\" decoding=\"async\" width=\"1024\" height=\"683\" src=\"https:\/\/www.welandstal.se\/content\/uploads\/2023\/04\/be00001207-1024x683.jpg\" class=\"braavos-image braavos-post__image\" alt=\"Glidskydd\" sizes=\"auto, (min-width: 768px) 100vw, (min-width: px) 0px, 50vw\" srcset=\"https:\/\/www.welandstal.se\/content\/uploads\/2023\/04\/be00001207-1024x683.jpg 1024w, https:\/\/www.welandstal.se\/content\/uploads\/2023\/04\/be00001207-300x200.jpg 300w, https:\/\/www.welandstal.se\/content\/uploads\/2023\/04\/be00001207-768x512.jpg 768w, https:\/\/www.welandstal.se\/content\/uploads\/2023\/04\/be00001207-1536x1024.jpg 1536w, https:\/\/www.welandstal.se\/content\/uploads\/2023\/04\/be00001207-2048x1365.jpg 2048w, https:\/\/www.welandstal.se\/content\/uploads\/2023\/04\/be00001207-600x400.jpg 600w\"><h3 class=\"braavos-post__title\">Sklisikring<\/h3><\/a>\t\t\t\t\n\t\t\t\t<\/article>\n\t\t\t\t\n\t\t\t\n\t\t\n\t<\/div>\n\n<\/div><\/div><div id=\"module-3\" class=\"braavos-module braavos-module-wysiwyg braavos-module-3 module-theme-light module-spacing-default\"><div class=\"braavos-module-inner\">\n<div class=\"braavos-content\">\n\t<p>Stiger er viktig for \u00e5 kunne forflytte seg sikkert p\u00e5 tak. Weland har l\u00f8sninger for enkel innfestning av takstiger p\u00e5 de fleste typer tak. Sklisikring er en smart l\u00f8sning for l\u00f8se stiger.<\/p>\n<p style=\"text-align: center;\"><a class=\"button\" href=\"https:\/\/legacy.welandstal.se\/takskyddKonfigurator\/produkt.asp?produktid=53\" target=\"_blank\" rel=\"noopener\">Kalkyleprogram for takstige<\/a><a class=\"button\" href=\"https:\/\/legacy.welandstal.se\/takskyddKonfigurator\/produkt.asp?produktid=507\" target=\"_blank\" rel=\"noopener\">Kalkyleprogram for sklisikring<\/a><\/p>\n<\/div>\n<\/div><\/div><\/html>\n","protected":false},"excerpt":{"rendered":"<p>Hjem Takstiger og sklisikringStiger er viktige for \u00e5 kunne forflytte seg p\u00e5 en sikker m\u00e5te under arbeid p\u00e5 tak. Weland [&hellip;]<\/p>\n","protected":false},"author":3,"featured_media":15319,"parent":12737,"menu_order":6,"comment_status":"closed","ping_status":"closed","template":"modules-page.php","meta":{"_acf_changed":false,"footnotes":""},"class_list":["post-12747","page","type-page","status-publish","has-post-thumbnail","hentry"],"acf":[],"_links":{"self":[{"href":"https:\/\/www.welandstal.se\/no\/wp-json\/wp\/v2\/pages\/12747","targetHints":{"allow":["GET"]}}],"collection":[{"href":"https:\/\/www.welandstal.se\/no\/wp-json\/wp\/v2\/pages"}],"about":[{"href":"https:\/\/www.welandstal.se\/no\/wp-json\/wp\/v2\/types\/page"}],"author":[{"embeddable":true,"href":"https:\/\/www.welandstal.se\/no\/wp-json\/wp\/v2\/users\/3"}],"replies":[{"embeddable":true,"href":"https:\/\/www.welandstal.se\/no\/wp-json\/wp\/v2\/comments?post=12747"}],"version-history":[{"count":7,"href":"https:\/\/www.welandstal.se\/no\/wp-json\/wp\/v2\/pages\/12747\/revisions"}],"predecessor-version":[{"id":23154,"href":"https:\/\/www.welandstal.se\/no\/wp-json\/wp\/v2\/pages\/12747\/revisions\/23154"}],"up":[{"embeddable":true,"href":"https:\/\/www.welandstal.se\/no\/wp-json\/wp\/v2\/pages\/12737"}],"wp:featuredmedia":[{"embeddable":true,"href":"https:\/\/www.welandstal.se\/no\/wp-json\/wp\/v2\/media\/15319"}],"wp:attachment":[{"href":"https:\/\/www.welandstal.se\/no\/wp-json\/wp\/v2\/media?parent=12747"}],"curies":[{"name":"wp","href":"https:\/\/api.w.org\/{rel}","templated":true}]}}