{"id":12749,"date":"2023-04-02T21:08:21","date_gmt":"2023-04-02T19:08:21","guid":{"rendered":"https:\/\/www.welandstal.se\/produkter\/romning\/fasadestiger\/"},"modified":"2025-08-05T14:32:22","modified_gmt":"2025-08-05T12:32:22","slug":"fasadestiger","status":"publish","type":"page","link":"https:\/\/www.welandstal.se\/no\/produkter\/romning\/fasadestiger\/","title":{"rendered":"Fasadestiger"},"content":{"rendered":"<!DOCTYPE html>\n<html><meta http-equiv=\"Content-Type\" content=\"text\/html; charset=utf-8\"><div id=\"module-0\" class=\"braavos-module braavos-module-weland_breadcrumbs braavos-module-0 module-spacing-none\"><div class=\"braavos-module-inner\">\n<div class=\"braavos-breadcrumbs\">\n\t<nav aria-label=\"breadcrumbs\" class=\"rank-math-breadcrumb\"><p id=\"breadcrumbs\"><span class=\"last\">Hjem<\/span><\/p><\/nav><\/div>\n\n<\/div><\/div><div id=\"module-1\" class=\"braavos-module braavos-module-hero braavos-module-1 module-theme-light module-width-full content-position-left module-spacing-default\"><div class=\"braavos-module-inner\">\n\n<div class=\"braavos-background\">\n\n\t<img loading=\"lazy\" decoding=\"async\" width=\"1024\" height=\"410\" src=\"https:\/\/www.welandstal.se\/content\/uploads\/2025\/08\/fasadstege-2000x800-be00003137-1024x410.jpg\" class=\"braavos-background__image braavos-image wide responsive\" alt=\"\" style=\"object-position:50% 50%\" sizes=\"auto, (min-width: px) 100vw, 100vw\" srcset=\"https:\/\/www.welandstal.se\/content\/uploads\/2025\/08\/fasadstege-2000x800-be00003137-1024x410.jpg 1024w, https:\/\/www.welandstal.se\/content\/uploads\/2025\/08\/fasadstege-2000x800-be00003137-300x120.jpg 300w, https:\/\/www.welandstal.se\/content\/uploads\/2025\/08\/fasadstege-2000x800-be00003137-768x307.jpg 768w, https:\/\/www.welandstal.se\/content\/uploads\/2025\/08\/fasadstege-2000x800-be00003137-1536x614.jpg 1536w, https:\/\/www.welandstal.se\/content\/uploads\/2025\/08\/fasadstege-2000x800-be00003137-600x240.jpg 600w, https:\/\/www.welandstal.se\/content\/uploads\/2025\/08\/fasadstege-2000x800-be00003137.jpg 2000w\">\n<\/div>\n\n\n\n<div class=\"braavos-foreground\">\n\n\t<div class=\"braavos-foreground__content\"><h1 class=\"h3 braavos-heading braavos-hero_heading\">Fasadestiger<\/h1><div class=\"braavos-hero_body-text\"><p>Fasadestiger gir sikker tilgang til taket og forenkler arbeid i h\u00f8yden. Fasadestigene v\u00e5re er godkjente i henhold til SS 831340 og kan med fordel brukes ved t\u00e5rn, siloer, bropilarer, skorsteiner og andre installasjoner.<\/p>\n<\/div><\/div>\n<\/div>\n\n<\/div><\/div><div id=\"module-2\" class=\"braavos-module braavos-module-posts_system braavos-module-2 module-layout-grid item-layout-banner columns-2 module-spacing-none\"><div class=\"braavos-module-inner\">\n\n\t\t<div class=\"braavos-posts\">\n\n\t\t\n\t\t\t\t\t\t\t\n\t\t\t\t\n\t\t\t\t\t\t\t\t\n\t\t\t\t<article class=\"braavos-post post-12698\">\t\t\t\t\n\t\t\t\t<a href=\"https:\/\/www.welandstal.se\/no\/produkter\/romning\/fasadestiger\/fasadestige\/\" title=\"Fasadestige\"><img loading=\"lazy\" decoding=\"async\" width=\"1024\" height=\"512\" src=\"https:\/\/www.welandstal.se\/content\/uploads\/2023\/04\/prod_be2420-140825-1024x512.jpeg\" class=\"braavos-image braavos-post__image\" alt=\"\" sizes=\"auto, (min-width: 768px) 100vw, (min-width: px) 0px, 50vw\" srcset=\"https:\/\/www.welandstal.se\/content\/uploads\/2023\/04\/prod_be2420-140825-1024x512.jpeg 1024w, https:\/\/www.welandstal.se\/content\/uploads\/2023\/04\/prod_be2420-140825-300x150.jpeg 300w, https:\/\/www.welandstal.se\/content\/uploads\/2023\/04\/prod_be2420-140825-768x384.jpeg 768w, https:\/\/www.welandstal.se\/content\/uploads\/2023\/04\/prod_be2420-140825-600x300.jpeg 600w, https:\/\/www.welandstal.se\/content\/uploads\/2023\/04\/prod_be2420-140825.jpeg 1200w\"><h3 class=\"braavos-post__title\">Fasadestige<\/h3><\/a>\t\t\t\t\n\t\t\t\t<\/article>\n\t\t\t\t\n\t\t\t\t\t\t\t\n\t\t\t\t\n\t\t\t\t\t\t\t\t\n\t\t\t\t<article class=\"braavos-post post-12699\">\t\t\t\t\n\t\t\t\t<a href=\"https:\/\/www.welandstal.se\/no\/produkter\/romning\/fasadestiger\/utfellbar-fasadestige\/\" title=\"Utfellbar fasadestige\"><img loading=\"lazy\" decoding=\"async\" width=\"658\" height=\"329\" src=\"https:\/\/www.welandstal.se\/content\/uploads\/2023\/04\/prod_be2377_140826.jpeg\" class=\"braavos-image braavos-post__image\" alt=\"\" sizes=\"auto, (min-width: 768px) 100vw, (min-width: px) 0px, 50vw\" srcset=\"https:\/\/www.welandstal.se\/content\/uploads\/2023\/04\/prod_be2377_140826.jpeg 658w, https:\/\/www.welandstal.se\/content\/uploads\/2023\/04\/prod_be2377_140826-300x150.jpeg 300w, https:\/\/www.welandstal.se\/content\/uploads\/2023\/04\/prod_be2377_140826-600x300.jpeg 600w\"><h3 class=\"braavos-post__title\">Utfellbar fasadestige<\/h3><\/a>\t\t\t\t\n\t\t\t\t<\/article>\n\t\t\t\t\n\t\t\t\n\t\t\n\t<\/div>\n\n<\/div><\/div><div id=\"module-3\" class=\"braavos-module braavos-module-wysiwyg braavos-module-3 module-theme-light module-spacing-default\"><div class=\"braavos-module-inner\">\n<div class=\"braavos-content\">\n\t<p style=\"text-align: left;\">Med v\u00e5re standard og justerbare konsoller kan fasadestigen monteres p\u00e5 et bredt spekter av fasader og takutstikk. I beregningsprogrammet v\u00e5rt kan du enkelt tilpasse produktet til dine spesifikke behov.<\/p>\n<p style=\"text-align: center;\"><a class=\"button\" href=\"https:\/\/legacy.welandstal.se\/takskyddKonfigurator\/produkt.asp?produktid=108\" target=\"_blank\" rel=\"noopener\">Kalkulator for fasadestiger<\/a><\/p>\n<\/div>\n<\/div><\/div><div id=\"module-4\" class=\"braavos-module braavos-module-weland_gallery braavos-module-4 module-layout-slider module-width-full module-spacing-none\"><div class=\"braavos-module-inner\"><div class=\"weland-gallery-slider\"><div class=\"weland-gallery items-4 swiper-wrapper\"><figure class=\"weland-gallery_item swiper-slide\"><a href=\"https:\/\/www.welandstal.se\/content\/uploads\/2023\/04\/be00002567-scaled.jpg\" target=\"\" title=\"\" class=\"lightbox\"><img loading=\"lazy\" decoding=\"async\" width=\"1920\" height=\"2560\" src=\"https:\/\/www.welandstal.se\/content\/uploads\/2023\/04\/be00002567-scaled.jpg\" class=\"weland-gallery_image braavos-image\" alt=\"\" style=\"object-position:50% 50%\" sizes=\"auto, (min-width: px) 100vw, 100vw\" srcset=\"https:\/\/www.welandstal.se\/content\/uploads\/2023\/04\/be00002567-scaled.jpg 1920w, https:\/\/www.welandstal.se\/content\/uploads\/2023\/04\/be00002567-225x300.jpg 225w, https:\/\/www.welandstal.se\/content\/uploads\/2023\/04\/be00002567-768x1024.jpg 768w, https:\/\/www.welandstal.se\/content\/uploads\/2023\/04\/be00002567-1152x1536.jpg 1152w, https:\/\/www.welandstal.se\/content\/uploads\/2023\/04\/be00002567-1536x2048.jpg 1536w, https:\/\/www.welandstal.se\/content\/uploads\/2023\/04\/be00002567-600x800.jpg 600w\"><\/a><\/figure><figure class=\"weland-gallery_item swiper-slide\"><a href=\"https:\/\/www.welandstal.se\/content\/uploads\/2023\/04\/be00003223.jpg\" target=\"\" title=\"\" class=\"lightbox\"><img loading=\"lazy\" decoding=\"async\" width=\"1589\" height=\"1060\" src=\"https:\/\/www.welandstal.se\/content\/uploads\/2023\/04\/be00003223.jpg\" class=\"weland-gallery_image braavos-image\" alt=\"\" style=\"object-position:27% 48%\" sizes=\"auto, (min-width: px) 100vw, 100vw\" srcset=\"https:\/\/www.welandstal.se\/content\/uploads\/2023\/04\/be00003223.jpg 1589w, https:\/\/www.welandstal.se\/content\/uploads\/2023\/04\/be00003223-300x200.jpg 300w, https:\/\/www.welandstal.se\/content\/uploads\/2023\/04\/be00003223-1024x683.jpg 1024w, https:\/\/www.welandstal.se\/content\/uploads\/2023\/04\/be00003223-768x512.jpg 768w, https:\/\/www.welandstal.se\/content\/uploads\/2023\/04\/be00003223-1536x1025.jpg 1536w, https:\/\/www.welandstal.se\/content\/uploads\/2023\/04\/be00003223-600x400.jpg 600w\"><\/a><\/figure><figure class=\"weland-gallery_item swiper-slide\"><a href=\"https:\/\/www.welandstal.se\/content\/uploads\/2023\/06\/be00004203.jpg\" target=\"\" title=\"\" class=\"lightbox\"><img loading=\"lazy\" decoding=\"async\" width=\"1333\" height=\"2000\" src=\"https:\/\/www.welandstal.se\/content\/uploads\/2023\/06\/be00004203.jpg\" class=\"weland-gallery_image braavos-image\" alt=\"\" style=\"object-position:50% 50%\" sizes=\"auto, (min-width: px) 100vw, 100vw\" srcset=\"https:\/\/www.welandstal.se\/content\/uploads\/2023\/06\/be00004203.jpg 1333w, https:\/\/www.welandstal.se\/content\/uploads\/2023\/06\/be00004203-200x300.jpg 200w, https:\/\/www.welandstal.se\/content\/uploads\/2023\/06\/be00004203-682x1024.jpg 682w, https:\/\/www.welandstal.se\/content\/uploads\/2023\/06\/be00004203-768x1152.jpg 768w, https:\/\/www.welandstal.se\/content\/uploads\/2023\/06\/be00004203-1024x1536.jpg 1024w, https:\/\/www.welandstal.se\/content\/uploads\/2023\/06\/be00004203-600x900.jpg 600w\"><\/a><\/figure><figure class=\"weland-gallery_item swiper-slide\"><a href=\"https:\/\/www.welandstal.se\/content\/uploads\/2023\/04\/be00002564-scaled.jpg\" target=\"\" title=\"\" class=\"lightbox\"><img loading=\"lazy\" decoding=\"async\" width=\"1920\" height=\"2560\" src=\"https:\/\/www.welandstal.se\/content\/uploads\/2023\/04\/be00002564-scaled.jpg\" class=\"weland-gallery_image braavos-image\" alt=\"\" style=\"object-position:46.67% 50%\" sizes=\"auto, (min-width: px) 100vw, 100vw\" srcset=\"https:\/\/www.welandstal.se\/content\/uploads\/2023\/04\/be00002564-scaled.jpg 1920w, https:\/\/www.welandstal.se\/content\/uploads\/2023\/04\/be00002564-225x300.jpg 225w, https:\/\/www.welandstal.se\/content\/uploads\/2023\/04\/be00002564-768x1024.jpg 768w, https:\/\/www.welandstal.se\/content\/uploads\/2023\/04\/be00002564-1152x1536.jpg 1152w, https:\/\/www.welandstal.se\/content\/uploads\/2023\/04\/be00002564-1536x2048.jpg 1536w, https:\/\/www.welandstal.se\/content\/uploads\/2023\/04\/be00002564-600x800.jpg 600w\"><\/a><\/figure><\/div><div class=\"swiper-pagination\"><\/div><div class=\"swiper-navigation\"><div class=\"braavos-prev\"><i class=\"fa-regular fa-arrow-left\"><\/i><\/div><div class=\"braavos-next\"><i class=\"fa-regular fa-arrow-right\"><\/i><\/div><\/div><\/div><\/div><\/div><\/html>\n","protected":false},"excerpt":{"rendered":"<p>Hjem FasadestigerFasadestiger gir sikker tilgang til taket og forenkler arbeid i h\u00f8yden. Fasadestigene v\u00e5re er godkjente i henhold til SS [&hellip;]<\/p>\n","protected":false},"author":3,"featured_media":16944,"parent":12738,"menu_order":0,"comment_status":"closed","ping_status":"closed","template":"modules-page.php","meta":{"_acf_changed":false,"footnotes":""},"class_list":["post-12749","page","type-page","status-publish","has-post-thumbnail","hentry"],"acf":[],"_links":{"self":[{"href":"https:\/\/www.welandstal.se\/no\/wp-json\/wp\/v2\/pages\/12749","targetHints":{"allow":["GET"]}}],"collection":[{"href":"https:\/\/www.welandstal.se\/no\/wp-json\/wp\/v2\/pages"}],"about":[{"href":"https:\/\/www.welandstal.se\/no\/wp-json\/wp\/v2\/types\/page"}],"author":[{"embeddable":true,"href":"https:\/\/www.welandstal.se\/no\/wp-json\/wp\/v2\/users\/3"}],"replies":[{"embeddable":true,"href":"https:\/\/www.welandstal.se\/no\/wp-json\/wp\/v2\/comments?post=12749"}],"version-history":[{"count":7,"href":"https:\/\/www.welandstal.se\/no\/wp-json\/wp\/v2\/pages\/12749\/revisions"}],"predecessor-version":[{"id":22673,"href":"https:\/\/www.welandstal.se\/no\/wp-json\/wp\/v2\/pages\/12749\/revisions\/22673"}],"up":[{"embeddable":true,"href":"https:\/\/www.welandstal.se\/no\/wp-json\/wp\/v2\/pages\/12738"}],"wp:featuredmedia":[{"embeddable":true,"href":"https:\/\/www.welandstal.se\/no\/wp-json\/wp\/v2\/media\/16944"}],"wp:attachment":[{"href":"https:\/\/www.welandstal.se\/no\/wp-json\/wp\/v2\/media?parent=12749"}],"curies":[{"name":"wp","href":"https:\/\/api.w.org\/{rel}","templated":true}]}}