{"id":13451,"date":"2022-10-20T11:01:35","date_gmt":"2022-10-20T09:01:35","guid":{"rendered":"https:\/\/www.welandstal.se\/?page_id=13451"},"modified":"2024-09-24T11:14:08","modified_gmt":"2024-09-24T09:14:08","slug":"kontakt-oss","status":"publish","type":"page","link":"https:\/\/www.welandstal.se\/no\/kontakt-oss\/","title":{"rendered":"Kontakt oss"},"content":{"rendered":"<p>&nbsp;<\/p>\n<p><strong><img loading=\"lazy\" decoding=\"async\" class=\"size-full wp-image-12202 alignleft\" src=\"https:\/\/www.welandstal.se\/content\/uploads\/2024\/05\/litenW.png\" alt=\"\" width=\"160\" height=\"154\" \/>Weland AS<\/strong><\/p>\n<div><strong>Svennerudveien 34<\/strong><\/div>\n<div><strong>2016 Frogner<\/strong><\/div>\n<div>Tel: 46 93 91 00<\/div>\n<div class=\"site-footer-info-item\"><a href=\"mailto:weland@weland.no\">weland@weland.no<\/a><\/div>\n<p>&nbsp;<\/p>\n<p>&nbsp;<\/p>\n<div>Vi er her hvis du trenger \u00e5 vite mer om produktene og tjenestene v\u00e5re eller f\u00e5 svar p\u00e5 sp\u00f8rsm\u00e5l.<\/div>\n<p>&nbsp;<\/p>\n<blockquote>\n<h5 style=\"text-align: left;\"><strong>Produktansvarlig taksikring \/ solpanelinnfestning<\/strong><\/h5>\n<\/blockquote>\n<div style=\"text-align: left;\"><strong>Tor Inge Skau<\/strong><\/div>\n<div style=\"text-align: left;\">99 21 91 27<\/div>\n<div class=\"site-footer-info-item\" style=\"text-align: left;\"><a href=\"mailto:tor.skau@weland.no\">tor.skau@weland.no<\/a><\/div>\n<h5><\/h5>\n<blockquote>\n<h5><strong>Salgskonsulent taksikring<\/strong><\/h5>\n<\/blockquote>\n<p style=\"text-align: left;\"><strong>Olav Fossmellem<\/strong><br \/>\n99 21 91 37<br \/>\n<a href=\"mailto:olav.fossmellem@weland.no\">olav.fossmellem@weland.no<\/a><\/p>\n<p>&nbsp;<\/p>\n<p><img loading=\"lazy\" decoding=\"async\" class=\"alignnone wp-image-12211 size-full\" src=\"https:\/\/www.welandstal.se\/content\/uploads\/2024\/05\/img_telefonbild.jpg\" alt=\"\" width=\"1200\" height=\"638\" srcset=\"https:\/\/www.welandstal.se\/content\/uploads\/2024\/05\/img_telefonbild.jpg 1200w, https:\/\/www.welandstal.se\/content\/uploads\/2024\/05\/img_telefonbild-300x160.jpg 300w, https:\/\/www.welandstal.se\/content\/uploads\/2024\/05\/img_telefonbild-1024x544.jpg 1024w, https:\/\/www.welandstal.se\/content\/uploads\/2024\/05\/img_telefonbild-768x408.jpg 768w, https:\/\/www.welandstal.se\/content\/uploads\/2024\/05\/img_telefonbild-600x319.jpg 600w\" sizes=\"auto, (max-width: 1200px) 100vw, 1200px\" \/><\/p>\n","protected":false},"excerpt":{"rendered":"<p>&nbsp; Weland AS Svennerudveien 34 2016 Frogner Tel: 46 93 91 00 weland@weland.no &nbsp; &nbsp; Vi er her hvis du [&hellip;]<\/p>\n","protected":false},"author":3,"featured_media":0,"parent":0,"menu_order":0,"comment_status":"closed","ping_status":"closed","template":"","meta":{"_acf_changed":false,"footnotes":""},"class_list":["post-13451","page","type-page","status-publish","hentry"],"acf":[],"_links":{"self":[{"href":"https:\/\/www.welandstal.se\/no\/wp-json\/wp\/v2\/pages\/13451","targetHints":{"allow":["GET"]}}],"collection":[{"href":"https:\/\/www.welandstal.se\/no\/wp-json\/wp\/v2\/pages"}],"about":[{"href":"https:\/\/www.welandstal.se\/no\/wp-json\/wp\/v2\/types\/page"}],"author":[{"embeddable":true,"href":"https:\/\/www.welandstal.se\/no\/wp-json\/wp\/v2\/users\/3"}],"replies":[{"embeddable":true,"href":"https:\/\/www.welandstal.se\/no\/wp-json\/wp\/v2\/comments?post=13451"}],"version-history":[{"count":8,"href":"https:\/\/www.welandstal.se\/no\/wp-json\/wp\/v2\/pages\/13451\/revisions"}],"predecessor-version":[{"id":13460,"href":"https:\/\/www.welandstal.se\/no\/wp-json\/wp\/v2\/pages\/13451\/revisions\/13460"}],"wp:attachment":[{"href":"https:\/\/www.welandstal.se\/no\/wp-json\/wp\/v2\/media?parent=13451"}],"curies":[{"name":"wp","href":"https:\/\/api.w.org\/{rel}","templated":true}]}}