{"id":13692,"date":"2022-10-20T11:00:53","date_gmt":"2022-10-20T09:00:53","guid":{"rendered":"https:\/\/www.welandstal.se\/?page_id=13692"},"modified":"2025-01-17T13:40:21","modified_gmt":"2025-01-17T12:40:21","slug":"kalkulator","status":"publish","type":"page","link":"https:\/\/www.welandstal.se\/no\/kalkulator\/","title":{"rendered":"Kalkulatorer"},"content":{"rendered":"<!DOCTYPE html>\n<html><meta http-equiv=\"Content-Type\" content=\"text\/html; charset=utf-8\"><div id=\"module-0\" class=\"braavos-module braavos-module-weland_breadcrumbs braavos-module-0 module-spacing-none\"><div class=\"braavos-module-inner\">\n<div class=\"braavos-breadcrumbs\">\n\t<nav aria-label=\"breadcrumbs\" class=\"rank-math-breadcrumb\"><p id=\"breadcrumbs\"><span class=\"last\">Hjem<\/span><\/p><\/nav><\/div>\n\n<\/div><\/div><div id=\"module-1\" class=\"braavos-module braavos-module-hero braavos-module-1 module-theme-light module-width-full content-position-left module-spacing-none\"><div class=\"braavos-module-inner\">\n\n<div class=\"braavos-background\">\n\n\t<img loading=\"lazy\" decoding=\"async\" width=\"1024\" height=\"682\" src=\"https:\/\/www.welandstal.se\/content\/uploads\/2023\/04\/Rackeskonfigurator-be00004315-small-1024x682.jpg\" class=\"braavos-background__image braavos-image wide responsive\" alt=\"\" style=\"object-position:65.51% 43.36%\" sizes=\"auto, (min-width: px) 100vw, 100vw\" srcset=\"https:\/\/www.welandstal.se\/content\/uploads\/2023\/04\/Rackeskonfigurator-be00004315-small-1024x682.jpg 1024w, https:\/\/www.welandstal.se\/content\/uploads\/2023\/04\/Rackeskonfigurator-be00004315-small-300x200.jpg 300w, https:\/\/www.welandstal.se\/content\/uploads\/2023\/04\/Rackeskonfigurator-be00004315-small-768x512.jpg 768w, https:\/\/www.welandstal.se\/content\/uploads\/2023\/04\/Rackeskonfigurator-be00004315-small-1536x1024.jpg 1536w, https:\/\/www.welandstal.se\/content\/uploads\/2023\/04\/Rackeskonfigurator-be00004315-small-600x400.jpg 600w, https:\/\/www.welandstal.se\/content\/uploads\/2023\/04\/Rackeskonfigurator-be00004315-small.jpg 2000w\">\n<\/div>\n\n\n\n<div class=\"braavos-foreground\">\n\n\t<div class=\"braavos-foreground__content\"><h1 class=\"h3 braavos-heading braavos-hero_heading\">Kalkulatorer<\/h1><div class=\"braavos-hero_body-text\"><p>Gir deg raskt et overblikk over hvilke komponenter som trengs for \u00e5 sette sammen et system som oppfyller dine spesifikke behov.<\/p>\n<\/div><\/div>\n<\/div>\n\n<\/div><\/div><div id=\"module-2\" class=\"braavos-module braavos-module-wysiwyg braavos-module-2 module-theme-none module-spacing-none\"><div class=\"braavos-module-inner\">\n<div class=\"braavos-content\">\n\t<p>Med v\u00e5re kalkulatorer kan du p\u00e5 en enkel og oversiktlig m\u00e5te selv sette sammen l\u00f8sningene du \u00f8nsker. Programmene beregner en kostnad for de valgte delene, og du f\u00e5r straks et overblikk over kostnader, vekt og spesifikasjoner for ulike l\u00f8sninger.<\/p>\n<p style=\"text-align: center;\"><a class=\"button button--outline\" href=\"https:\/\/legacy.welandstal.se\/takskyddKonfigurator\/?sLang=sv-se\" target=\"_blank\" rel=\"noopener\">Taksikring<br>\n<\/a><a class=\"button button--outline\" href=\"https:\/\/sol.welandstal.se\/\" target=\"_blank\" rel=\"noopener\">Solpanelfester<br>\n<\/a><a class=\"button button--outline\" href=\"https:\/\/utrymning.welandstal.se\/\" target=\"_blank\" rel=\"noopener\">R\u00f8mningsplattformer<\/a><\/p>\n<\/div>\n<\/div><\/div><\/html>\n","protected":false},"excerpt":{"rendered":"<p>Hjem KalkulatorerGir deg raskt et overblikk over hvilke komponenter som trengs for \u00e5 sette sammen et system som oppfyller dine [&hellip;]<\/p>\n","protected":false},"author":3,"featured_media":13693,"parent":0,"menu_order":0,"comment_status":"closed","ping_status":"closed","template":"modules-page.php","meta":{"_acf_changed":false,"footnotes":""},"class_list":["post-13692","page","type-page","status-publish","has-post-thumbnail","hentry"],"acf":[],"_links":{"self":[{"href":"https:\/\/www.welandstal.se\/no\/wp-json\/wp\/v2\/pages\/13692","targetHints":{"allow":["GET"]}}],"collection":[{"href":"https:\/\/www.welandstal.se\/no\/wp-json\/wp\/v2\/pages"}],"about":[{"href":"https:\/\/www.welandstal.se\/no\/wp-json\/wp\/v2\/types\/page"}],"author":[{"embeddable":true,"href":"https:\/\/www.welandstal.se\/no\/wp-json\/wp\/v2\/users\/3"}],"replies":[{"embeddable":true,"href":"https:\/\/www.welandstal.se\/no\/wp-json\/wp\/v2\/comments?post=13692"}],"version-history":[{"count":9,"href":"https:\/\/www.welandstal.se\/no\/wp-json\/wp\/v2\/pages\/13692\/revisions"}],"predecessor-version":[{"id":20635,"href":"https:\/\/www.welandstal.se\/no\/wp-json\/wp\/v2\/pages\/13692\/revisions\/20635"}],"wp:featuredmedia":[{"embeddable":true,"href":"https:\/\/www.welandstal.se\/no\/wp-json\/wp\/v2\/media\/13693"}],"wp:attachment":[{"href":"https:\/\/www.welandstal.se\/no\/wp-json\/wp\/v2\/media?parent=13692"}],"curies":[{"name":"wp","href":"https:\/\/api.w.org\/{rel}","templated":true}]}}