{"id":13709,"date":"2022-10-20T11:01:12","date_gmt":"2022-10-20T09:01:12","guid":{"rendered":"https:\/\/www.welandstal.se\/?page_id=13709"},"modified":"2025-11-19T15:56:08","modified_gmt":"2025-11-19T14:56:08","slug":"kunnskapsbank","status":"publish","type":"page","link":"https:\/\/www.welandstal.se\/no\/kunnskapsbank\/","title":{"rendered":"Kunnskapsbank"},"content":{"rendered":"<!DOCTYPE html>\n<html><meta http-equiv=\"Content-Type\" content=\"text\/html; charset=utf-8\"><div id=\"module-0\" class=\"braavos-module braavos-module-weland_breadcrumbs braavos-module-0 module-spacing-none\"><div class=\"braavos-module-inner\">\n<div class=\"braavos-breadcrumbs\">\n\t<nav aria-label=\"breadcrumbs\" class=\"rank-math-breadcrumb\"><p id=\"breadcrumbs\"><span class=\"last\">Hjem<\/span><\/p><\/nav><\/div>\n\n<\/div><\/div><div id=\"module-1\" class=\"braavos-module braavos-module-hero braavos-module-1 module-theme-light module-width-full content-position-left module-spacing-none\"><div class=\"braavos-module-inner\">\n\n<div class=\"braavos-background\">\n\n\t<img loading=\"lazy\" decoding=\"async\" width=\"1024\" height=\"682\" src=\"https:\/\/www.welandstal.se\/content\/uploads\/2024\/06\/plattak_kunskapsbank-1024x682.jpg\" class=\"braavos-background__image braavos-image wide responsive\" alt=\"\" style=\"object-position:50% 50%\" sizes=\"auto, (min-width: px) 100vw, 100vw\" srcset=\"https:\/\/www.welandstal.se\/content\/uploads\/2024\/06\/plattak_kunskapsbank-1024x682.jpg 1024w, https:\/\/www.welandstal.se\/content\/uploads\/2024\/06\/plattak_kunskapsbank-300x200.jpg 300w, https:\/\/www.welandstal.se\/content\/uploads\/2024\/06\/plattak_kunskapsbank-768x512.jpg 768w, https:\/\/www.welandstal.se\/content\/uploads\/2024\/06\/plattak_kunskapsbank-1536x1024.jpg 1536w, https:\/\/www.welandstal.se\/content\/uploads\/2024\/06\/plattak_kunskapsbank-600x400.jpg 600w, https:\/\/www.welandstal.se\/content\/uploads\/2024\/06\/plattak_kunskapsbank.jpg 2000w\">\n<\/div>\n\n\n\n<div class=\"braavos-foreground\">\n\n\t<div class=\"braavos-foreground__content\"><h1 class=\"h3 braavos-heading braavos-hero_heading\">Kunnskapsbank<\/h1><div class=\"braavos-hero_body-text\"><p>Hvilket ansvar har bygningseieren? Hvilke lover gjelder? Hva kan jeg gj\u00f8re selv? Vi har svarene.<\/p>\n<\/div><\/div>\n<\/div>\n\n<\/div><\/div><div id=\"module-2\" class=\"braavos-module braavos-module-wysiwyg braavos-module-2 module-theme-none module-spacing-none\"><div class=\"braavos-module-inner\">\n<div class=\"braavos-content\">\n\t<p>Her har vi samlet lenker og hjelpemidler for deg som er arkitekt, mont\u00f8r, bygningseier og for andre som jobber med tak eller r\u00f8mningsveier. Det er alltid viktig \u00e5 vite hvem som har ansvaret og hva som forventes i de ulike fasene av et byggeprosjekt. Vi hjelper gjerne til med informasjon som gjelder ditt spesifikke prosjekt.<\/p>\n<p><strong>F\u00f8lg lenkene nedenfor:<\/strong><\/p>\n<p><a class=\"button button--outline\" href=\"https:\/\/www.welandstal.se\/no\/kunnskapsbank\/sporsmal-og-svar\/\">Sp\u00f8rsm\u00e5l og svar<\/a><a class=\"button button--outline\" href=\"https:\/\/www.welandstal.se\/no\/kunnskapsbank\/regler-og-krav\/\">Regler og krav<\/a><a class=\"button button--outline\" href=\"https:\/\/www.welandstal.se\/no\/kunnskapsbank\/overflatebehandling\/\">Overflatebehandling<\/a><a class=\"button button--outline\" href=\"https:\/\/www.welandstal.se\/no\/dokument\/\">Dokumentation<\/a><a class=\"button button--outline\" href=\"https:\/\/www.welandstal.se\/no\/kunnskapsbank\/bim\/\">BIM<\/a><a class=\"button button--outline\" href=\"https:\/\/www.welandstal.se\/no\/kunnskapsbank\/snosoner-og-belastningsberegning-for-snofangere\/\">Sn\u00f8soner og belastningsberegning for sn\u00f8fangere<\/a><\/p>\n<\/div>\n<\/div><\/div><\/html>\n","protected":false},"excerpt":{"rendered":"<p>Hjem KunnskapsbankHvilket ansvar har bygningseieren? Hvilke lover gjelder? Hva kan jeg gj\u00f8re selv? Vi har svarene. Her har vi samlet [&hellip;]<\/p>\n","protected":false},"author":3,"featured_media":0,"parent":0,"menu_order":0,"comment_status":"closed","ping_status":"closed","template":"modules-page.php","meta":{"_acf_changed":false,"footnotes":""},"class_list":["post-13709","page","type-page","status-publish","hentry"],"acf":[],"_links":{"self":[{"href":"https:\/\/www.welandstal.se\/no\/wp-json\/wp\/v2\/pages\/13709","targetHints":{"allow":["GET"]}}],"collection":[{"href":"https:\/\/www.welandstal.se\/no\/wp-json\/wp\/v2\/pages"}],"about":[{"href":"https:\/\/www.welandstal.se\/no\/wp-json\/wp\/v2\/types\/page"}],"author":[{"embeddable":true,"href":"https:\/\/www.welandstal.se\/no\/wp-json\/wp\/v2\/users\/3"}],"replies":[{"embeddable":true,"href":"https:\/\/www.welandstal.se\/no\/wp-json\/wp\/v2\/comments?post=13709"}],"version-history":[{"count":10,"href":"https:\/\/www.welandstal.se\/no\/wp-json\/wp\/v2\/pages\/13709\/revisions"}],"predecessor-version":[{"id":23545,"href":"https:\/\/www.welandstal.se\/no\/wp-json\/wp\/v2\/pages\/13709\/revisions\/23545"}],"wp:attachment":[{"href":"https:\/\/www.welandstal.se\/no\/wp-json\/wp\/v2\/media?parent=13709"}],"curies":[{"name":"wp","href":"https:\/\/api.w.org\/{rel}","templated":true}]}}