{"id":13720,"date":"2023-05-11T14:44:46","date_gmt":"2023-05-11T12:44:46","guid":{"rendered":"https:\/\/www.welandstal.se\/?page_id=13720"},"modified":"2025-05-28T13:54:49","modified_gmt":"2025-05-28T11:54:49","slug":"regler-og-krav","status":"publish","type":"page","link":"https:\/\/www.welandstal.se\/no\/kunnskapsbank\/regler-og-krav\/","title":{"rendered":"Regler og krav"},"content":{"rendered":"<!DOCTYPE html>\n<html><meta http-equiv=\"Content-Type\" content=\"text\/html; charset=utf-8\"><div id=\"module-0\" class=\"braavos-module braavos-module-weland_breadcrumbs braavos-module-0 module-spacing-none\"><div class=\"braavos-module-inner\">\n<div class=\"braavos-breadcrumbs\">\n\t<nav aria-label=\"breadcrumbs\" class=\"rank-math-breadcrumb\"><p id=\"breadcrumbs\"><span class=\"last\">Hjem<\/span><\/p><\/nav><\/div>\n\n<\/div><\/div><div id=\"module-1\" class=\"braavos-module braavos-module-hero braavos-module-1 module-theme-light module-width-full content-position-left module-spacing-none\"><div class=\"braavos-module-inner\">\n\n<div class=\"braavos-background\">\n\n\t<img loading=\"lazy\" decoding=\"async\" width=\"1024\" height=\"410\" src=\"https:\/\/www.welandstal.se\/content\/uploads\/2025\/05\/taksakerhet-2000x800-be00004303-1024x410.jpg\" class=\"braavos-background__image braavos-image wide responsive\" alt=\"\" style=\"object-position:50% 50%\" sizes=\"auto, (min-width: px) 100vw, 100vw\" srcset=\"https:\/\/www.welandstal.se\/content\/uploads\/2025\/05\/taksakerhet-2000x800-be00004303-1024x410.jpg 1024w, https:\/\/www.welandstal.se\/content\/uploads\/2025\/05\/taksakerhet-2000x800-be00004303-300x120.jpg 300w, https:\/\/www.welandstal.se\/content\/uploads\/2025\/05\/taksakerhet-2000x800-be00004303-768x307.jpg 768w, https:\/\/www.welandstal.se\/content\/uploads\/2025\/05\/taksakerhet-2000x800-be00004303-1536x614.jpg 1536w, https:\/\/www.welandstal.se\/content\/uploads\/2025\/05\/taksakerhet-2000x800-be00004303-600x240.jpg 600w, https:\/\/www.welandstal.se\/content\/uploads\/2025\/05\/taksakerhet-2000x800-be00004303.jpg 2000w\">\n<\/div>\n\n\n\n<div class=\"braavos-foreground\">\n\n\t<div class=\"braavos-foreground__content\"><h1 class=\"h3 braavos-heading braavos-hero_heading\">Regler og krav<\/h1><div class=\"braavos-hero_body-text\"><p>Det er viktig at den som er ansvarlig for sikkerheten under arbeid p\u00e5 tak, er oppdatert om hvilke regler som gjelder. Her samler vi lenker til andre sider med nyttig kunnskap.<\/p>\n<\/div><\/div>\n<\/div>\n\n<\/div><\/div><div id=\"module-2\" class=\"braavos-module braavos-module-wysiwyg braavos-module-2 module-theme-none module-spacing-none\"><div class=\"braavos-module-inner\">\n<div class=\"braavos-content\">\n\t<p>F\u00f8lgende sider inneholder viktig informasjon for den som arbeider p\u00e5 tak, eller er ansvarlig for sikkerheten til de som arbeider i h\u00f8yden.<\/p>\n<p>Kontakt oss for ytterligere informasjon om v\u00e5re produkter.<\/p>\n<p><a href=\"http:\/\/www.dibk.no\/\" target=\"_blank\" rel=\"noopener\">Direktoratet for Byggkvalitet<\/a><\/p>\n<p><a href=\"https:\/\/www.byggforsk.no\/\" target=\"_blank\" rel=\"noopener\">Byggforskserien<\/a><\/p>\n<p><a href=\"https:\/\/www.arbeidstilsynet.no\/\" target=\"_blank\" rel=\"noopener\">Arbeidstilsynet<\/a><\/p>\n<p><a href=\"https:\/\/www.tpf-info.org\/\" target=\"_blank\" rel=\"noopener\">Takprodusentens Forskningsgruppe<\/a><\/p>\n<p>&nbsp;<\/p>\n<\/div>\n<\/div><\/div><\/html>\n","protected":false},"excerpt":{"rendered":"<p>Hjem Regler og kravDet er viktig at den som er ansvarlig for sikkerheten under arbeid p\u00e5 tak, er oppdatert om [&hellip;]<\/p>\n","protected":false},"author":3,"featured_media":20400,"parent":13709,"menu_order":0,"comment_status":"closed","ping_status":"closed","template":"modules-page.php","meta":{"_acf_changed":false,"footnotes":""},"class_list":["post-13720","page","type-page","status-publish","has-post-thumbnail","hentry"],"acf":[],"_links":{"self":[{"href":"https:\/\/www.welandstal.se\/no\/wp-json\/wp\/v2\/pages\/13720","targetHints":{"allow":["GET"]}}],"collection":[{"href":"https:\/\/www.welandstal.se\/no\/wp-json\/wp\/v2\/pages"}],"about":[{"href":"https:\/\/www.welandstal.se\/no\/wp-json\/wp\/v2\/types\/page"}],"author":[{"embeddable":true,"href":"https:\/\/www.welandstal.se\/no\/wp-json\/wp\/v2\/users\/3"}],"replies":[{"embeddable":true,"href":"https:\/\/www.welandstal.se\/no\/wp-json\/wp\/v2\/comments?post=13720"}],"version-history":[{"count":4,"href":"https:\/\/www.welandstal.se\/no\/wp-json\/wp\/v2\/pages\/13720\/revisions"}],"predecessor-version":[{"id":22298,"href":"https:\/\/www.welandstal.se\/no\/wp-json\/wp\/v2\/pages\/13720\/revisions\/22298"}],"up":[{"embeddable":true,"href":"https:\/\/www.welandstal.se\/no\/wp-json\/wp\/v2\/pages\/13709"}],"wp:featuredmedia":[{"embeddable":true,"href":"https:\/\/www.welandstal.se\/no\/wp-json\/wp\/v2\/media\/20400"}],"wp:attachment":[{"href":"https:\/\/www.welandstal.se\/no\/wp-json\/wp\/v2\/media?parent=13720"}],"curies":[{"name":"wp","href":"https:\/\/api.w.org\/{rel}","templated":true}]}}