{"id":13729,"date":"2023-03-30T14:23:56","date_gmt":"2023-03-30T12:23:56","guid":{"rendered":"https:\/\/www.welandstal.se\/?page_id=13729"},"modified":"2024-10-01T14:53:57","modified_gmt":"2024-10-01T12:53:57","slug":"bim","status":"publish","type":"page","link":"https:\/\/www.welandstal.se\/no\/kunnskapsbank\/bim\/","title":{"rendered":"BIM"},"content":{"rendered":"<!DOCTYPE html>\n<html><meta http-equiv=\"Content-Type\" content=\"text\/html; charset=utf-8\"><div id=\"module-0\" class=\"braavos-module braavos-module-weland_breadcrumbs braavos-module-0 module-spacing-none\"><div class=\"braavos-module-inner\">\n<div class=\"braavos-breadcrumbs\">\n\t<nav aria-label=\"breadcrumbs\" class=\"rank-math-breadcrumb\"><p id=\"breadcrumbs\"><span class=\"last\">Hjem<\/span><\/p><\/nav><\/div>\n\n<\/div><\/div><div id=\"module-1\" class=\"braavos-module braavos-module-hero braavos-module-1 module-theme-light module-width-full content-position-left module-spacing-none\"><div class=\"braavos-module-inner\">\n\n<div class=\"braavos-background\">\n\n\t<img loading=\"lazy\" decoding=\"async\" width=\"1024\" height=\"682\" src=\"https:\/\/www.welandstal.se\/content\/uploads\/2023\/05\/be00004507-small.jpg\" class=\"braavos-background__image braavos-image wide responsive\" alt=\"\" style=\"object-position:50% 50%\" sizes=\"auto, (min-width: px) 100vw, 100vw\">\n<\/div>\n\n\n\n<div class=\"braavos-foreground\">\n\n\t<div class=\"braavos-foreground__content\"><h1 class=\"h3 braavos-heading braavos-hero_heading\">BIM<\/h1><div class=\"braavos-hero_body-text\"><p>Bygningsinformasjonsmodellering, BIM, er et verkt\u00f8y til \u00e5 b\u00e5de planlegge og visualisere byggeprosessen i 3D. Ved hjelp av BIM kan du dele klar og tydelig informasjon med alle som er involvert i prosjektet.<\/p>\n<\/div><\/div>\n<\/div>\n\n<\/div><\/div><div id=\"module-2\" class=\"braavos-module braavos-module-wysiwyg braavos-module-2 module-theme-none module-spacing-none\"><div class=\"braavos-module-inner\">\n<div class=\"braavos-content\">\n\t<p>For oss er det viktig \u00e5 kunne stille moderne og enkle verkt\u00f8y til disposisjon for arkitekter og designere for en mer effektiv og b\u00e6rekraftig byggeprosess. Gjennom BIM-objekter skapes en direktekobling mellom produkter og foreskrivende ledd innen byggebransjen, og man f\u00e5r et perfekt verkt\u00f8y til planlegging og visualisering av byggeprosessen. P\u00e5 denne m\u00e5ten kan Weland samle all informasjon p\u00e5 ett sted og opprette en felles informasjonskilde som alle de involverte i bygningsprosessen har tilgang til. Gjennom BIM-objekter tilbyr Weland en effektiv l\u00f8sning som inkluderer en fullstendig digitalisert informasjonskanal, med visualisering av en helhetlig l\u00f8sning som dekker alt fra id\u00e9 til ferdig produkt.<\/p>\n<p>For mer informasjon om v\u00e5re BIM-objekter, <a href=\"https:\/\/www.welandstal.se\/?page_id=13424\">kontakt oss<\/a>.<\/p>\n<p><a class=\"button button--outline\" href=\"https:\/\/www.bimobject.com\/en\/welandstal\" target=\"_blank\" rel=\"noopener\">Se v\u00e5re BIM-objekter<\/a><\/p>\n<\/div>\n<\/div><\/div><\/html>\n","protected":false},"excerpt":{"rendered":"<p>Hjem BIMBygningsinformasjonsmodellering, BIM, er et verkt\u00f8y til \u00e5 b\u00e5de planlegge og visualisere byggeprosessen i 3D. Ved hjelp av BIM kan [&hellip;]<\/p>\n","protected":false},"author":3,"featured_media":0,"parent":13709,"menu_order":0,"comment_status":"closed","ping_status":"closed","template":"modules-page.php","meta":{"_acf_changed":false,"footnotes":""},"class_list":["post-13729","page","type-page","status-publish","hentry"],"acf":[],"_links":{"self":[{"href":"https:\/\/www.welandstal.se\/no\/wp-json\/wp\/v2\/pages\/13729","targetHints":{"allow":["GET"]}}],"collection":[{"href":"https:\/\/www.welandstal.se\/no\/wp-json\/wp\/v2\/pages"}],"about":[{"href":"https:\/\/www.welandstal.se\/no\/wp-json\/wp\/v2\/types\/page"}],"author":[{"embeddable":true,"href":"https:\/\/www.welandstal.se\/no\/wp-json\/wp\/v2\/users\/3"}],"replies":[{"embeddable":true,"href":"https:\/\/www.welandstal.se\/no\/wp-json\/wp\/v2\/comments?post=13729"}],"version-history":[{"count":2,"href":"https:\/\/www.welandstal.se\/no\/wp-json\/wp\/v2\/pages\/13729\/revisions"}],"predecessor-version":[{"id":13733,"href":"https:\/\/www.welandstal.se\/no\/wp-json\/wp\/v2\/pages\/13729\/revisions\/13733"}],"up":[{"embeddable":true,"href":"https:\/\/www.welandstal.se\/no\/wp-json\/wp\/v2\/pages\/13709"}],"wp:attachment":[{"href":"https:\/\/www.welandstal.se\/no\/wp-json\/wp\/v2\/media?parent=13729"}],"curies":[{"name":"wp","href":"https:\/\/api.w.org\/{rel}","templated":true}]}}