{"id":23356,"date":"2023-08-25T08:35:05","date_gmt":"2023-08-25T06:35:05","guid":{"rendered":"https:\/\/www.welandstal.se\/?page_id=23356"},"modified":"2025-11-19T15:51:24","modified_gmt":"2025-11-19T14:51:24","slug":"belastningsberegning-av-snofangere","status":"publish","type":"page","link":"https:\/\/www.welandstal.se\/no\/kunnskapsbank\/snosoner-og-belastningsberegning-for-snofangere\/belastningsberegning-av-snofangere\/","title":{"rendered":"Belastningsberegning av sn\u00f8fangere"},"content":{"rendered":"<!DOCTYPE html>\n<html><meta http-equiv=\"Content-Type\" content=\"text\/html; charset=utf-8\"><div id=\"module-0\" class=\"braavos-module braavos-module-weland_breadcrumbs braavos-module-0 module-spacing-none\"><div class=\"braavos-module-inner\">\n<div class=\"braavos-breadcrumbs\">\n\t<nav aria-label=\"breadcrumbs\" class=\"rank-math-breadcrumb\"><p id=\"breadcrumbs\"><span class=\"last\">Hjem<\/span><\/p><\/nav><\/div>\n\n<\/div><\/div><div id=\"module-1\" class=\"braavos-module braavos-module-hero braavos-module-1 module-theme-light module-width-full content-position-left module-spacing-none\"><div class=\"braavos-module-inner\">\n\n<div class=\"braavos-background\">\n\n\t<img loading=\"lazy\" decoding=\"async\" width=\"1024\" height=\"682\" src=\"https:\/\/www.welandstal.se\/content\/uploads\/2023\/05\/be00002617_160201-small-1024x682.jpg\" class=\"braavos-background__image braavos-image wide responsive\" alt=\"\" style=\"object-position:41.47% 50.56%\" sizes=\"auto, (min-width: px) 100vw, 100vw\" srcset=\"https:\/\/www.welandstal.se\/content\/uploads\/2023\/05\/be00002617_160201-small-1024x682.jpg 1024w, https:\/\/www.welandstal.se\/content\/uploads\/2023\/05\/be00002617_160201-small-300x200.jpg 300w, https:\/\/www.welandstal.se\/content\/uploads\/2023\/05\/be00002617_160201-small-768x512.jpg 768w, https:\/\/www.welandstal.se\/content\/uploads\/2023\/05\/be00002617_160201-small-1536x1024.jpg 1536w, https:\/\/www.welandstal.se\/content\/uploads\/2023\/05\/be00002617_160201-small-600x400.jpg 600w, https:\/\/www.welandstal.se\/content\/uploads\/2023\/05\/be00002617_160201-small.jpg 2000w\">\n<\/div>\n\n\n\n<div class=\"braavos-foreground\">\n\n\t<div class=\"braavos-foreground__content\"><h1 class=\"h3 braavos-heading braavos-hero_heading\">Belastningsberegning av sn\u00f8fangere<\/h1><div class=\"braavos-hero_body-text\"><p>En sn\u00f8fanger som kun dekker deler av taket blir ofte overbelastet. Under finner du beregning for disse.<\/p>\n<\/div><\/div>\n<\/div>\n\n<\/div><\/div><div id=\"module-2\" class=\"braavos-module braavos-module-wysiwyg braavos-module-2 module-theme-none module-spacing-none\"><div class=\"braavos-module-inner\">\n<div class=\"braavos-content\">\n\t<h3>Beregne c\/c m\u00e5l mellom konsollene (innfestningene til taket)<\/h3>\n<form id=\"wsBerCC\" name=\"wsBerCC\">\n<div class=\"weland-miniconfigurators\">\n<div class=\"weland-miniconfigurators_form\">\n<div class=\"weland-miniconfigurators_field\">\n                <label for=\"snozon\">Sn\u00f8sone<\/label><br>\n                <input class=\"inputTxtSmall\" id=\"Text1\" type=\"text\" name=\"snozon\">\n            <\/div>\n<div class=\"weland-miniconfigurators_field\">\n                <label for=\"taklutning\">Takvinkel (\u00b0)<\/label><br>\n                <input class=\"inputTxtSmall\" id=\"Text2\" type=\"text\" name=\"taklutning\">\n            <\/div>\n<div class=\"weland-miniconfigurators_field\">\n                <label for=\"langdtakfall\">Lengde p\u00e5 takfall (m)<\/label><br>\n                <input class=\"inputTxtSmall\" id=\"Text3\" type=\"text\" name=\"langdtakfall\">\n            <\/div>\n<p>            <button class=\"button\" id=\"console-distances\" type=\"submit\" name=\"Button3\">Beregn<\/button>\n        <\/p><\/div>\n<div class=\"weland-miniconfigurators_result\">\n<div class=\"weland-miniconfigurators_field\">\n                <label for=\"ccmattetSadel\">Resultat <strong>saltak<\/strong>:<\/label><br>\n                <input class=\"inputTxtSmall\" id=\"Text4Sadel\" type=\"text\" name=\"ccmattetSadel\"><br>\n                <i><small>c\/c \u2013 m\u00e5l (mm)<\/small><\/i>\n            <\/div>\n<div class=\"weland-miniconfigurators_field\">\n                <label for=\"ccmattet\">Resultat <strong>pulttak<\/strong>:<\/label><br>\n                <input class=\"inputTxtSmall\" id=\"Text4\" type=\"text\" name=\"ccmattet\"><br>\n                <i><small>c\/c \u2013 m\u00e5l (mm)<\/small><\/i>\n            <\/div>\n<\/div>\n<\/div>\n<\/form>\n<\/div>\n<\/div><\/div><div id=\"module-3\" class=\"braavos-module braavos-module-wysiwyg braavos-module-3 module-theme-light module-spacing-none\"><div class=\"braavos-module-inner\">\n<div class=\"braavos-content\">\n\t<h3>Avstandstabell<\/h3>\n<p>Lengste tillatte avstand mellom sn\u00f8fangere i meter beregnet etter sn\u00f8lastens grunnverdi. Avstandstabell for sn\u00f8fangere i henhold til SS83 13 35: 2017 utgave 4 med sn\u00f8soner og formfaktorer i henhold til Eurokode SS-EN1991-1-3 og BFS 2019:1 EKS 11.<\/p>\n<p>Tabellene under viser maksimal avstand mellom sn\u00f8fangerradene i meter p\u00e5 skr\u00e5tak beregnet p\u00e5 sn\u00f8lastens grunnverdi og c\/c m\u00e5l 1200mm p\u00e5 innfestningene.<\/p>\n<p>OBS! Beregningene p\u00e5 avstand mellom sn\u00f8fangere er ulike p\u00e5 saltak og pulptak.<\/p>\n<p><em>OBS! Om du angir en sn\u00f8sone som et desimaltall vennligst bruk punktum som desimaltegn for eksempel <strong>4.5<\/strong>.<\/em><\/p>\n<p><!-- This file should primarily consist of HTML with a little bit of PHP. --><\/p>\n<form id=\"maxAvstandForm\">\n<div class=\"weland-miniconfigurators\">\n<div class=\"weland-miniconfigurators_form\">\n<div class=\"weland-miniconfigurators_field\">\n                <label for=\"taklutning\">Takvinkel (\u00b0):<\/label><br>\n                <input type=\"text\" name=\"taklutning2\" id=\"taklutning\" class=\"inputTxtSmall\">\n            <\/div>\n<div class=\"weland-miniconfigurators_field\">\n                <label for=\"snozon\">Sn\u00f8sone:<\/label><br>\n                <input type=\"text\" name=\"snozon2\" id=\"snozon\" class=\"inputTxtSmall\">\n            <\/div>\n<p>            <input type=\"button\" name=\"getMaxAvstand\" id=\"getMaxAvstand\" value=\"Beregn maks avstand\" class=\"button\">\n        <\/p><\/div>\n<div class=\"weland-miniconfigurators_result\">\n<div class=\"weland-miniconfigurators_field\">\n                <label for=\"maxAvstand\">Maks. avstand <strong>saltak<\/strong>:<\/label><br>\n                <input type=\"text\" name=\"maxAvstandSadel\" id=\"maxAvstandSadel\" class=\"inputTxtSmall\" disabled>\n            <\/div>\n<div class=\"weland-miniconfigurators_field\">\n                <label for=\"maxAvstand\">Maks. avstand <strong>pulttak<\/strong>:<\/label><br>\n                <input type=\"text\" name=\"maxAvstand\" id=\"maxAvstand\" class=\"inputTxtSmall\" disabled>\n            <\/div>\n<\/div>\n<\/div>\n<div class=\"warning\" id=\"taklutningVarning\" style=\"display:none;\">\n<h4>MERK!<\/h4>\n<p>Ved takvinkler over 55\u00b0 antar vi en formfaktor p\u00e5 0,8, som ikke er dekket av SS-EN 1991-1-3 som kun spesifiserer verdier opp til 55 grader.<\/p>\n<\/div>\n<\/form>\n<\/div>\n<\/div><\/div><div id=\"module-4\" class=\"braavos-module braavos-module-wysiwyg braavos-module-4 module-theme-none module-spacing-none\"><div class=\"braavos-module-inner\">\n<div class=\"braavos-content\">\n\t<h3 style=\"text-align: center;\">Sn\u00f8lastsoner<\/h3>\n<p>Norge er inndelt i sn\u00f8soner. Her finner du ett hjelpemiddel for for \u00e5 finne riktig sn\u00f8sone. Informasjonen hjelper deg \u00e5 dimensjonere og avstandsberegne dine sn\u00f8fangere.<\/p>\n<p>En sn\u00f8fanger som kun dekker deler av taket blir ofte overbelastet. Under finner du beregning for disse.<\/p>\n<p><a href=\"https:\/\/www.welandstal.se\/no\/kunnskapsbank\/beregning-av-korte-snofangere\/\">Beregning av korte sn\u00f8fangere<\/a><\/p>\n<\/div>\n<\/div><\/div><div id=\"module-5\" class=\"braavos-module braavos-module-columns braavos-module-5 module-layout-grid item-layout-card columns-2 module-spacing-default\"><div class=\"braavos-module-inner\">\n\n<div class=\"braavos-posts\">\n\n\t\n\t\t\t\t\t\n\t\t\t\n\t\t\t\t\t\t<article class=\"braavos-post\">\n\n\t\t\t\t\t<img loading=\"lazy\" decoding=\"async\" width=\"768\" height=\"560\" src=\"https:\/\/www.welandstal.se\/content\/uploads\/2025\/10\/max-avstand-mellan-snorasskydd-for-sadeltak-m-768x560-nb-no.png\" class=\"braavos-image braavos-post__image\" alt=\"\" style=\"object-position:50% 50%\" sizes=\"auto, (min-width: 768px) 50vw, (min-width: px) 0px, 50vw\" srcset=\"https:\/\/www.welandstal.se\/content\/uploads\/2025\/10\/max-avstand-mellan-snorasskydd-for-sadeltak-m-768x560-nb-no.png 768w, https:\/\/www.welandstal.se\/content\/uploads\/2025\/10\/max-avstand-mellan-snorasskydd-for-sadeltak-m-768x560-nb-no-300x219.png 300w, https:\/\/www.welandstal.se\/content\/uploads\/2025\/10\/max-avstand-mellan-snorasskydd-for-sadeltak-m-768x560-nb-no-600x438.png 600w\"><h3 class=\"braavos-post__title\">Maks avstand mellom sn\u00f8fangere for saltak (m)<\/h3>\n\t\t\t<\/article>\n\n\t\t\t\n\t\t\t\t\t\n\t\t\t\n\t\t\t\t\t\t<article class=\"braavos-post\">\n\n\t\t\t\t\t<img loading=\"lazy\" decoding=\"async\" width=\"768\" height=\"558\" src=\"https:\/\/www.welandstal.se\/content\/uploads\/2025\/10\/max-avstand-mellan-snorasskydd-for-pulpettak-m-768x558-nb-no.png\" class=\"braavos-image braavos-post__image\" alt=\"\" style=\"object-position:50% 50%\" sizes=\"auto, (min-width: 768px) 50vw, (min-width: px) 0px, 50vw\" srcset=\"https:\/\/www.welandstal.se\/content\/uploads\/2025\/10\/max-avstand-mellan-snorasskydd-for-pulpettak-m-768x558-nb-no.png 768w, https:\/\/www.welandstal.se\/content\/uploads\/2025\/10\/max-avstand-mellan-snorasskydd-for-pulpettak-m-768x558-nb-no-300x218.png 300w, https:\/\/www.welandstal.se\/content\/uploads\/2025\/10\/max-avstand-mellan-snorasskydd-for-pulpettak-m-768x558-nb-no-600x436.png 600w\"><h3 class=\"braavos-post__title\">Maks avstand mellom sn\u00f8fangere for pulttak (m)<\/h3>\n\t\t\t<\/article>\n\n\t\t\t\n\t\t\n\t\n<\/div>\n\n<\/div><\/div><\/html>\n","protected":false},"excerpt":{"rendered":"<p>Sverige \u00e4r indelat i sn\u00f6zoner ocks\u00e5 kallat sn\u00f6lastzoner. H\u00e4r finner du hj\u00e4lpmedel f\u00f6r att hitta r\u00e4tt sn\u00f6lastzon f\u00f6r en viss plats. Informationen hj\u00e4lper dig att dimensionera och avst\u00e5ndsber\u00e4kna dina sn\u00f6rasskydd.<\/p>\n","protected":false},"author":3,"featured_media":0,"parent":23355,"menu_order":0,"comment_status":"closed","ping_status":"closed","template":"modules-page.php","meta":{"_acf_changed":false,"footnotes":""},"class_list":["post-23356","page","type-page","status-publish","hentry"],"acf":[],"_links":{"self":[{"href":"https:\/\/www.welandstal.se\/no\/wp-json\/wp\/v2\/pages\/23356","targetHints":{"allow":["GET"]}}],"collection":[{"href":"https:\/\/www.welandstal.se\/no\/wp-json\/wp\/v2\/pages"}],"about":[{"href":"https:\/\/www.welandstal.se\/no\/wp-json\/wp\/v2\/types\/page"}],"author":[{"embeddable":true,"href":"https:\/\/www.welandstal.se\/no\/wp-json\/wp\/v2\/users\/3"}],"replies":[{"embeddable":true,"href":"https:\/\/www.welandstal.se\/no\/wp-json\/wp\/v2\/comments?post=23356"}],"version-history":[{"count":3,"href":"https:\/\/www.welandstal.se\/no\/wp-json\/wp\/v2\/pages\/23356\/revisions"}],"predecessor-version":[{"id":23445,"href":"https:\/\/www.welandstal.se\/no\/wp-json\/wp\/v2\/pages\/23356\/revisions\/23445"}],"up":[{"embeddable":true,"href":"https:\/\/www.welandstal.se\/no\/wp-json\/wp\/v2\/pages\/23355"}],"wp:attachment":[{"href":"https:\/\/www.welandstal.se\/no\/wp-json\/wp\/v2\/media?parent=23356"}],"curies":[{"name":"wp","href":"https:\/\/api.w.org\/{rel}","templated":true}]}}