{"id":23431,"date":"2023-08-25T11:47:57","date_gmt":"2023-08-25T09:47:57","guid":{"rendered":"https:\/\/www.welandstal.se\/?page_id=23431"},"modified":"2025-11-19T15:51:33","modified_gmt":"2025-11-19T14:51:33","slug":"beregning-av-korte-snofangere","status":"publish","type":"page","link":"https:\/\/www.welandstal.se\/no\/kunnskapsbank\/snosoner-og-belastningsberegning-for-snofangere\/beregning-av-korte-snofangere\/","title":{"rendered":"Beregning av korte sn\u00f8fangere"},"content":{"rendered":"<p>En sn\u00f8fanger som kun dekker deler av taket blir ofte overbelastet. Under finner du beregning for dette. Tast inn dine opplysninger og se om det kommer til \u00e5 holde. For \u00e5 styrke sn\u00f8fangerne kan avstanden mellom konsollene reduseres fra 1200mm til 600mm.<\/p>\n\n<!-- This file should primarily consist of HTML with a little bit of PHP. -->\n\n<form id=\"YttreKonsolForm\" name=\"YttreKonsolForm\" method=\"get\" action=\"\">\n        <fieldset>\n              <legend>Form<\/legend>\n              <table width=\"100%\"  border=\"0\" cellpadding=\"0\" cellspacing=\"0\" class=\"YttreKonsolTabell\">\n              \t<tr align=\"left\" valign=\"top\">\n                \t<td width=\"50%\">\n                    \t<table width=\"100%\" border=\"0\">\n                            <tr>\n                              <td><label for=\"taktypselect\">Taktype:<\/label><\/td>\n                              <td colspan=\"2\"><select name=\"taktypselect\" id=\"taktypselect\" class=\"{required:true}\" title=\"Vennligst velg taktype\" required>\n\t\t\t\t\t\t\t  \t<option value=\"\">--- Velg ---<\/option>\n\t\t\t\t\t\t\t\t<option value=\"1\">Saltak<\/option>\n\t\t\t\t\t\t\t\t<option value=\"2\">Pulttak<\/option>\n\t\t\t\t\t\t\t  <\/select><\/td>                             \n                            <\/tr>\n\t\t\t\t\t\t\t<tr>\n                              <td><label for=\"gv\">Angi grunnverdi for sn\u00f8last (<a href=\"default.asp?ID=SNOEZONER&sLang=sv-se\" target=\"_blank\">Finn din sn\u00f8sone<\/a>):<\/label><\/td>\n                              <td><input type=\"text\" name=\"gv\" id=\"gv\" title=\"Angi grunnverdi for sn\u00f8last (desimaler)\" decimalSpec required \/><\/td>\n                              <td>kN\/m\u00b2<\/td>\n                            <\/tr>\n                            <tr>\n                              <td><label for=\"grader\">Angi takvinkel (<strong>a<\/strong>):<\/label><\/td>\n                              <td><input type=\"text\" name=\"grader\" data-info=\"floatdataAlfa\" id=\"grader\" title=\"Angi takvinkel (desimaler)\" decimalSpec required\/><\/td>\n                              <td>grader<\/td>\n                            <\/tr>\n                            <tr>\n                              <td><label for=\"langd\">Angi lengden p\u00e5 takfallet (<strong>y<\/strong>):<\/label><\/td>\n                              <td><input type=\"text\" name=\"langd\" data-info=\"floatdataY\" id=\"langd\" title=\"Angi lengden p\u00e5 takfallet (desimaler)\" decimalSpec required\/><\/td>\n                              <td>m<\/td>\n                            <\/tr>\n                            <tr>\n                              <td><label for=\"avstandGavelKonsol\">St\u00f8rste avstand fra gavl til ytterste konsoll (<strong>x<\/strong>):<\/label><\/td>\n                              <td><input type=\"text\" name=\"avstandGavelKonsol\" data-info=\"floatdataX\" id=\"avstandGavelKonsol\" title=\"Angi st\u00f8rste avstand fra gavl til ytterste konsoll (desimaler)\" decimalSpec required\/><\/td>\n                              <td>m<\/td>\n                            <\/tr>\n                            <tr>\n                              <td><label for=\"cc\">Angi c\/c konsoller (<strong>cc<\/strong>):<\/label><\/td>\n                              <td><input type=\"text\" name=\"cc\" data-info=\"floatdataCC\" id=\"cc\" title=\"Angi c\/c konsoller (desimaler)\" decimalSpec required\/><\/td>\n                              <td>m<\/td>\n                            <\/tr>\n                             <tr>\n                              <td><label for=\"z\">Maks. utkraging p\u00e5 sn\u00f8fanger utenfor ytterste konsoll (<strong>z<\/strong>):<\/label><\/td>\n                              <td><input type=\"text\" name=\"z\" data-info=\"floatdataZ\" id=\"z\" title=\"Angi overheng (desimaler)\" decimalSpec required\/><\/td>\n                              <td>m<\/td>\n                            <\/tr>\n                            <input type=\"hidden\" name=\"maxLast\" id=\"maxLast\" value=\"6\" \/> \n                            <tr>\n                              <td><label for=\"maxLast\">Maks. belastning p\u00e5 konsoll:<\/label><\/td>\n                              <td colspan=\"2\">6 kN<\/td>\n                             \n                            <\/tr>\n                            <tr>\n                              <td colspan=\"3\"><p>I henhold til EN 1991-1-3:2003 5.3.2 (2) gjelder verdiene i tabell 5.2 for sn\u00f8 som ikke er hindret fra \u00e5 gli av taket.<\/p>\n                                <!--p>F&ouml;r tak med sn&ouml;rasskydd eller andra hinder eller d&auml;r takfot &auml;r f&ouml;rsedd med br&ouml;stning e.d b&ouml;r formfaktorn (\u00b51) inte v&auml;ljas l&auml;gre &auml;n 0,8.<\/p--><\/td>\n                            <\/tr>\n                            <input type=\"hidden\" name=\"alt\" id=\"alt\" value=\"1\" \/>\n                            <!--tr>                               <td>Skall ber&auml;kning ta h&auml;nsyn till detta?<\/td>                               <td colspan=\"2\"><input type=\"radio\" checked=\"checked\" name=\"alt\" id=\"alt1\" value=\"1\" title=\"Var god v\u00e4lj flervalsalternativet.\" class=\"{required:true}\"\/>                                 <label for=\"alt\">Ja<\/label>                                 <input type=\"radio\" name=\"alt\" id=\"alt2\" value=\"2\"\/>                                 <label for=\"alt\">Nej<\/label><\/td>                             <\/tr-->\n              \t\t\t<\/table>\n                  \t\t<input type=\"button\" value=\"Vis resultat\" id=\"updateBtn\" \/>                  \t\t\n\t\t\t\t\t<\/td>\n              \t\t<td width=\"50%\">\n                    \t<div class=\"yttrekonsolImgContainer\">\n                        <img loading=\"lazy\" decoding=\"async\" src=\"https:\/\/www.welandstal.se\/content\/plugins\/weland-miniconfigurators\/public\/partials\/\/images\/_snorasskyddberakning.png\" width=\"450\" height=\"272\" \/>\n                        <div class=\"floatdata alfa\" id=\"floatdataAlfa\"><p><span class=\"data\"><\/span><span class=\"enhet\">\u00b0<\/span><span class=\"sign\">a<\/span><\/p><\/div>\n                        <div class=\"floatdata z\" id=\"floatdataZ\"><p><span class=\"data\"><\/span><span class=\"enhet\">m<\/span><span class=\"sign\">z<\/span><\/p><\/div>\n                        <div class=\"floatdata y\" id=\"floatdataY\"><p><span class=\"data\"><\/span><span class=\"enhet\">m<\/span><span class=\"sign\">y<\/span><\/p><\/div>\n                         <div class=\"floatdata cc\" id=\"floatdataCC\"><p><span class=\"data\"><\/span><span class=\"enhet\">m<\/span><span class=\"sign\">cc<\/span><\/p><\/div>\n                        <div class=\"floatdata x\" id=\"floatdataX\"><p><span class=\"data\"><\/span><span class=\"enhet\">m<\/span><span class=\"sign\">x<\/span><\/p><\/div>\n                      <\/div>\n                        <p><img loading=\"lazy\" decoding=\"async\" src=\"https:\/\/www.welandstal.se\/content\/plugins\/weland-miniconfigurators\/public\/partials\/\/images\/snorasskyddBerakningIkon.gif\" width=\"15\" height=\"15\" \/> = Beregnet flate for last p\u00e5 ytterste b\u00f8yle osv. p\u00e5 kort sn\u00f8r\u00f8mming.<\/p>\n            \t\t\t<p>\u00a0<\/p>\n           \t\t\t\t\n              \t<\/td>\n            <\/tr>\n            <tr align=\"left\" valign=\"top\">\n\t\t\t\t<td colspan=\"2\">\n                \t\n                    <div class=\"error ui-state-error ui-corner-all\" style=\"padding: 0 .7em; margin-top:10px;\">\n                      \t<h4>G\u00e5 frem som f\u00f8lger for \u00e5 f\u00e5 et resultat:<\/h4>\n                            <ol>\n                            <\/ol>                    \t\n                    <\/div>\n                <\/td>\n\t\t\t<\/tr>\n             <tr align=\"left\" valign=\"top\">\n\t\t\t\t<td colspan=\"2\">\n                \t<div style=\"padding: 0.7em; margin-top:10px;display:none;\" id=\"resutTbl\" class=\"ui-state-highlight ui-corner-all\">\n                    <table width=\"100%\" border=\"0\">\n                  \t\t\t<tr>\n                \t\t\t\t<th colspan=\"2\"><h4>RESULTAT<\/h4>\n                                \n                                <hr \/><\/th>\n                  \t\t\t<\/tr>\n                  \t\t\t<!--tr>                 \t\t\t\t<td width=\"200\">&mu;1 =<\/td>                 \t\t\t\t<td><span id=\"MYDiv\"><\/span><\/td>               \t\t\t\t<\/tr-->\n                  \t\t\t<tr>\n                                <td width=\"200\"><img loading=\"lazy\" decoding=\"async\" src=\"https:\/\/www.welandstal.se\/content\/plugins\/weland-miniconfigurators\/public\/partials\/\/images\/snorasskyddBerakningIkon.gif\" alt=\"\" width=\"15\" height=\"15\" \/> Areal  = <\/td>\n                                <td><span id=\"AreaDiv\"><\/span>\u00a0m\u00b2<\/td>                               \n                          \t<\/tr>\n                  \t\t\t<tr>\n                                <td>Beregnet last p\u00e5 ytterste konsoll:<\/td>\n                                <td><span id=\"PDiv\"><\/span>\u00a0Kn<\/td>\n                                \n              \t\t\t\t<\/tr>\n                  \t\t\t<tr>\n                            <td colspan=\"2\">\n                            \t<hr \/>\n                                <div class=\"OK_NOTOK\" id=\"OKdiv\">\n                                \t<h4>Det er tillatt \u00e5 bruke en kort sn\u00f8fanger<\/h4>\n                              \t<\/div>\n                                <div class=\"OK_NOTOK\" id=\"NOTOKdiv\">\n                                \t<h4>Det er IKKE tillatt \u00e5 bruke en kort sn\u00f8fanger<\/h4>\n                              \t<\/div>\n                            <\/td>\n              \t\t\t<\/tr>\n                \t<\/table>\n                    <\/div>\n                <\/td>\n             <\/tr>\n\t\t<\/table>\n\t<\/fieldset>\n<\/form>\n","protected":false},"excerpt":{"rendered":"<p>En sn\u00f8fanger som kun dekker deler av taket blir ofte overbelastet. Under finner du beregning for dette. Tast inn dine [&hellip;]<\/p>\n","protected":false},"author":3,"featured_media":0,"parent":23355,"menu_order":0,"comment_status":"closed","ping_status":"closed","template":"","meta":{"_acf_changed":false,"footnotes":""},"class_list":["post-23431","page","type-page","status-publish","hentry"],"acf":[],"_links":{"self":[{"href":"https:\/\/www.welandstal.se\/no\/wp-json\/wp\/v2\/pages\/23431","targetHints":{"allow":["GET"]}}],"collection":[{"href":"https:\/\/www.welandstal.se\/no\/wp-json\/wp\/v2\/pages"}],"about":[{"href":"https:\/\/www.welandstal.se\/no\/wp-json\/wp\/v2\/types\/page"}],"author":[{"embeddable":true,"href":"https:\/\/www.welandstal.se\/no\/wp-json\/wp\/v2\/users\/3"}],"replies":[{"embeddable":true,"href":"https:\/\/www.welandstal.se\/no\/wp-json\/wp\/v2\/comments?post=23431"}],"version-history":[{"count":2,"href":"https:\/\/www.welandstal.se\/no\/wp-json\/wp\/v2\/pages\/23431\/revisions"}],"predecessor-version":[{"id":23433,"href":"https:\/\/www.welandstal.se\/no\/wp-json\/wp\/v2\/pages\/23431\/revisions\/23433"}],"up":[{"embeddable":true,"href":"https:\/\/www.welandstal.se\/no\/wp-json\/wp\/v2\/pages\/23355"}],"wp:attachment":[{"href":"https:\/\/www.welandstal.se\/no\/wp-json\/wp\/v2\/media?parent=23431"}],"curies":[{"name":"wp","href":"https:\/\/api.w.org\/{rel}","templated":true}]}}