{"id":1746,"date":"2023-03-24T07:59:00","date_gmt":"2023-03-24T06:59:00","guid":{"rendered":"http:\/\/www.welandstal.se\/product\/laktfaste-taks-45x70-mm-lakt-zm\/"},"modified":"2024-02-01T08:49:50","modified_gmt":"2024-02-01T07:49:50","slug":"laktfaste-taks-45x70-mm-lakt-zm","status":"publish","type":"product","link":"https:\/\/www.welandstal.se\/no\/artikel\/laktfaste-taks-45x70-mm-lakt-zm\/","title":{"rendered":"L\u00e4ktf\u00e4ste taks. 45&#215;70 mm l\u00e4kt zm"},"content":{"rendered":"","protected":false},"excerpt":{"rendered":"","protected":false},"featured_media":13030,"template":"","meta":{"_acf_changed":false},"product_brand":[],"product_cat":[328],"product_tag":[],"class_list":{"0":"post-1746","1":"product","2":"type-product","3":"status-publish","4":"has-post-thumbnail","7":"first","8":"instock","9":"shipping-taxable","10":"purchasable","11":"product-type-simple"},"acf":[],"_links":{"self":[{"href":"https:\/\/www.welandstal.se\/no\/wp-json\/wp\/v2\/product\/1746","targetHints":{"allow":["GET"]}}],"collection":[{"href":"https:\/\/www.welandstal.se\/no\/wp-json\/wp\/v2\/product"}],"about":[{"href":"https:\/\/www.welandstal.se\/no\/wp-json\/wp\/v2\/types\/product"}],"wp:featuredmedia":[{"embeddable":true,"href":"https:\/\/www.welandstal.se\/no\/wp-json\/wp\/v2\/media\/13030"}],"wp:attachment":[{"href":"https:\/\/www.welandstal.se\/no\/wp-json\/wp\/v2\/media?parent=1746"}],"wp:term":[{"taxonomy":"product_brand","embeddable":true,"href":"https:\/\/www.welandstal.se\/no\/wp-json\/wp\/v2\/product_brand?post=1746"},{"taxonomy":"product_cat","embeddable":true,"href":"https:\/\/www.welandstal.se\/no\/wp-json\/wp\/v2\/product_cat?post=1746"},{"taxonomy":"product_tag","embeddable":true,"href":"https:\/\/www.welandstal.se\/no\/wp-json\/wp\/v2\/product_tag?post=1746"}],"curies":[{"name":"wp","href":"https:\/\/api.w.org\/{rel}","templated":true}]}}