{"id":2454,"date":"2023-03-24T08:02:40","date_gmt":"2023-03-24T07:02:40","guid":{"rendered":"http:\/\/www.welandstal.se\/product\/galvhal-i-rackesror-i-andan\/"},"modified":"2024-02-01T08:50:45","modified_gmt":"2024-02-01T07:50:45","slug":"galvhal-i-rackesror-i-andan","status":"publish","type":"product","link":"https:\/\/www.welandstal.se\/no\/artikel\/galvhal-i-rackesror-i-andan\/","title":{"rendered":"Galvh\u00e5l i r\u00e4ckesr\u00f6r (i \u00e4ndan)"},"content":{"rendered":"","protected":false},"excerpt":{"rendered":"","protected":false},"featured_media":0,"template":"","meta":{"_acf_changed":false},"product_brand":[],"product_cat":[328],"product_tag":[],"class_list":{"0":"post-2454","1":"product","2":"type-product","3":"status-publish","6":"first","7":"instock","8":"shipping-taxable","9":"purchasable","10":"product-type-simple"},"acf":[],"_links":{"self":[{"href":"https:\/\/www.welandstal.se\/no\/wp-json\/wp\/v2\/product\/2454","targetHints":{"allow":["GET"]}}],"collection":[{"href":"https:\/\/www.welandstal.se\/no\/wp-json\/wp\/v2\/product"}],"about":[{"href":"https:\/\/www.welandstal.se\/no\/wp-json\/wp\/v2\/types\/product"}],"wp:attachment":[{"href":"https:\/\/www.welandstal.se\/no\/wp-json\/wp\/v2\/media?parent=2454"}],"wp:term":[{"taxonomy":"product_brand","embeddable":true,"href":"https:\/\/www.welandstal.se\/no\/wp-json\/wp\/v2\/product_brand?post=2454"},{"taxonomy":"product_cat","embeddable":true,"href":"https:\/\/www.welandstal.se\/no\/wp-json\/wp\/v2\/product_cat?post=2454"},{"taxonomy":"product_tag","embeddable":true,"href":"https:\/\/www.welandstal.se\/no\/wp-json\/wp\/v2\/product_tag?post=2454"}],"curies":[{"name":"wp","href":"https:\/\/api.w.org\/{rel}","templated":true}]}}