{"id":3029,"date":"2023-03-24T08:05:59","date_gmt":"2023-03-24T07:05:59","guid":{"rendered":"http:\/\/www.welandstal.se\/product\/masvinge-koppling-42mm-racke-rod\/"},"modified":"2024-02-01T08:51:27","modified_gmt":"2024-02-01T07:51:27","slug":"masvinge-koppling-42mm-racke-rod","status":"publish","type":"product","link":"https:\/\/www.welandstal.se\/no\/artikel\/masvinge-koppling-42mm-racke-rod\/","title":{"rendered":"M\u00e5svinge koppling 42mm r\u00e4cke r\u00f6d"},"content":{"rendered":"","protected":false},"excerpt":{"rendered":"","protected":false},"featured_media":0,"template":"","meta":{"_acf_changed":false},"product_brand":[],"product_cat":[327],"product_tag":[],"class_list":{"0":"post-3029","1":"product","2":"type-product","3":"status-publish","6":"first","7":"instock","8":"shipping-taxable","9":"purchasable","10":"product-type-simple"},"acf":[],"_links":{"self":[{"href":"https:\/\/www.welandstal.se\/no\/wp-json\/wp\/v2\/product\/3029","targetHints":{"allow":["GET"]}}],"collection":[{"href":"https:\/\/www.welandstal.se\/no\/wp-json\/wp\/v2\/product"}],"about":[{"href":"https:\/\/www.welandstal.se\/no\/wp-json\/wp\/v2\/types\/product"}],"wp:attachment":[{"href":"https:\/\/www.welandstal.se\/no\/wp-json\/wp\/v2\/media?parent=3029"}],"wp:term":[{"taxonomy":"product_brand","embeddable":true,"href":"https:\/\/www.welandstal.se\/no\/wp-json\/wp\/v2\/product_brand?post=3029"},{"taxonomy":"product_cat","embeddable":true,"href":"https:\/\/www.welandstal.se\/no\/wp-json\/wp\/v2\/product_cat?post=3029"},{"taxonomy":"product_tag","embeddable":true,"href":"https:\/\/www.welandstal.se\/no\/wp-json\/wp\/v2\/product_tag?post=3029"}],"curies":[{"name":"wp","href":"https:\/\/api.w.org\/{rel}","templated":true}]}}