{"id":4015,"date":"2023-03-24T08:11:02","date_gmt":"2023-03-24T07:11:02","guid":{"rendered":"http:\/\/www.welandstal.se\/product\/dubbelfaste-till-markfaste-o60\/"},"modified":"2024-02-01T08:52:51","modified_gmt":"2024-02-01T07:52:51","slug":"dubbelfaste-till-markfaste-o60","status":"publish","type":"product","link":"https:\/\/www.welandstal.se\/no\/artikel\/dubbelfaste-till-markfaste-o60\/","title":{"rendered":"Dubbelf\u00e4ste till markf\u00e4ste \u00d860"},"content":{"rendered":"","protected":false},"excerpt":{"rendered":"","protected":false},"featured_media":0,"template":"","meta":{"_acf_changed":false},"product_brand":[],"product_cat":[328],"product_tag":[],"class_list":{"0":"post-4015","1":"product","2":"type-product","3":"status-publish","6":"first","7":"instock","8":"shipping-taxable","9":"purchasable","10":"product-type-simple"},"acf":[],"_links":{"self":[{"href":"https:\/\/www.welandstal.se\/no\/wp-json\/wp\/v2\/product\/4015","targetHints":{"allow":["GET"]}}],"collection":[{"href":"https:\/\/www.welandstal.se\/no\/wp-json\/wp\/v2\/product"}],"about":[{"href":"https:\/\/www.welandstal.se\/no\/wp-json\/wp\/v2\/types\/product"}],"wp:attachment":[{"href":"https:\/\/www.welandstal.se\/no\/wp-json\/wp\/v2\/media?parent=4015"}],"wp:term":[{"taxonomy":"product_brand","embeddable":true,"href":"https:\/\/www.welandstal.se\/no\/wp-json\/wp\/v2\/product_brand?post=4015"},{"taxonomy":"product_cat","embeddable":true,"href":"https:\/\/www.welandstal.se\/no\/wp-json\/wp\/v2\/product_cat?post=4015"},{"taxonomy":"product_tag","embeddable":true,"href":"https:\/\/www.welandstal.se\/no\/wp-json\/wp\/v2\/product_tag?post=4015"}],"curies":[{"name":"wp","href":"https:\/\/api.w.org\/{rel}","templated":true}]}}