{"id":932,"date":"2023-03-24T07:55:20","date_gmt":"2023-03-24T06:55:20","guid":{"rendered":"http:\/\/www.welandstal.se\/product\/gangjarnsfaste-vagg-vfz\/"},"modified":"2024-02-01T08:47:57","modified_gmt":"2024-02-01T07:47:57","slug":"gangjarnsfaste-vagg-vfz","status":"publish","type":"product","link":"https:\/\/www.welandstal.se\/no\/artikel\/gangjarnsfaste-vagg-vfz\/","title":{"rendered":"G\u00e5ngj\u00e4rnsf\u00e4ste v\u00e4gg vfz"},"content":{"rendered":"","protected":false},"excerpt":{"rendered":"","protected":false},"featured_media":5901,"template":"","meta":{"_acf_changed":false},"product_brand":[],"product_cat":[328],"product_tag":[],"class_list":{"0":"post-932","1":"product","2":"type-product","3":"status-publish","4":"has-post-thumbnail","7":"first","8":"instock","9":"shipping-taxable","10":"purchasable","11":"product-type-simple"},"acf":[],"_links":{"self":[{"href":"https:\/\/www.welandstal.se\/no\/wp-json\/wp\/v2\/product\/932","targetHints":{"allow":["GET"]}}],"collection":[{"href":"https:\/\/www.welandstal.se\/no\/wp-json\/wp\/v2\/product"}],"about":[{"href":"https:\/\/www.welandstal.se\/no\/wp-json\/wp\/v2\/types\/product"}],"wp:featuredmedia":[{"embeddable":true,"href":"https:\/\/www.welandstal.se\/no\/wp-json\/wp\/v2\/media\/5901"}],"wp:attachment":[{"href":"https:\/\/www.welandstal.se\/no\/wp-json\/wp\/v2\/media?parent=932"}],"wp:term":[{"taxonomy":"product_brand","embeddable":true,"href":"https:\/\/www.welandstal.se\/no\/wp-json\/wp\/v2\/product_brand?post=932"},{"taxonomy":"product_cat","embeddable":true,"href":"https:\/\/www.welandstal.se\/no\/wp-json\/wp\/v2\/product_cat?post=932"},{"taxonomy":"product_tag","embeddable":true,"href":"https:\/\/www.welandstal.se\/no\/wp-json\/wp\/v2\/product_tag?post=932"}],"curies":[{"name":"wp","href":"https:\/\/api.w.org\/{rel}","templated":true}]}}