{"id":968,"date":"2023-03-24T07:55:30","date_gmt":"2023-03-24T06:55:30","guid":{"rendered":"http:\/\/www.welandstal.se\/product\/lasning-avslutning-3-ror-gra\/"},"modified":"2024-02-01T08:47:59","modified_gmt":"2024-02-01T07:47:59","slug":"lasning-avslutning-3-ror-gra","status":"publish","type":"product","link":"https:\/\/www.welandstal.se\/no\/artikel\/lasning-avslutning-3-ror-gra\/","title":{"rendered":"L\u00e5sning-avslutning 3 r\u00f6r gr\u00e5"},"content":{"rendered":"","protected":false},"excerpt":{"rendered":"","protected":false},"featured_media":0,"template":"","meta":{"_acf_changed":false},"product_brand":[],"product_cat":[328],"product_tag":[],"class_list":{"0":"post-968","1":"product","2":"type-product","3":"status-publish","6":"first","7":"instock","8":"shipping-taxable","9":"purchasable","10":"product-type-simple"},"acf":[],"_links":{"self":[{"href":"https:\/\/www.welandstal.se\/no\/wp-json\/wp\/v2\/product\/968","targetHints":{"allow":["GET"]}}],"collection":[{"href":"https:\/\/www.welandstal.se\/no\/wp-json\/wp\/v2\/product"}],"about":[{"href":"https:\/\/www.welandstal.se\/no\/wp-json\/wp\/v2\/types\/product"}],"wp:attachment":[{"href":"https:\/\/www.welandstal.se\/no\/wp-json\/wp\/v2\/media?parent=968"}],"wp:term":[{"taxonomy":"product_brand","embeddable":true,"href":"https:\/\/www.welandstal.se\/no\/wp-json\/wp\/v2\/product_brand?post=968"},{"taxonomy":"product_cat","embeddable":true,"href":"https:\/\/www.welandstal.se\/no\/wp-json\/wp\/v2\/product_cat?post=968"},{"taxonomy":"product_tag","embeddable":true,"href":"https:\/\/www.welandstal.se\/no\/wp-json\/wp\/v2\/product_tag?post=968"}],"curies":[{"name":"wp","href":"https:\/\/api.w.org\/{rel}","templated":true}]}}